{"id":5043,"date":"2018-02-06T18:48:29","date_gmt":"2018-02-06T17:48:29","guid":{"rendered":"https:\/\/varsys.przm.ch\/unsere-geschichte\/"},"modified":"2019-11-25T10:22:22","modified_gmt":"2019-11-25T09:22:22","slug":"our-story","status":"publish","type":"page","link":"https:\/\/varsys.ch\/de\/our-story\/","title":{"rendered":"UNSERE GESCHICHTE"},"content":{"rendered":"<div class=\"wpb-content-wrapper\"><p>[vc_row css=&#8220;.vc_custom_1519899077261{margin-top: 6% !important;margin-bottom: 5% !important;}&#8220;][vc_column][vc_column_text]<\/p>\n<div class=\"header-title\">\n<h1 style=\"text-align: center;\">UNSERE LIEBE F\u00dcR DIE SCHWEIZ<\/h1>\n<p class=\"pad10\" style=\"text-align: center;\">Gegr\u00fcndet in Luzern, fiel Anfang 2018 der Startschuss f\u00fcr VARSY\u2019S: Denn nach zwei Jahren intensiver Vorarbeit, tiefgreifender Recherche und der stetigen Weiterentwicklung unserer Prozesse waren wir soweit, mit unserem Herzblutprojekt an die \u00d6ffentlichkeit zu treten. Die Kernidee: Wir wollen die Legenden und Volkssagen der Schweiz, von denen wir glauben, dass sie sonst in staubigen B\u00fcchern vergessen werden und verloren gehen, wiederbeleben und neu zug\u00e4nglich machen.<br \/>\nDurch VARSY\u2019S hochwertige Produkte aus Schweizer Herstellung, sind die Legenden nicht nur wieder greifbar geworden, sondern k\u00f6nnen auch geteilt und weiterverschenkt werden &#8211; unter uns Schweizern, aber auch an Schweizliebhaber weltweit.<\/p>\n<div class=\"header-title-bot\"><\/div>\n<\/div>\n<p>[\/vc_column_text][\/vc_column][\/vc_row][vc_row][vc_column][vc_column_text]<\/p>\n<div class=\"banners-1\">\n<div class=\"container\">\n<div class=\"banner-box\" style=\"background: url('\/wp-content\/uploads\/2018\/04\/varsys_our_team_block.jpg');\">\n<div class=\"banner-box-square\" style=\"background: url('\/wp-content\/uploads\/2018\/04\/varsys_our_team_square.jpg');\"><\/div>\n<div class=\"banner-box-content\">\n<div class=\"banner-content\">\n<h1>UNSER TEAM<\/h1>\n<p>Wir sind ein internationales Team aus Geschichtenerz\u00e4hlern, Entdeckern und kreativen K\u00f6pfen. Wir lieben es, auf Entdeckungsreise nach grossartigen, spannenden Geschichten zu gehen, und haben zugleich tiefen Respekt vor ihrer tiefen Verwurzelung im kulturellen Erbe der Schweiz.<br \/>\n<a class=\"btn\" href=\"https:\/\/varsys.ch\/de\/our-story\/our-team\/\">WEITERLESEN<\/a><\/p>\n<\/div>\n<\/div>\n<\/div>\n<\/div>\n<\/div>\n<p>[\/vc_column_text][\/vc_column][\/vc_row][vc_row][vc_column][vc_column_text]<\/p>\n<div class=\"banners-2 \">\n<div class=\"container\">\n<div class=\"banner-box\" style=\"background: url('\/wp-content\/uploads\/2018\/02\/what-drives-us.jpg');\">\n<div class=\"banner-box-square\" style=\"background: url('\/wp-content\/uploads\/2018\/02\/what-drives-us.jpg');\"><\/div>\n<div class=\"banner-box-content\">\n<div class=\"banner-content\">\n<h1>WAS<br \/>\nUNS BEWEGT<\/h1>\n<p>Legenden f\u00fcr diese und nachfolgende Generationen zu bewahren und weiterzutragen, das ist unsere Leidenschaft.<br \/>\n<a class=\"btn\" href=\"https:\/\/varsys.ch\/de\/our-story\/what-drives-us\/\">WEITERLESEN<\/a><\/p>\n<\/div>\n<\/div>\n<\/div>\n<\/div>\n<\/div>\n<p>[\/vc_column_text][\/vc_column][\/vc_row][vc_row][vc_column][vc_column_text]<\/p>\n<div class=\"banners-1 dark\">\n<div class=\"container\">\n<div class=\"banner-box\" style=\"background: url('\/wp-content\/uploads\/2018\/02\/craftmanship_dark.png');\">\n<div class=\"banner-box-square\" style=\"background: url('\/wp-content\/uploads\/2018\/02\/craftmanship_dark.png');\"><\/div>\n<div class=\"banner-box-content\">\n<div class=\"banner-content\">\n<h1>HANDWERKSKUNST<\/h1>\n<p>Wir entwerfen Produkte, die nicht nur sch\u00f6n anzuschauen, sondern auch nachhaltig hergestellt sind &#8211; und eine tiefe Bedeutung haben.<br \/>\n<a class=\"btn\" href=\"https:\/\/varsys.ch\/de\/our-story\/craftsmanship\/\">WEITERLESEN<\/a><\/p>\n<\/div>\n<\/div>\n<\/div>\n<\/div>\n<\/div>\n<p>[\/vc_column_text][\/vc_column][\/vc_row][vc_row][vc_column][vc_column_text]<\/p>\n<div class=\"banners-2 dark\">\n<div class=\"container\">\n<div class=\"banner-box\" style=\"background: url('\/wp-content\/uploads\/2018\/02\/ambassadors-and-partners.jpg');\">\n<div class=\"banner-box-square\" style=\"background: url('\/wp-content\/uploads\/2018\/02\/ambassadors-and-partners.jpg');\"><\/div>\n<div class=\"banner-box-content\">\n<div class=\"banner-content\">\n<h1>UNSERE BOTSCHAFTER<br \/>\nUND PARTNER<\/h1>\n<p>Wir haben uns mit k\u00fcnstlerisch und kreativ Schaffenden, akademisch Arbeitenden wie auch aussergew\u00f6hnlichen Organisationen zusammengetan, die unsere Liebe zur Schweiz teilen.<\/p>\n<\/div>\n<\/div>\n<\/div>\n<\/div>\n<\/div>\n<p>[\/vc_column_text][\/vc_column][\/vc_row][vc_row][vc_column][vc_column_text]<\/p>\n<div class=\"banners-1\">\n<div class=\"container\">\n<div class=\"banner-box\" style=\"background: url('\/wp-content\/uploads\/2018\/02\/news-and-media_banner.jpg');\">\n<div class=\"banner-box-square\" style=\"background: url('\/wp-content\/uploads\/2018\/02\/news-and-media_banner.jpg');\"><\/div>\n<div class=\"banner-box-content\">\n<div class=\"banner-content\">\n<h1>AKTUELLES UND MEDIEN<\/h1>\n<p>Wir halten Sie auf dem Laufenden: Hier erhalten Sie alle Neuigkeiten von VARSY\u2019S und finden zus\u00e4tzlich weitere interessante Geschichten, kulturelle Hinweise und Veranstaltungstipps aus der Schweiz.<br \/>\n<a class=\"btn\" href=\"https:\/\/varsys.ch\/de\/aktuelles-medien\/\">WEITERLESEN<\/a><\/p>\n<\/div>\n<\/div>\n<\/div>\n<\/div>\n<\/div>\n<p>[\/vc_column_text][\/vc_column][\/vc_row]<\/p>\n<\/div>","protected":false},"excerpt":{"rendered":"<p>[vc_row css=&#8220;.vc_custom_1519899077261{margin-top: 6% !important;margin-bottom: 5% !important;}&#8220;][vc_column][vc_column_text] UNSERE LIEBE F\u00dcR DIE SCHWEIZ Gegr\u00fcndet in Luzern, fiel Anfang 2018 der Startschuss f\u00fcr VARSY\u2019S: Denn nach zwei Jahren intensiver Vorarbeit, tiefgreifender Recherche und der stetigen Weiterentwicklung unserer Prozesse waren wir soweit, mit unserem Herzblutprojekt an die \u00d6ffentlichkeit zu treten. Die Kernidee: Wir wollen die Legenden und Volkssagen der<\/p>\n","protected":false},"author":70,"featured_media":0,"parent":0,"menu_order":0,"comment_status":"closed","ping_status":"closed","template":"","meta":{"_acf_changed":false,"inline_featured_image":false,"footnotes":""},"class_list":["post-5043","page","type-page","status-publish","hentry"],"acf":[],"yoast_head":"<!-- This site is optimized with the Yoast SEO Premium plugin v26.9 (Yoast SEO v27.3) - https:\/\/yoast.com\/product\/yoast-seo-premium-wordpress\/ -->\n<title>UNSERE GESCHICHTE &#8212; VARSY&#039;S Legenden der Schweiz<\/title>\n<meta name=\"description\" content=\"UNSERE LIEBE F\u00dcR DIE SCHWEIZ Gegr\u00fcndet in Luzern, fiel Anfang 2018 der Startschuss f\u00fcr VARSY\u2019S: Denn nach zwei Jahren intensiver Vorarbeit, tiefgreifender\" \/>\n<meta name=\"robots\" content=\"index, follow, max-snippet:-1, max-image-preview:large, max-video-preview:-1\" \/>\n<link rel=\"canonical\" href=\"https:\/\/varsys.ch\/de\/our-story\/\" \/>\n<meta property=\"og:locale\" content=\"de_DE\" \/>\n<meta property=\"og:type\" content=\"article\" \/>\n<meta property=\"og:title\" content=\"UNSERE GESCHICHTE\" \/>\n<meta property=\"og:description\" content=\"UNSERE LIEBE F\u00dcR DIE SCHWEIZ Gegr\u00fcndet in Luzern, fiel Anfang 2018 der Startschuss f\u00fcr VARSY\u2019S: Denn nach zwei Jahren intensiver Vorarbeit, tiefgreifender\" \/>\n<meta property=\"og:url\" content=\"https:\/\/varsys.ch\/de\/our-story\/\" \/>\n<meta property=\"og:site_name\" content=\"VARSY&#039;S Legenden der Schweiz\" \/>\n<meta property=\"article:publisher\" content=\"https:\/\/www.facebook.com\/varsys\/\" \/>\n<meta property=\"article:modified_time\" content=\"2019-11-25T09:22:22+00:00\" \/>\n<meta property=\"og:image\" content=\"https:\/\/varsys.ch\/wp-content\/uploads\/2018\/04\/Varsy4FB.png\" \/>\n\t<meta property=\"og:image:width\" content=\"1000\" \/>\n\t<meta property=\"og:image:height\" content=\"500\" \/>\n\t<meta property=\"og:image:type\" content=\"image\/png\" \/>\n<meta name=\"twitter:card\" content=\"summary_large_image\" \/>\n<meta name=\"twitter:label1\" content=\"Gesch\u00e4tzte Lesezeit\" \/>\n\t<meta name=\"twitter:data1\" content=\"2\u00a0Minuten\" \/>\n<script type=\"application\/ld+json\" class=\"yoast-schema-graph\">{\"@context\":\"https:\\\/\\\/schema.org\",\"@graph\":[{\"@type\":\"WebPage\",\"@id\":\"https:\\\/\\\/varsys.ch\\\/de\\\/our-story\\\/\",\"url\":\"https:\\\/\\\/varsys.ch\\\/de\\\/our-story\\\/\",\"name\":\"UNSERE GESCHICHTE &#8212; VARSY&#039;S Legenden der Schweiz\",\"isPartOf\":{\"@id\":\"https:\\\/\\\/varsys.ch\\\/de\\\/#website\"},\"datePublished\":\"2018-02-06T17:48:29+00:00\",\"dateModified\":\"2019-11-25T09:22:22+00:00\",\"description\":\"UNSERE LIEBE F\u00dcR DIE SCHWEIZ Gegr\u00fcndet in Luzern, fiel Anfang 2018 der Startschuss f\u00fcr VARSY\u2019S: Denn nach zwei Jahren intensiver Vorarbeit, tiefgreifender\",\"breadcrumb\":{\"@id\":\"https:\\\/\\\/varsys.ch\\\/de\\\/our-story\\\/#breadcrumb\"},\"inLanguage\":\"de\",\"potentialAction\":[{\"@type\":\"ReadAction\",\"target\":[\"https:\\\/\\\/varsys.ch\\\/de\\\/our-story\\\/\"]}]},{\"@type\":\"BreadcrumbList\",\"@id\":\"https:\\\/\\\/varsys.ch\\\/de\\\/our-story\\\/#breadcrumb\",\"itemListElement\":[{\"@type\":\"ListItem\",\"position\":1,\"name\":\"Home\",\"item\":\"https:\\\/\\\/varsys.ch\\\/de\\\/\"},{\"@type\":\"ListItem\",\"position\":2,\"name\":\"UNSERE GESCHICHTE\"}]},{\"@type\":\"WebSite\",\"@id\":\"https:\\\/\\\/varsys.ch\\\/de\\\/#website\",\"url\":\"https:\\\/\\\/varsys.ch\\\/de\\\/\",\"name\":\"VARSY&#039;S Legenden der Schweiz\",\"description\":\"VARSY&#039;S Legenden der Schweiz\",\"publisher\":{\"@id\":\"https:\\\/\\\/varsys.ch\\\/de\\\/#organization\"},\"potentialAction\":[{\"@type\":\"SearchAction\",\"target\":{\"@type\":\"EntryPoint\",\"urlTemplate\":\"https:\\\/\\\/varsys.ch\\\/de\\\/?s={search_term_string}\"},\"query-input\":{\"@type\":\"PropertyValueSpecification\",\"valueRequired\":true,\"valueName\":\"search_term_string\"}}],\"inLanguage\":\"de\"},{\"@type\":\"Organization\",\"@id\":\"https:\\\/\\\/varsys.ch\\\/de\\\/#organization\",\"name\":\"VARSY'S\",\"url\":\"https:\\\/\\\/varsys.ch\\\/de\\\/\",\"logo\":{\"@type\":\"ImageObject\",\"inLanguage\":\"de\",\"@id\":\"https:\\\/\\\/varsys.ch\\\/de\\\/#\\\/schema\\\/logo\\\/image\\\/\",\"url\":\"https:\\\/\\\/varsys.ch\\\/wp-content\\\/uploads\\\/2018\\\/04\\\/logo.svg\",\"contentUrl\":\"https:\\\/\\\/varsys.ch\\\/wp-content\\\/uploads\\\/2018\\\/04\\\/logo.svg\",\"width\":129,\"height\":117,\"caption\":\"VARSY'S\"},\"image\":{\"@id\":\"https:\\\/\\\/varsys.ch\\\/de\\\/#\\\/schema\\\/logo\\\/image\\\/\"},\"sameAs\":[\"https:\\\/\\\/www.facebook.com\\\/varsys\\\/\",\"https:\\\/\\\/www.instagram.com\\\/varsys\\\/\"],\"description\":\"Swiss-themed gift products celebrating Switzerland's traditions, landmarks, and culture.\"}]}<\/script>\n<!-- \/ Yoast SEO Premium plugin. -->","yoast_head_json":{"title":"UNSERE GESCHICHTE &#8212; VARSY&#039;S Legenden der Schweiz","description":"UNSERE LIEBE F\u00dcR DIE SCHWEIZ Gegr\u00fcndet in Luzern, fiel Anfang 2018 der Startschuss f\u00fcr VARSY\u2019S: Denn nach zwei Jahren intensiver Vorarbeit, tiefgreifender","robots":{"index":"index","follow":"follow","max-snippet":"max-snippet:-1","max-image-preview":"max-image-preview:large","max-video-preview":"max-video-preview:-1"},"canonical":"https:\/\/varsys.ch\/de\/our-story\/","og_locale":"de_DE","og_type":"article","og_title":"UNSERE GESCHICHTE","og_description":"UNSERE LIEBE F\u00dcR DIE SCHWEIZ Gegr\u00fcndet in Luzern, fiel Anfang 2018 der Startschuss f\u00fcr VARSY\u2019S: Denn nach zwei Jahren intensiver Vorarbeit, tiefgreifender","og_url":"https:\/\/varsys.ch\/de\/our-story\/","og_site_name":"VARSY&#039;S Legenden der Schweiz","article_publisher":"https:\/\/www.facebook.com\/varsys\/","article_modified_time":"2019-11-25T09:22:22+00:00","og_image":[{"width":1000,"height":500,"url":"https:\/\/varsys.ch\/wp-content\/uploads\/2018\/04\/Varsy4FB.png","type":"image\/png"}],"twitter_card":"summary_large_image","twitter_misc":{"Gesch\u00e4tzte Lesezeit":"2\u00a0Minuten"},"schema":{"@context":"https:\/\/schema.org","@graph":[{"@type":"WebPage","@id":"https:\/\/varsys.ch\/de\/our-story\/","url":"https:\/\/varsys.ch\/de\/our-story\/","name":"UNSERE GESCHICHTE &#8212; VARSY&#039;S Legenden der Schweiz","isPartOf":{"@id":"https:\/\/varsys.ch\/de\/#website"},"datePublished":"2018-02-06T17:48:29+00:00","dateModified":"2019-11-25T09:22:22+00:00","description":"UNSERE LIEBE F\u00dcR DIE SCHWEIZ Gegr\u00fcndet in Luzern, fiel Anfang 2018 der Startschuss f\u00fcr VARSY\u2019S: Denn nach zwei Jahren intensiver Vorarbeit, tiefgreifender","breadcrumb":{"@id":"https:\/\/varsys.ch\/de\/our-story\/#breadcrumb"},"inLanguage":"de","potentialAction":[{"@type":"ReadAction","target":["https:\/\/varsys.ch\/de\/our-story\/"]}]},{"@type":"BreadcrumbList","@id":"https:\/\/varsys.ch\/de\/our-story\/#breadcrumb","itemListElement":[{"@type":"ListItem","position":1,"name":"Home","item":"https:\/\/varsys.ch\/de\/"},{"@type":"ListItem","position":2,"name":"UNSERE GESCHICHTE"}]},{"@type":"WebSite","@id":"https:\/\/varsys.ch\/de\/#website","url":"https:\/\/varsys.ch\/de\/","name":"VARSY&#039;S Legenden der Schweiz","description":"VARSY&#039;S Legenden der Schweiz","publisher":{"@id":"https:\/\/varsys.ch\/de\/#organization"},"potentialAction":[{"@type":"SearchAction","target":{"@type":"EntryPoint","urlTemplate":"https:\/\/varsys.ch\/de\/?s={search_term_string}"},"query-input":{"@type":"PropertyValueSpecification","valueRequired":true,"valueName":"search_term_string"}}],"inLanguage":"de"},{"@type":"Organization","@id":"https:\/\/varsys.ch\/de\/#organization","name":"VARSY'S","url":"https:\/\/varsys.ch\/de\/","logo":{"@type":"ImageObject","inLanguage":"de","@id":"https:\/\/varsys.ch\/de\/#\/schema\/logo\/image\/","url":"https:\/\/varsys.ch\/wp-content\/uploads\/2018\/04\/logo.svg","contentUrl":"https:\/\/varsys.ch\/wp-content\/uploads\/2018\/04\/logo.svg","width":129,"height":117,"caption":"VARSY'S"},"image":{"@id":"https:\/\/varsys.ch\/de\/#\/schema\/logo\/image\/"},"sameAs":["https:\/\/www.facebook.com\/varsys\/","https:\/\/www.instagram.com\/varsys\/"],"description":"Swiss-themed gift products celebrating Switzerland's traditions, landmarks, and culture."}]}},"_links":{"self":[{"href":"https:\/\/varsys.ch\/de\/wp-json\/wp\/v2\/pages\/5043","targetHints":{"allow":["GET"]}}],"collection":[{"href":"https:\/\/varsys.ch\/de\/wp-json\/wp\/v2\/pages"}],"about":[{"href":"https:\/\/varsys.ch\/de\/wp-json\/wp\/v2\/types\/page"}],"author":[{"embeddable":true,"href":"https:\/\/varsys.ch\/de\/wp-json\/wp\/v2\/users\/70"}],"replies":[{"embeddable":true,"href":"https:\/\/varsys.ch\/de\/wp-json\/wp\/v2\/comments?post=5043"}],"version-history":[{"count":0,"href":"https:\/\/varsys.ch\/de\/wp-json\/wp\/v2\/pages\/5043\/revisions"}],"wp:attachment":[{"href":"https:\/\/varsys.ch\/de\/wp-json\/wp\/v2\/media?parent=5043"}],"curies":[{"name":"wp","href":"https:\/\/api.w.org\/{rel}","templated":true}]}}