{"id":5052,"date":"2018-02-06T20:22:49","date_gmt":"2018-02-06T19:22:49","guid":{"rendered":"https:\/\/varsys.przm.ch\/was-uns-bewegt\/"},"modified":"2019-11-25T10:25:58","modified_gmt":"2019-11-25T09:25:58","slug":"what-drives-us","status":"publish","type":"page","link":"https:\/\/varsys.ch\/de\/our-story\/what-drives-us\/","title":{"rendered":"Was uns bewegt"},"content":{"rendered":"<div class=\"wpb-content-wrapper\"><p>[vc_row css=&#8220;.vc_custom_1519899915644{margin-top: 6% !important;margin-bottom: 5% !important;}&#8220;][vc_column][vc_column_text]<\/p>\n<div class=\"header-title\">\n<h1 style=\"text-align: center;\">KREIEREN, ERKUNDEN, TEILEN<\/h1>\n<p class=\"pad10\" style=\"text-align: center;\">Wer sich einmal in die Welt der Schweizer Sagen und Legenden vorwagt, wird reich beschenkt: Denn die Schweiz kann zur\u00fcckblicken auf eine aussergew\u00f6hnlich ergiebige Kulturgeschichte voll stolzer Helden und Fabelwesen, wundersamen Begebenheit und sagenhaften Erz\u00e4hlungen, die zum Teil bis zur Antike zur\u00fcckverfolgt werden k\u00f6nnen. Tats\u00e4chlich lassen sich die wundervollsten Geschichten immer dort finden, wo man bereit ist, ein wenig genauer hinzusehen. Unsere Leidenschaft ist es, diese sagenhaften Erz\u00e4hlungen wiederzuentdecken und sie weiterzugeben. Mit unseren in der Schweiz hergestellten Produkten wollen wir sicherstellen, dass diese Perlen der Kulturgeschichte nicht verloren gehen.<\/p>\n<div class=\"header-title-bot\"><\/div>\n<\/div>\n<p>[\/vc_column_text][\/vc_column][\/vc_row][vc_row][vc_column][vc_column_text]<\/p>\n<div class=\"banners-1 dark\">\n<div class=\"container\">\n<div class=\"banner-box\" style=\"background: url('\/wp-content\/uploads\/2018\/02\/love-for-legends.jpg');\">\n<div class=\"banner-box-square\" style=\"background: url('\/wp-content\/uploads\/2018\/02\/love-for-legends.jpg');\"><\/div>\n<div class=\"banner-box-content\">\n<div class=\"banner-content\">\n<h1>UNSERE LIEBE F\u00dcR LEGENDEN<\/h1>\n<p>Wir glauben daran, dass Legenden grundlegende Bestandteile der Kultur und Geschichte eines Landes sind, die die Wertvorstellungen, W\u00fcnsche und Sehns\u00fcchte der Menschen widerspiegeln. Diese Geschichten sind der rote Faden, an dem kollektive Identit\u00e4t aus- und verhandelt wird. Im Gegensatz zu M\u00e4rchen sind Legenden es, die von realen Orten und echten Menschen erz\u00e4hlen und so den Br\u00fcckenschlag zwischen historischen Fakten und Fiktion schaffen. Und wer liebt schon nicht eine gute Geschichte?<\/p>\n<\/div>\n<\/div>\n<\/div>\n<\/div>\n<\/div>\n<p>[\/vc_column_text][\/vc_column][\/vc_row][vc_row][vc_column][vc_column_text]<\/p>\n<div class=\"banners-2 dark\">\n<div class=\"container\">\n<div class=\"banner-box\" style=\"background: url('\/wp-content\/uploads\/2018\/02\/LOVE-for-CULTURE-1.jpg');\">\n<div class=\"banner-box-square\" style=\"background: url('\/wp-content\/uploads\/2018\/02\/LOVE-for-CULTURE-1.jpg');\"><\/div>\n<div class=\"banner-box-content\">\n<div class=\"banner-content\">\n<h1>UNSERE LIEBE ZUR KULTUR<\/h1>\n<p>Die reiche Kulturgeschichte der Schweiz wollen wir nicht nur w\u00fcrdigen, wir wollen sie feiern &#8211; indem wir die Legenden, die sich \u00fcber Generationen und Jahrhunderte entwickelt haben, mit Ihnen teilen. Denn diese Geschichten, fundamental in der Schweizer Kultur verankert, verdienen es weitererz\u00e4hlt und erinnert zu werden.<\/p>\n<\/div>\n<\/div>\n<\/div>\n<\/div>\n<\/div>\n<p>[\/vc_column_text][\/vc_column][\/vc_row][vc_row][vc_column][vc_column_text]<\/p>\n<div class=\"banners-1\">\n<div class=\"container\">\n<div class=\"banner-box\" style=\"background: url('\/wp-content\/uploads\/2018\/02\/Love-for-sharing-1-1.jpg');\">\n<div class=\"banner-box-square\" style=\"background: url('\/wp-content\/uploads\/2018\/02\/Love-for-sharing-1-1.jpg');\"><\/div>\n<div class=\"banner-box-content\">\n<div class=\"banner-content\">\n<h1>UNSERE LIEBE ZUM TEILEN<\/h1>\n<p>Wir glauben daran, dass kulturelle Identit\u00e4t etwas Lebendiges ist, das nur durch gemeinsame Pflege und Weitergabe wachsen kann. Unsere modernen, k\u00fcnstlerisch liebevoll gestalteten Produkte sollen die Welt der Legenden und Sagen unterhaltsam und spielerisch erschliessen &#8211; denn wir m\u00f6chten, dass Sie die Geschichten weitergeben k\u00f6nnen, so dass sie auch f\u00fcr nachfolgende Generationen erhalten bleiben.<\/p>\n<\/div>\n<\/div>\n<\/div>\n<\/div>\n<\/div>\n<p>[\/vc_column_text][\/vc_column][\/vc_row]<\/p>\n<\/div>","protected":false},"excerpt":{"rendered":"<p>[vc_row css=&#8220;.vc_custom_1519899915644{margin-top: 6% !important;margin-bottom: 5% !important;}&#8220;][vc_column][vc_column_text] KREIEREN, ERKUNDEN, TEILEN Wer sich einmal in die Welt der Schweizer Sagen und Legenden vorwagt, wird reich beschenkt: Denn die Schweiz kann zur\u00fcckblicken auf eine aussergew\u00f6hnlich ergiebige Kulturgeschichte voll stolzer Helden und Fabelwesen, wundersamen Begebenheit und sagenhaften Erz\u00e4hlungen, die zum Teil bis zur Antike zur\u00fcckverfolgt werden k\u00f6nnen. Tats\u00e4chlich lassen<\/p>\n","protected":false},"author":70,"featured_media":0,"parent":5043,"menu_order":0,"comment_status":"closed","ping_status":"closed","template":"","meta":{"_acf_changed":false,"inline_featured_image":false,"footnotes":""},"class_list":["post-5052","page","type-page","status-publish","hentry"],"acf":[],"yoast_head":"<!-- This site is optimized with the Yoast SEO Premium plugin v26.9 (Yoast SEO v27.3) - https:\/\/yoast.com\/product\/yoast-seo-premium-wordpress\/ -->\n<title>Was uns bewegt &#8212; VARSY&#039;S Legenden der Schweiz<\/title>\n<meta name=\"description\" content=\"KREIEREN, ERKUNDEN, TEILEN Wer sich einmal in die Welt der Schweizer Sagen und Legenden vorwagt, wird reich beschenkt: Denn die Schweiz kann zur\u00fcckblicken\" \/>\n<meta name=\"robots\" content=\"index, follow, max-snippet:-1, max-image-preview:large, max-video-preview:-1\" \/>\n<link rel=\"canonical\" href=\"https:\/\/varsys.ch\/de\/our-story\/what-drives-us\/\" \/>\n<meta property=\"og:locale\" content=\"de_DE\" \/>\n<meta property=\"og:type\" content=\"article\" \/>\n<meta property=\"og:title\" content=\"Was uns bewegt\" \/>\n<meta property=\"og:description\" content=\"KREIEREN, ERKUNDEN, TEILEN Wer sich einmal in die Welt der Schweizer Sagen und Legenden vorwagt, wird reich beschenkt: Denn die Schweiz kann zur\u00fcckblicken\" \/>\n<meta property=\"og:url\" content=\"https:\/\/varsys.ch\/de\/our-story\/what-drives-us\/\" \/>\n<meta property=\"og:site_name\" content=\"VARSY&#039;S Legenden der Schweiz\" \/>\n<meta property=\"article:publisher\" content=\"https:\/\/www.facebook.com\/varsys\/\" \/>\n<meta property=\"article:modified_time\" content=\"2019-11-25T09:25:58+00:00\" \/>\n<meta property=\"og:image\" content=\"https:\/\/varsys.ch\/wp-content\/uploads\/2018\/04\/Varsy4FB.png\" \/>\n\t<meta property=\"og:image:width\" content=\"1000\" \/>\n\t<meta property=\"og:image:height\" content=\"500\" \/>\n\t<meta property=\"og:image:type\" content=\"image\/png\" \/>\n<meta name=\"twitter:card\" content=\"summary_large_image\" \/>\n<meta name=\"twitter:label1\" content=\"Gesch\u00e4tzte Lesezeit\" \/>\n\t<meta name=\"twitter:data1\" content=\"2\u00a0Minuten\" \/>\n<script type=\"application\/ld+json\" class=\"yoast-schema-graph\">{\"@context\":\"https:\\\/\\\/schema.org\",\"@graph\":[{\"@type\":\"WebPage\",\"@id\":\"https:\\\/\\\/varsys.ch\\\/de\\\/our-story\\\/what-drives-us\\\/\",\"url\":\"https:\\\/\\\/varsys.ch\\\/de\\\/our-story\\\/what-drives-us\\\/\",\"name\":\"Was uns bewegt &#8212; VARSY&#039;S Legenden der Schweiz\",\"isPartOf\":{\"@id\":\"https:\\\/\\\/varsys.ch\\\/de\\\/#website\"},\"datePublished\":\"2018-02-06T19:22:49+00:00\",\"dateModified\":\"2019-11-25T09:25:58+00:00\",\"description\":\"KREIEREN, ERKUNDEN, TEILEN Wer sich einmal in die Welt der Schweizer Sagen und Legenden vorwagt, wird reich beschenkt: Denn die Schweiz kann zur\u00fcckblicken\",\"breadcrumb\":{\"@id\":\"https:\\\/\\\/varsys.ch\\\/de\\\/our-story\\\/what-drives-us\\\/#breadcrumb\"},\"inLanguage\":\"de\",\"potentialAction\":[{\"@type\":\"ReadAction\",\"target\":[\"https:\\\/\\\/varsys.ch\\\/de\\\/our-story\\\/what-drives-us\\\/\"]}]},{\"@type\":\"BreadcrumbList\",\"@id\":\"https:\\\/\\\/varsys.ch\\\/de\\\/our-story\\\/what-drives-us\\\/#breadcrumb\",\"itemListElement\":[{\"@type\":\"ListItem\",\"position\":1,\"name\":\"Home\",\"item\":\"https:\\\/\\\/varsys.ch\\\/de\\\/\"},{\"@type\":\"ListItem\",\"position\":2,\"name\":\"UNSERE GESCHICHTE\",\"item\":\"https:\\\/\\\/varsys.ch\\\/de\\\/our-story\\\/\"},{\"@type\":\"ListItem\",\"position\":3,\"name\":\"Was uns bewegt\"}]},{\"@type\":\"WebSite\",\"@id\":\"https:\\\/\\\/varsys.ch\\\/de\\\/#website\",\"url\":\"https:\\\/\\\/varsys.ch\\\/de\\\/\",\"name\":\"VARSY&#039;S Legenden der Schweiz\",\"description\":\"VARSY&#039;S Legenden der Schweiz\",\"publisher\":{\"@id\":\"https:\\\/\\\/varsys.ch\\\/de\\\/#organization\"},\"potentialAction\":[{\"@type\":\"SearchAction\",\"target\":{\"@type\":\"EntryPoint\",\"urlTemplate\":\"https:\\\/\\\/varsys.ch\\\/de\\\/?s={search_term_string}\"},\"query-input\":{\"@type\":\"PropertyValueSpecification\",\"valueRequired\":true,\"valueName\":\"search_term_string\"}}],\"inLanguage\":\"de\"},{\"@type\":\"Organization\",\"@id\":\"https:\\\/\\\/varsys.ch\\\/de\\\/#organization\",\"name\":\"VARSY'S\",\"url\":\"https:\\\/\\\/varsys.ch\\\/de\\\/\",\"logo\":{\"@type\":\"ImageObject\",\"inLanguage\":\"de\",\"@id\":\"https:\\\/\\\/varsys.ch\\\/de\\\/#\\\/schema\\\/logo\\\/image\\\/\",\"url\":\"https:\\\/\\\/varsys.ch\\\/wp-content\\\/uploads\\\/2018\\\/04\\\/logo.svg\",\"contentUrl\":\"https:\\\/\\\/varsys.ch\\\/wp-content\\\/uploads\\\/2018\\\/04\\\/logo.svg\",\"width\":129,\"height\":117,\"caption\":\"VARSY'S\"},\"image\":{\"@id\":\"https:\\\/\\\/varsys.ch\\\/de\\\/#\\\/schema\\\/logo\\\/image\\\/\"},\"sameAs\":[\"https:\\\/\\\/www.facebook.com\\\/varsys\\\/\",\"https:\\\/\\\/www.instagram.com\\\/varsys\\\/\"],\"description\":\"Swiss-themed gift products celebrating Switzerland's traditions, landmarks, and culture.\"}]}<\/script>\n<!-- \/ Yoast SEO Premium plugin. -->","yoast_head_json":{"title":"Was uns bewegt &#8212; VARSY&#039;S Legenden der Schweiz","description":"KREIEREN, ERKUNDEN, TEILEN Wer sich einmal in die Welt der Schweizer Sagen und Legenden vorwagt, wird reich beschenkt: Denn die Schweiz kann zur\u00fcckblicken","robots":{"index":"index","follow":"follow","max-snippet":"max-snippet:-1","max-image-preview":"max-image-preview:large","max-video-preview":"max-video-preview:-1"},"canonical":"https:\/\/varsys.ch\/de\/our-story\/what-drives-us\/","og_locale":"de_DE","og_type":"article","og_title":"Was uns bewegt","og_description":"KREIEREN, ERKUNDEN, TEILEN Wer sich einmal in die Welt der Schweizer Sagen und Legenden vorwagt, wird reich beschenkt: Denn die Schweiz kann zur\u00fcckblicken","og_url":"https:\/\/varsys.ch\/de\/our-story\/what-drives-us\/","og_site_name":"VARSY&#039;S Legenden der Schweiz","article_publisher":"https:\/\/www.facebook.com\/varsys\/","article_modified_time":"2019-11-25T09:25:58+00:00","og_image":[{"width":1000,"height":500,"url":"https:\/\/varsys.ch\/wp-content\/uploads\/2018\/04\/Varsy4FB.png","type":"image\/png"}],"twitter_card":"summary_large_image","twitter_misc":{"Gesch\u00e4tzte Lesezeit":"2\u00a0Minuten"},"schema":{"@context":"https:\/\/schema.org","@graph":[{"@type":"WebPage","@id":"https:\/\/varsys.ch\/de\/our-story\/what-drives-us\/","url":"https:\/\/varsys.ch\/de\/our-story\/what-drives-us\/","name":"Was uns bewegt &#8212; VARSY&#039;S Legenden der Schweiz","isPartOf":{"@id":"https:\/\/varsys.ch\/de\/#website"},"datePublished":"2018-02-06T19:22:49+00:00","dateModified":"2019-11-25T09:25:58+00:00","description":"KREIEREN, ERKUNDEN, TEILEN Wer sich einmal in die Welt der Schweizer Sagen und Legenden vorwagt, wird reich beschenkt: Denn die Schweiz kann zur\u00fcckblicken","breadcrumb":{"@id":"https:\/\/varsys.ch\/de\/our-story\/what-drives-us\/#breadcrumb"},"inLanguage":"de","potentialAction":[{"@type":"ReadAction","target":["https:\/\/varsys.ch\/de\/our-story\/what-drives-us\/"]}]},{"@type":"BreadcrumbList","@id":"https:\/\/varsys.ch\/de\/our-story\/what-drives-us\/#breadcrumb","itemListElement":[{"@type":"ListItem","position":1,"name":"Home","item":"https:\/\/varsys.ch\/de\/"},{"@type":"ListItem","position":2,"name":"UNSERE GESCHICHTE","item":"https:\/\/varsys.ch\/de\/our-story\/"},{"@type":"ListItem","position":3,"name":"Was uns bewegt"}]},{"@type":"WebSite","@id":"https:\/\/varsys.ch\/de\/#website","url":"https:\/\/varsys.ch\/de\/","name":"VARSY&#039;S Legenden der Schweiz","description":"VARSY&#039;S Legenden der Schweiz","publisher":{"@id":"https:\/\/varsys.ch\/de\/#organization"},"potentialAction":[{"@type":"SearchAction","target":{"@type":"EntryPoint","urlTemplate":"https:\/\/varsys.ch\/de\/?s={search_term_string}"},"query-input":{"@type":"PropertyValueSpecification","valueRequired":true,"valueName":"search_term_string"}}],"inLanguage":"de"},{"@type":"Organization","@id":"https:\/\/varsys.ch\/de\/#organization","name":"VARSY'S","url":"https:\/\/varsys.ch\/de\/","logo":{"@type":"ImageObject","inLanguage":"de","@id":"https:\/\/varsys.ch\/de\/#\/schema\/logo\/image\/","url":"https:\/\/varsys.ch\/wp-content\/uploads\/2018\/04\/logo.svg","contentUrl":"https:\/\/varsys.ch\/wp-content\/uploads\/2018\/04\/logo.svg","width":129,"height":117,"caption":"VARSY'S"},"image":{"@id":"https:\/\/varsys.ch\/de\/#\/schema\/logo\/image\/"},"sameAs":["https:\/\/www.facebook.com\/varsys\/","https:\/\/www.instagram.com\/varsys\/"],"description":"Swiss-themed gift products celebrating Switzerland's traditions, landmarks, and culture."}]}},"_links":{"self":[{"href":"https:\/\/varsys.ch\/de\/wp-json\/wp\/v2\/pages\/5052","targetHints":{"allow":["GET"]}}],"collection":[{"href":"https:\/\/varsys.ch\/de\/wp-json\/wp\/v2\/pages"}],"about":[{"href":"https:\/\/varsys.ch\/de\/wp-json\/wp\/v2\/types\/page"}],"author":[{"embeddable":true,"href":"https:\/\/varsys.ch\/de\/wp-json\/wp\/v2\/users\/70"}],"replies":[{"embeddable":true,"href":"https:\/\/varsys.ch\/de\/wp-json\/wp\/v2\/comments?post=5052"}],"version-history":[{"count":0,"href":"https:\/\/varsys.ch\/de\/wp-json\/wp\/v2\/pages\/5052\/revisions"}],"up":[{"embeddable":true,"href":"https:\/\/varsys.ch\/de\/wp-json\/wp\/v2\/pages\/5043"}],"wp:attachment":[{"href":"https:\/\/varsys.ch\/de\/wp-json\/wp\/v2\/media?parent=5052"}],"curies":[{"name":"wp","href":"https:\/\/api.w.org\/{rel}","templated":true}]}}