{"id":5084,"date":"2018-02-07T13:36:34","date_gmt":"2018-02-07T12:36:34","guid":{"rendered":"https:\/\/varsys.przm.ch\/handwerkskunst\/"},"modified":"2019-11-25T10:01:03","modified_gmt":"2019-11-25T09:01:03","slug":"craftsmanship","status":"publish","type":"page","link":"https:\/\/varsys.ch\/de\/our-story\/craftsmanship\/","title":{"rendered":"Handwerkskunst"},"content":{"rendered":"<div class=\"wpb-content-wrapper\"><p>[vc_row css=&#8220;.vc_custom_1519899842148{margin-top: 6% !important;margin-bottom: 5% !important;}&#8220;][vc_column][vc_column_text]<\/p>\n<div class=\"header-title\">\n<h1 style=\"text-align: center;\">\u00c4STHETIK, BEDEUTUNG, NACHHALTIGKEIT<\/h1>\n<p class=\"pad10\" style=\"text-align: center;\">Alle unsere Produkte sind \u201cMade in Switzerland\u201d. Dabei folgen wir den h\u00f6chsten ethischen Standards, suchen unsere historischen Quellen und unsere Partner sorgsam aus und haben stets ein Auge aufs Detail, um sicherzustellen, dass unsere Produkte inhaltlich durch unsere gr\u00fcndliche Recherche, optisch durch ihr grossartiges Design, aber auch \u00f6kologisch durch ihre Haltbarkeit und nachhaltige Herstellung \u00fcberzeugen k\u00f6nnen.<\/p>\n<div class=\"header-title-bot\"><\/div>\n<\/div>\n<p>[\/vc_column_text][\/vc_column][\/vc_row][vc_row][vc_column][vc_column_text]<\/p>\n<div class=\"banners-2 dark\">\n<div class=\"container\">\n<div class=\"banner-box\" style=\"background: url('\/wp-content\/uploads\/2018\/02\/helping-others-1.jpg');\">\n<div class=\"banner-box-square\" style=\"background: url('\/wp-content\/uploads\/2018\/02\/helping-others-1.jpg');\"><\/div>\n<div class=\"banner-box-content\">\n<div class=\"banner-content\">\n<h1>NACHHALTIGKEIT<\/h1>\n<p>Die Erhaltung unserer Umwelt ist essenziell f\u00fcr unsere Kinder und nachfolgende Generationen. Deshalb benutzen wir umweltfreundliche und recyclebare Produkte, wann immer es m\u00f6glich ist. Unsere Papierwaren sind FSC\u00ae-zertifiziert, um sicherzustellen, dass sie aus verantwortungsbewusst betriebenen Forstwirtschaften kommen, die sich einem umweltfreundlichen, sozial und \u00f6konomisch bewussten Umgang verschrieben haben.<\/p>\n<\/div>\n<\/div>\n<\/div>\n<\/div>\n<\/div>\n<p>[\/vc_column_text][\/vc_column][\/vc_row][vc_row][vc_column][vc_column_text]<\/p>\n<div class=\"banners-1 dark\">\n<div class=\"container\">\n<div class=\"banner-box\" style=\"background: url('\/wp-content\/uploads\/2018\/02\/organic-chocolate-e1515664821104.jpg');\">\n<div class=\"banner-box-square\" style=\"background: url('\/wp-content\/uploads\/2018\/02\/organic-chocolate-e1515664821104.jpg');\"><\/div>\n<div class=\"banner-box-content\">\n<div class=\"banner-content\">\n<h1>BIO-SCHOKOLADE<\/h1>\n<p>Wir glauben daran, dass Essen gesund und nahrhaft sein sollte. Deswegen ist unsere Legend\u00e4re Schokolade als \u201cBio\u201d zertifiziert; sie enth\u00e4lt nur nat\u00fcrlichen, unraffinierten Rohrzucker, keine Konservierungsstoffe, GMOs, Farbstoffe oder Emulgatoren.<\/p>\n<\/div>\n<\/div>\n<\/div>\n<\/div>\n<\/div>\n<p>[\/vc_column_text][\/vc_column][\/vc_row][vc_row][vc_column][vc_column_text]<\/p>\n<div class=\"banners-2 dark\">\n<div class=\"container\">\n<div class=\"banner-box\" style=\"background: url('\/wp-content\/uploads\/2018\/02\/global-support.jpg');\">\n<div class=\"banner-box-square\" style=\"background: url('\/wp-content\/uploads\/2018\/02\/global-support.jpg');\"><\/div>\n<div class=\"banner-box-content\">\n<div class=\"banner-content\">\n<h1>FAIRTRADE ZUTATEN<\/h1>\n<p>Unsere Legend\u00e4re Schokolade ist als \u201cFAIRTRADE\u201d zertifiziert und verbindet so Hersteller und Konsumenten in dem gemeinsamen Anliegen, bessere Handelsbedingungen und eine angemessene Bezahlung f\u00fcr Kleinbauerfamilien zu erm\u00f6glichen, wodurch diesen die M\u00f6glichkeit gegeben wird, eine bessere Zukunft f\u00fcr sich und ihre Familien aufzubauen. Fairtrade ist f\u00fcr Konsumenten ausserdem ein ebenso einfacher wie einflussreicher Weg, durch ihr allt\u00e4gliches Kaufverhalten Armut nachhaltig zu bek\u00e4mpfen.<\/p>\n<\/div>\n<\/div>\n<\/div>\n<\/div>\n<\/div>\n<p>[\/vc_column_text][\/vc_column][\/vc_row][vc_row][vc_column][vc_column_text]<\/p>\n<div class=\"banners-1\">\n<div class=\"container\">\n<div class=\"banner-box\" style=\"background: url('\/wp-content\/uploads\/2018\/02\/artwork.jpg');\">\n<div class=\"banner-box-square\" style=\"background: url('\/wp-content\/uploads\/2018\/02\/artwork.jpg');\"><\/div>\n<div class=\"banner-box-content\">\n<div class=\"banner-content\">\n<h1>EINZIGARTIGE KUNSTWERKE<\/h1>\n<p>Unsere einzigartigen Illustrationen verbinden die fantastische Legendenwelt aus mythischer Vergangenheit mit der Jetztzeit des Ortes, an dem sie spielen. So finden sich Fabelwesen und Sagenhelden neben repr\u00e4sentativen Geb\u00e4uden moderner Stadtarchitektur oder wiedererkennbaren topografischen Charakteristika. Dazu nehmen wir umfassende und sorgf\u00e4ltige Recherchearbeiten bis ins Detail vor, um das, was jeden Ort wirklich ausmacht, auch richtig zu erfassen.<\/p>\n<\/div>\n<\/div>\n<\/div>\n<\/div>\n<\/div>\n<p>[\/vc_column_text][\/vc_column][\/vc_row][vc_row][vc_column][vc_column_text]<\/p>\n<div class=\"banners-2 dark\">\n<div class=\"container\">\n<div class=\"banner-box\" style=\"background: url('\/wp-content\/uploads\/2018\/02\/solid-wood-e1515748250418.jpg');\">\n<div class=\"banner-box-square\" style=\"background: url('\/wp-content\/uploads\/2018\/02\/solid-wood-e1515748250418.jpg');\"><\/div>\n<div class=\"banner-box-content\">\n<div class=\"banner-content\">\n<h1>MASSIVHOLZ<\/h1>\n<p>Jede unserer Limited Edition Legendenboxen wird aus einem einzigen St\u00fcck massiven Buchenholz hergestellt. So entsteht ein luxuri\u00f6ses und kostbares Artefakt unseren kulturellen Erbes, das f\u00fcr Generationen halten wird. Die zarte Holzmaserung, die dank unserer speziellen Drucktechnik hindurch sichtbar bleibt, wird so zum ebenso subtilen wie edlen Hintergrund unserer Kunstdrucke.<\/p>\n<\/div>\n<\/div>\n<\/div>\n<\/div>\n<\/div>\n<p>[\/vc_column_text][\/vc_column][\/vc_row][vc_row][vc_column][vc_column_text]<\/p>\n<div class=\"banners-1 dark\">\n<div class=\"container\">\n<div class=\"banner-box\" style=\"background: url('\/wp-content\/uploads\/2018\/02\/childsafe-1.jpg');\">\n<div class=\"banner-box-square\" style=\"background: url('\/wp-content\/uploads\/2018\/02\/childsafe-1.jpg');\"><\/div>\n<div class=\"banner-box-content\">\n<div class=\"banner-content\">\n<h1>KINDERSICHER<\/h1>\n<p>Die haltbare Druckfarbe auf unserer Legendenbox Classic und Legendenbox Limited Edition ist als \u201cGREENGUARD Gold\u201d zertifiziert, was bedeutet, dass diese kindersicher und umweltfreundlich ist. Das Sicherheitssiegel folgt dabei strengen Auflagen und garantiert damit, dass anf\u00e4lligere oder empfindlichere Personen wie Kinder oder \u00e4ltere Menschen nicht beeintr\u00e4chtigt werden. Dadurch k\u00f6nnen unsere Produkte auch in Schulen oder Bereichen der Gesundheitspflege eingesetzt werden.<\/p>\n<\/div>\n<\/div>\n<\/div>\n<\/div>\n<\/div>\n<p>[\/vc_column_text][\/vc_column][\/vc_row]<\/p>\n<\/div>","protected":false},"excerpt":{"rendered":"<p>[vc_row css=&#8220;.vc_custom_1519899842148{margin-top: 6% !important;margin-bottom: 5% !important;}&#8220;][vc_column][vc_column_text] \u00c4STHETIK, BEDEUTUNG, NACHHALTIGKEIT Alle unsere Produkte sind \u201cMade in Switzerland\u201d. Dabei folgen wir den h\u00f6chsten ethischen Standards, suchen unsere historischen Quellen und unsere Partner sorgsam aus und haben stets ein Auge aufs Detail, um sicherzustellen, dass unsere Produkte inhaltlich durch unsere gr\u00fcndliche Recherche, optisch durch ihr grossartiges Design, aber<\/p>\n","protected":false},"author":70,"featured_media":0,"parent":5043,"menu_order":0,"comment_status":"closed","ping_status":"closed","template":"","meta":{"_acf_changed":false,"inline_featured_image":false,"footnotes":""},"class_list":["post-5084","page","type-page","status-publish","hentry"],"acf":[],"yoast_head":"<!-- This site is optimized with the Yoast SEO Premium plugin v26.9 (Yoast SEO v27.3) - https:\/\/yoast.com\/product\/yoast-seo-premium-wordpress\/ -->\n<title>Handwerkskunst &#8212; VARSY&#039;S Legenden der Schweiz<\/title>\n<meta name=\"description\" content=\"\u00c4STHETIK, BEDEUTUNG, NACHHALTIGKEIT Alle unsere Produkte sind \u201cMade in Switzerland\u201d. Dabei folgen wir den h\u00f6chsten ethischen Standards, suchen unsere\" \/>\n<meta name=\"robots\" content=\"index, follow, max-snippet:-1, max-image-preview:large, max-video-preview:-1\" \/>\n<link rel=\"canonical\" href=\"https:\/\/varsys.ch\/de\/our-story\/craftsmanship\/\" \/>\n<meta property=\"og:locale\" content=\"de_DE\" \/>\n<meta property=\"og:type\" content=\"article\" \/>\n<meta property=\"og:title\" content=\"Handwerkskunst\" \/>\n<meta property=\"og:description\" content=\"\u00c4STHETIK, BEDEUTUNG, NACHHALTIGKEIT Alle unsere Produkte sind \u201cMade in Switzerland\u201d. Dabei folgen wir den h\u00f6chsten ethischen Standards, suchen unsere\" \/>\n<meta property=\"og:url\" content=\"https:\/\/varsys.ch\/de\/our-story\/craftsmanship\/\" \/>\n<meta property=\"og:site_name\" content=\"VARSY&#039;S Legenden der Schweiz\" \/>\n<meta property=\"article:publisher\" content=\"https:\/\/www.facebook.com\/varsys\/\" \/>\n<meta property=\"article:modified_time\" content=\"2019-11-25T09:01:03+00:00\" \/>\n<meta property=\"og:image\" content=\"https:\/\/varsys.ch\/wp-content\/uploads\/2018\/04\/Varsy4FB.png\" \/>\n\t<meta property=\"og:image:width\" content=\"1000\" \/>\n\t<meta property=\"og:image:height\" content=\"500\" \/>\n\t<meta property=\"og:image:type\" content=\"image\/png\" \/>\n<meta name=\"twitter:card\" content=\"summary_large_image\" \/>\n<meta name=\"twitter:label1\" content=\"Gesch\u00e4tzte Lesezeit\" \/>\n\t<meta name=\"twitter:data1\" content=\"3\u00a0Minuten\" \/>\n<script type=\"application\/ld+json\" class=\"yoast-schema-graph\">{\"@context\":\"https:\\\/\\\/schema.org\",\"@graph\":[{\"@type\":\"WebPage\",\"@id\":\"https:\\\/\\\/varsys.ch\\\/de\\\/our-story\\\/craftsmanship\\\/\",\"url\":\"https:\\\/\\\/varsys.ch\\\/de\\\/our-story\\\/craftsmanship\\\/\",\"name\":\"Handwerkskunst &#8212; VARSY&#039;S Legenden der Schweiz\",\"isPartOf\":{\"@id\":\"https:\\\/\\\/varsys.ch\\\/de\\\/#website\"},\"datePublished\":\"2018-02-07T12:36:34+00:00\",\"dateModified\":\"2019-11-25T09:01:03+00:00\",\"description\":\"\u00c4STHETIK, BEDEUTUNG, NACHHALTIGKEIT Alle unsere Produkte sind \u201cMade in Switzerland\u201d. Dabei folgen wir den h\u00f6chsten ethischen Standards, suchen unsere\",\"breadcrumb\":{\"@id\":\"https:\\\/\\\/varsys.ch\\\/de\\\/our-story\\\/craftsmanship\\\/#breadcrumb\"},\"inLanguage\":\"de\",\"potentialAction\":[{\"@type\":\"ReadAction\",\"target\":[\"https:\\\/\\\/varsys.ch\\\/de\\\/our-story\\\/craftsmanship\\\/\"]}]},{\"@type\":\"BreadcrumbList\",\"@id\":\"https:\\\/\\\/varsys.ch\\\/de\\\/our-story\\\/craftsmanship\\\/#breadcrumb\",\"itemListElement\":[{\"@type\":\"ListItem\",\"position\":1,\"name\":\"Home\",\"item\":\"https:\\\/\\\/varsys.ch\\\/de\\\/\"},{\"@type\":\"ListItem\",\"position\":2,\"name\":\"UNSERE GESCHICHTE\",\"item\":\"https:\\\/\\\/varsys.ch\\\/de\\\/our-story\\\/\"},{\"@type\":\"ListItem\",\"position\":3,\"name\":\"Handwerkskunst\"}]},{\"@type\":\"WebSite\",\"@id\":\"https:\\\/\\\/varsys.ch\\\/de\\\/#website\",\"url\":\"https:\\\/\\\/varsys.ch\\\/de\\\/\",\"name\":\"VARSY&#039;S Legenden der Schweiz\",\"description\":\"VARSY&#039;S Legenden der Schweiz\",\"publisher\":{\"@id\":\"https:\\\/\\\/varsys.ch\\\/de\\\/#organization\"},\"potentialAction\":[{\"@type\":\"SearchAction\",\"target\":{\"@type\":\"EntryPoint\",\"urlTemplate\":\"https:\\\/\\\/varsys.ch\\\/de\\\/?s={search_term_string}\"},\"query-input\":{\"@type\":\"PropertyValueSpecification\",\"valueRequired\":true,\"valueName\":\"search_term_string\"}}],\"inLanguage\":\"de\"},{\"@type\":\"Organization\",\"@id\":\"https:\\\/\\\/varsys.ch\\\/de\\\/#organization\",\"name\":\"VARSY'S\",\"url\":\"https:\\\/\\\/varsys.ch\\\/de\\\/\",\"logo\":{\"@type\":\"ImageObject\",\"inLanguage\":\"de\",\"@id\":\"https:\\\/\\\/varsys.ch\\\/de\\\/#\\\/schema\\\/logo\\\/image\\\/\",\"url\":\"https:\\\/\\\/varsys.ch\\\/wp-content\\\/uploads\\\/2018\\\/04\\\/logo.svg\",\"contentUrl\":\"https:\\\/\\\/varsys.ch\\\/wp-content\\\/uploads\\\/2018\\\/04\\\/logo.svg\",\"width\":129,\"height\":117,\"caption\":\"VARSY'S\"},\"image\":{\"@id\":\"https:\\\/\\\/varsys.ch\\\/de\\\/#\\\/schema\\\/logo\\\/image\\\/\"},\"sameAs\":[\"https:\\\/\\\/www.facebook.com\\\/varsys\\\/\",\"https:\\\/\\\/www.instagram.com\\\/varsys\\\/\"],\"description\":\"Swiss-themed gift products celebrating Switzerland's traditions, landmarks, and culture.\"}]}<\/script>\n<!-- \/ Yoast SEO Premium plugin. -->","yoast_head_json":{"title":"Handwerkskunst &#8212; VARSY&#039;S Legenden der Schweiz","description":"\u00c4STHETIK, BEDEUTUNG, NACHHALTIGKEIT Alle unsere Produkte sind \u201cMade in Switzerland\u201d. Dabei folgen wir den h\u00f6chsten ethischen Standards, suchen unsere","robots":{"index":"index","follow":"follow","max-snippet":"max-snippet:-1","max-image-preview":"max-image-preview:large","max-video-preview":"max-video-preview:-1"},"canonical":"https:\/\/varsys.ch\/de\/our-story\/craftsmanship\/","og_locale":"de_DE","og_type":"article","og_title":"Handwerkskunst","og_description":"\u00c4STHETIK, BEDEUTUNG, NACHHALTIGKEIT Alle unsere Produkte sind \u201cMade in Switzerland\u201d. Dabei folgen wir den h\u00f6chsten ethischen Standards, suchen unsere","og_url":"https:\/\/varsys.ch\/de\/our-story\/craftsmanship\/","og_site_name":"VARSY&#039;S Legenden der Schweiz","article_publisher":"https:\/\/www.facebook.com\/varsys\/","article_modified_time":"2019-11-25T09:01:03+00:00","og_image":[{"width":1000,"height":500,"url":"https:\/\/varsys.ch\/wp-content\/uploads\/2018\/04\/Varsy4FB.png","type":"image\/png"}],"twitter_card":"summary_large_image","twitter_misc":{"Gesch\u00e4tzte Lesezeit":"3\u00a0Minuten"},"schema":{"@context":"https:\/\/schema.org","@graph":[{"@type":"WebPage","@id":"https:\/\/varsys.ch\/de\/our-story\/craftsmanship\/","url":"https:\/\/varsys.ch\/de\/our-story\/craftsmanship\/","name":"Handwerkskunst &#8212; VARSY&#039;S Legenden der Schweiz","isPartOf":{"@id":"https:\/\/varsys.ch\/de\/#website"},"datePublished":"2018-02-07T12:36:34+00:00","dateModified":"2019-11-25T09:01:03+00:00","description":"\u00c4STHETIK, BEDEUTUNG, NACHHALTIGKEIT Alle unsere Produkte sind \u201cMade in Switzerland\u201d. Dabei folgen wir den h\u00f6chsten ethischen Standards, suchen unsere","breadcrumb":{"@id":"https:\/\/varsys.ch\/de\/our-story\/craftsmanship\/#breadcrumb"},"inLanguage":"de","potentialAction":[{"@type":"ReadAction","target":["https:\/\/varsys.ch\/de\/our-story\/craftsmanship\/"]}]},{"@type":"BreadcrumbList","@id":"https:\/\/varsys.ch\/de\/our-story\/craftsmanship\/#breadcrumb","itemListElement":[{"@type":"ListItem","position":1,"name":"Home","item":"https:\/\/varsys.ch\/de\/"},{"@type":"ListItem","position":2,"name":"UNSERE GESCHICHTE","item":"https:\/\/varsys.ch\/de\/our-story\/"},{"@type":"ListItem","position":3,"name":"Handwerkskunst"}]},{"@type":"WebSite","@id":"https:\/\/varsys.ch\/de\/#website","url":"https:\/\/varsys.ch\/de\/","name":"VARSY&#039;S Legenden der Schweiz","description":"VARSY&#039;S Legenden der Schweiz","publisher":{"@id":"https:\/\/varsys.ch\/de\/#organization"},"potentialAction":[{"@type":"SearchAction","target":{"@type":"EntryPoint","urlTemplate":"https:\/\/varsys.ch\/de\/?s={search_term_string}"},"query-input":{"@type":"PropertyValueSpecification","valueRequired":true,"valueName":"search_term_string"}}],"inLanguage":"de"},{"@type":"Organization","@id":"https:\/\/varsys.ch\/de\/#organization","name":"VARSY'S","url":"https:\/\/varsys.ch\/de\/","logo":{"@type":"ImageObject","inLanguage":"de","@id":"https:\/\/varsys.ch\/de\/#\/schema\/logo\/image\/","url":"https:\/\/varsys.ch\/wp-content\/uploads\/2018\/04\/logo.svg","contentUrl":"https:\/\/varsys.ch\/wp-content\/uploads\/2018\/04\/logo.svg","width":129,"height":117,"caption":"VARSY'S"},"image":{"@id":"https:\/\/varsys.ch\/de\/#\/schema\/logo\/image\/"},"sameAs":["https:\/\/www.facebook.com\/varsys\/","https:\/\/www.instagram.com\/varsys\/"],"description":"Swiss-themed gift products celebrating Switzerland's traditions, landmarks, and culture."}]}},"_links":{"self":[{"href":"https:\/\/varsys.ch\/de\/wp-json\/wp\/v2\/pages\/5084","targetHints":{"allow":["GET"]}}],"collection":[{"href":"https:\/\/varsys.ch\/de\/wp-json\/wp\/v2\/pages"}],"about":[{"href":"https:\/\/varsys.ch\/de\/wp-json\/wp\/v2\/types\/page"}],"author":[{"embeddable":true,"href":"https:\/\/varsys.ch\/de\/wp-json\/wp\/v2\/users\/70"}],"replies":[{"embeddable":true,"href":"https:\/\/varsys.ch\/de\/wp-json\/wp\/v2\/comments?post=5084"}],"version-history":[{"count":0,"href":"https:\/\/varsys.ch\/de\/wp-json\/wp\/v2\/pages\/5084\/revisions"}],"up":[{"embeddable":true,"href":"https:\/\/varsys.ch\/de\/wp-json\/wp\/v2\/pages\/5043"}],"wp:attachment":[{"href":"https:\/\/varsys.ch\/de\/wp-json\/wp\/v2\/media?parent=5084"}],"curies":[{"name":"wp","href":"https:\/\/api.w.org\/{rel}","templated":true}]}}