{"id":5090,"date":"2018-02-14T11:07:23","date_gmt":"2018-02-14T10:07:23","guid":{"rendered":"https:\/\/varsys.przm.ch\/products-all-category\/"},"modified":"2020-07-21T03:14:10","modified_gmt":"2020-07-21T02:14:10","slug":"products-all","status":"publish","type":"page","link":"https:\/\/varsys.ch\/de\/products-all\/","title":{"rendered":"Products All Category"},"content":{"rendered":"<div class=\"wpb-content-wrapper\"><p>[vc_row][vc_column][vc_column_text]<\/p>\n<div class=\"home-title\">\n<div class=\"container\">\n<div class=\"header-title\">\n<h1 style=\"text-align: center;\">DIE BESTEN DINGE HABEN EINE GESCHICHTE<\/h1>\n<blockquote>\n<p style=\"text-align: center;\">Wir hoffen, dass Sie die wundervollen Erz\u00e4hlungen, die die Schweiz aus ihrer reichen Geschichte sch\u00f6pft, genauso lieben lernen wie wir &#8211; nun k\u00f6nnen Sie sie auch verschenken, mit unseren ethisch hergestellten Produkten, die nat\u00fcrlich in der Schweiz von Hand gefertigt werden. Daf\u00fcr verwenden wir nur die besten Materialien und bieten die traditionsreichen Schweizer Legenden in mehreren Sprachen an.<\/p>\n<p style=\"text-align: center;\">Wir befolgen die h\u00f6chsten Produktionsstandards, w\u00e4hlen unsere Quellen und Partner sorgf\u00e4ltig aus und arbeiten detailgenau, um sicherzustellen, dass unsere Produkte sch\u00f6n, langlebig und nachhaltig sind.<\/p>\n<\/blockquote>\n<div class=\"header-title-bot\"><\/div>\n<\/div>\n<\/div>\n<\/div>\n<p>[\/vc_column_text][\/vc_column][\/vc_row][vc_row el_class=&#8220;gallery-grid mobi&#8220;][vc_column el_class=&#8220;cat-limited&#8220;][vc_column_text]<a href=\"https:\/\/varsys.ch\/de\/products-all\/legendbox-limited-edition\/\"><span class=\"product-item\"><span class=\"product-name\"><span class=\"product-name-title\">Legendenbox limited edition<\/span><span class=\"product-t\">Sechs Legenden aus handbearbeitetem massiven Buchenholz <\/span><\/span><\/span><\/a>[\/vc_column_text][\/vc_column][\/vc_row][vc_row el_class=&#8220;gallery-grid mobi&#8220;][vc_column el_class=&#8220;cat-classic&#8220;][vc_column_text]<a href=\"https:\/\/varsys.ch\/de\/products-all\/legendbox-classic\/\"><span class=\"product-item\"><span class=\"product-name\"><span class=\"product-name-title\">Legendenbox Classic<br \/>\n<\/span><span class=\"product-t\">Sechs Legenden der Schweiz<\/span><\/span><\/span><\/a>[\/vc_column_text][\/vc_column][\/vc_row][vc_row el_class=&#8220;gallery-grid mobi&#8220;][vc_column el_class=&#8220;cat-legendselect&#8220;][vc_column_text]<a href=\"https:\/\/varsys.ch\/de\/products-all\/legendbox-select-2\/\"><span class=\"product-item\"><span class=\"product-name\"><span class=\"product-name-title\">LEGENDENBOX SELECT<\/span><span class=\"product-t\">Entdecken Sie 6 Schweizer Legenden<\/span><\/span><\/span><\/a>[\/vc_column_text][\/vc_column][\/vc_row][vc_row el_class=&#8220;gallery-grid mobi&#8220;][vc_column el_class=&#8220;cat-notebooks&#8220;][vc_column_text]<a href=\"https:\/\/varsys.ch\/de\/products-all\/notebooks\/\"><span class=\"product-item\"><span class=\"product-name\"><span class=\"product-name-title\">Notizb\u00fccher<\/span><span class=\"product-t\">Raum f\u00fcr eigene Ideen<\/span><\/span><\/span><\/a>[\/vc_column_text][\/vc_column][\/vc_row][vc_row el_class=&#8220;gallery-grid mobi&#8220;][vc_column el_class=&#8220;cat-postcards&#8220;][vc_column_text]<a href=\"https:\/\/varsys.ch\/de\/products-all\/postcards\/\"><span class=\"product-item\"><span class=\"product-name\"><span class=\"product-name-title\">Postkarten<\/span><span class=\"product-t\">Legenden sind zum Teilen da<\/span><\/span><\/span><\/a>[\/vc_column_text][\/vc_column][\/vc_row][vc_row el_class=&#8220;gallery-grid mobi&#8220;][vc_column el_class=&#8220;cat-magnets&#8220;][vc_column_text]<a href=\"https:\/\/varsys.ch\/de\/products-all\/wooden-magnets\/\"><span class=\"product-item\"><span class=\"product-name\"><span class=\"product-name-title\">HOLZMAGNETE<\/span><span class=\"product-t\">Sofortige Anziehungskraft<\/span><\/span><\/span><\/a>[\/vc_column_text][\/vc_column][\/vc_row][vc_row el_class=&#8220;gallery-grid mobi&#8220;][vc_column el_class=&#8220;cat-colouring&#8220;][vc_column_text]<a href=\"https:\/\/varsys.ch\/de\/products-all\/geschichtenbuch\/\"><span class=\"product-item\"><span class=\"product-name\"><span class=\"product-name-title\">MAL- &amp; GESCHICHTENBUCH<\/span><span class=\"product-t\">Erschaffen Sie Ihr eigenes Legend\u00e4res Meisterst\u00fcck<\/span><\/span><\/span><\/a>[\/vc_column_text][\/vc_column][\/vc_row][vc_row el_class=&#8220;gallery-grid mobi&#8220;][vc_column el_class=&#8220;cat-ornaments&#8220;][vc_column_text]<a href=\"https:\/\/varsys.ch\/de\/products-all\/christmas-ornaments-2\/\"><span class=\"product-item\"><span class=\"product-name\"><span class=\"product-name-title\">WEIHNACHTSORNAMENTE<\/span><span class=\"product-t\">15 festliche Designs zur Auswahl<\/span><\/span><\/span><\/a>[\/vc_column_text][\/vc_column][\/vc_row][vc_row el_class=&#8220;gallery-grid mobi&#8220;][vc_column el_class=&#8220;cat-christmas&#8220;][vc_column_text]<a href=\"https:\/\/varsys.ch\/de\/products-all\/christmas-cards-2\/\"><span class=\"product-item\"><span class=\"product-name\"><span class=\"product-name-title\">WEIHNACHTSKARTEN<\/span><span class=\"product-t\">Teilen Sie Weihnachtsgr\u00fcsse mit Schweizer Kultur<\/span><\/span><\/span><\/a>[\/vc_column_text][\/vc_column][\/vc_row][vc_row el_class=&#8220;gallery-grid mobi&#8220;][vc_column el_class=&#8220;cat-calendars&#8220;][vc_column_text]<a href=\"https:\/\/varsys.ch\/de\/product\/schweizer-kalender-2019\/\"><span class=\"product-item\"><span class=\"product-name\"><span class=\"product-name-title\">KALENDER<\/span><span class=\"product-t\"> Geniessen Sie das ganze Jahr \u00fcber Schweizer Legenden<\/span><\/span><\/span><\/a>[\/vc_column_text][\/vc_column][\/vc_row][vc_row el_class=&#8220;gallery-grid mobi&#8220;][vc_column el_class=&#8220;cat-bundles&#8220;][vc_column_text]<a href=\"https:\/\/varsys.ch\/de\/products-all\/bundles\/\"><span class=\"product-item\"><span class=\"product-name\"><span class=\"product-name-title\">Kombi-Pakete<\/span><span class=\"product-t\">Wenn eines einfach nicht genug ist<\/span><\/span><\/span><\/a>[\/vc_column_text][\/vc_column][\/vc_row][vc_row el_class=&#8220;gallery-grid mobi&#8220;][vc_column el_class=&#8220;cat-cows&#8220;][vc_column_text]<a href=\"https:\/\/varsys.ch\/de\/products-all\/rocking-cow\/\"><span class=\"product-item\"><span class=\"product-name\"><span class=\"product-name-title\">SCHAUKELKUH<\/span><span class=\"product-t\">SCHWEIZ ROCKS!<\/span><\/span><\/span><\/a>[\/vc_column_text][\/vc_column][\/vc_row][vc_row][vc_column][vc_column_text]<\/p>\n<div class=\"home-title-03\">\n<div class=\"container\">\n<div class=\"header-title\">\n<h2 style=\"text-align: center;\">\u201cWir meinen, das M\u00e4rchen und das Spiel geh\u00f6re zur Kindheit: wir Kurzsichtigen! Als ob wir in irgend einem Lebensalter ohne M\u00e4rchen und Spiel leben m\u00f6chten!\u201d<\/h2>\n<blockquote>\n<p style=\"text-align: center;\">Friedrich Wilhelm Nietzsche<\/p>\n<\/blockquote>\n<div class=\"header-title-bot\"><\/div>\n<\/div>\n<\/div>\n<\/div>\n<p>[\/vc_column_text][\/vc_column][\/vc_row][vc_row][vc_column][vc_column_text]<\/p>\n<div class=\"banners-2 \">\n<div class=\"container\">\n<div class=\"banner-box\" style=\"background: url('\/wp-content\/uploads\/2018\/02\/what-drives-us.jpg');\">\n<div class=\"banner-box-square\" style=\"background: url('\/wp-content\/uploads\/2018\/02\/what-drives-us.jpg');\"><\/div>\n<div class=\"banner-box-content\">\n<div class=\"banner-content\">\n<h1>WAS<br \/>\nUNS BEWEGT<\/h1>\n<p>Legenden f\u00fcr diese und nachfolgende Generationen zu bewahren und weiterzutragen, das ist unsere Leidenschaft.<br \/>\n<a class=\"btn\" href=\"https:\/\/varsys.ch\/de\/our-story\/what-drives-us\/\">WEITERLESEN<\/a><\/div>\n<\/div>\n<\/div>\n<\/div>\n<\/div>\n<p>[\/vc_column_text][\/vc_column][\/vc_row][vc_row css=&#8220;.vc_custom_1517936287595{margin-bottom: 20px !important;}&#8220;][vc_column][vc_column_text]<\/p>\n<div class=\"banners-1 dark\">\n<p>&nbsp;<\/p>\n<div class=\"container\">\n<div class=\"banner-box\" style=\"background: url('\/wp-content\/uploads\/2018\/02\/craftmanship_dark.png');\">\n<div class=\"banner-box-square\" style=\"background: url('\/wp-content\/uploads\/2018\/02\/craftmanship_dark.png');\"><\/div>\n<div class=\"banner-box-content\">\n<div class=\"banner-content\">\n<h1>HANDWERKSKUNST<\/h1>\n<p>Wir entwerfen Produkte, die nicht nur sch\u00f6n anzuschauen, sondern auch nachhaltig hergestellt sind \u2013 und eine tiefe Bedeutung haben.<br \/>\n<a class=\"btn\" href=\"https:\/\/varsys.ch\/de\/our-story\/craftsmanship\/\">WEITERLESEN<\/a><\/div>\n<\/div>\n<\/div>\n<\/div>\n<\/div>\n<p>[\/vc_column_text][\/vc_column][\/vc_row]<\/p>\n<\/div>","protected":false},"excerpt":{"rendered":"<p>[vc_row][vc_column][vc_column_text] DIE BESTEN DINGE HABEN EINE GESCHICHTE Wir hoffen, dass Sie die wundervollen Erz\u00e4hlungen, die die Schweiz aus ihrer reichen Geschichte sch\u00f6pft, genauso lieben lernen wie wir &#8211; nun k\u00f6nnen Sie sie auch verschenken, mit unseren ethisch hergestellten Produkten, die nat\u00fcrlich in der Schweiz von Hand gefertigt werden. Daf\u00fcr verwenden wir nur die besten Materialien<\/p>\n","protected":false},"author":70,"featured_media":0,"parent":0,"menu_order":0,"comment_status":"closed","ping_status":"closed","template":"","meta":{"_acf_changed":false,"inline_featured_image":false,"footnotes":""},"class_list":["post-5090","page","type-page","status-publish","hentry"],"acf":[],"yoast_head":"<!-- This site is optimized with the Yoast SEO Premium plugin v26.9 (Yoast SEO v27.3) - https:\/\/yoast.com\/product\/yoast-seo-premium-wordpress\/ -->\n<title>Products All Category &#8212; VARSY&#039;S Legenden der Schweiz<\/title>\n<meta name=\"description\" content=\"DIE BESTEN DINGE HABEN EINE GESCHICHTE Wir hoffen, dass Sie die wundervollen Erz\u00e4hlungen, die die Schweiz aus ihrer reichen Geschichte sch\u00f6pft, genauso\" \/>\n<meta name=\"robots\" content=\"index, follow, max-snippet:-1, max-image-preview:large, max-video-preview:-1\" \/>\n<link rel=\"canonical\" href=\"https:\/\/varsys.ch\/de\/products-all\/\" \/>\n<meta property=\"og:locale\" content=\"de_DE\" \/>\n<meta property=\"og:type\" content=\"article\" \/>\n<meta property=\"og:title\" content=\"Products All Category\" \/>\n<meta property=\"og:description\" content=\"DIE BESTEN DINGE HABEN EINE GESCHICHTE Wir hoffen, dass Sie die wundervollen Erz\u00e4hlungen, die die Schweiz aus ihrer reichen Geschichte sch\u00f6pft, genauso\" \/>\n<meta property=\"og:url\" content=\"https:\/\/varsys.ch\/de\/products-all\/\" \/>\n<meta property=\"og:site_name\" content=\"VARSY&#039;S Legenden der Schweiz\" \/>\n<meta property=\"article:publisher\" content=\"https:\/\/www.facebook.com\/varsys\/\" \/>\n<meta property=\"article:modified_time\" content=\"2020-07-21T02:14:10+00:00\" \/>\n<meta property=\"og:image\" content=\"https:\/\/varsys.ch\/wp-content\/uploads\/2018\/04\/Varsy4FB.png\" \/>\n\t<meta property=\"og:image:width\" content=\"1000\" \/>\n\t<meta property=\"og:image:height\" content=\"500\" \/>\n\t<meta property=\"og:image:type\" content=\"image\/png\" \/>\n<meta name=\"twitter:card\" content=\"summary_large_image\" \/>\n<meta name=\"twitter:label1\" content=\"Gesch\u00e4tzte Lesezeit\" \/>\n\t<meta name=\"twitter:data1\" content=\"3\u00a0Minuten\" \/>\n<script type=\"application\/ld+json\" class=\"yoast-schema-graph\">{\"@context\":\"https:\\\/\\\/schema.org\",\"@graph\":[{\"@type\":\"WebPage\",\"@id\":\"https:\\\/\\\/varsys.ch\\\/de\\\/products-all\\\/\",\"url\":\"https:\\\/\\\/varsys.ch\\\/de\\\/products-all\\\/\",\"name\":\"Products All Category &#8212; VARSY&#039;S Legenden der Schweiz\",\"isPartOf\":{\"@id\":\"https:\\\/\\\/varsys.ch\\\/de\\\/#website\"},\"datePublished\":\"2018-02-14T10:07:23+00:00\",\"dateModified\":\"2020-07-21T02:14:10+00:00\",\"description\":\"DIE BESTEN DINGE HABEN EINE GESCHICHTE Wir hoffen, dass Sie die wundervollen Erz\u00e4hlungen, die die Schweiz aus ihrer reichen Geschichte sch\u00f6pft, genauso\",\"breadcrumb\":{\"@id\":\"https:\\\/\\\/varsys.ch\\\/de\\\/products-all\\\/#breadcrumb\"},\"inLanguage\":\"de\",\"potentialAction\":[{\"@type\":\"ReadAction\",\"target\":[\"https:\\\/\\\/varsys.ch\\\/de\\\/products-all\\\/\"]}]},{\"@type\":\"BreadcrumbList\",\"@id\":\"https:\\\/\\\/varsys.ch\\\/de\\\/products-all\\\/#breadcrumb\",\"itemListElement\":[{\"@type\":\"ListItem\",\"position\":1,\"name\":\"Home\",\"item\":\"https:\\\/\\\/varsys.ch\\\/de\\\/\"},{\"@type\":\"ListItem\",\"position\":2,\"name\":\"Products All Category\"}]},{\"@type\":\"WebSite\",\"@id\":\"https:\\\/\\\/varsys.ch\\\/de\\\/#website\",\"url\":\"https:\\\/\\\/varsys.ch\\\/de\\\/\",\"name\":\"VARSY&#039;S Legenden der Schweiz\",\"description\":\"VARSY&#039;S Legenden der Schweiz\",\"publisher\":{\"@id\":\"https:\\\/\\\/varsys.ch\\\/de\\\/#organization\"},\"potentialAction\":[{\"@type\":\"SearchAction\",\"target\":{\"@type\":\"EntryPoint\",\"urlTemplate\":\"https:\\\/\\\/varsys.ch\\\/de\\\/?s={search_term_string}\"},\"query-input\":{\"@type\":\"PropertyValueSpecification\",\"valueRequired\":true,\"valueName\":\"search_term_string\"}}],\"inLanguage\":\"de\"},{\"@type\":\"Organization\",\"@id\":\"https:\\\/\\\/varsys.ch\\\/de\\\/#organization\",\"name\":\"VARSY'S\",\"url\":\"https:\\\/\\\/varsys.ch\\\/de\\\/\",\"logo\":{\"@type\":\"ImageObject\",\"inLanguage\":\"de\",\"@id\":\"https:\\\/\\\/varsys.ch\\\/de\\\/#\\\/schema\\\/logo\\\/image\\\/\",\"url\":\"https:\\\/\\\/varsys.ch\\\/wp-content\\\/uploads\\\/2018\\\/04\\\/logo.svg\",\"contentUrl\":\"https:\\\/\\\/varsys.ch\\\/wp-content\\\/uploads\\\/2018\\\/04\\\/logo.svg\",\"width\":129,\"height\":117,\"caption\":\"VARSY'S\"},\"image\":{\"@id\":\"https:\\\/\\\/varsys.ch\\\/de\\\/#\\\/schema\\\/logo\\\/image\\\/\"},\"sameAs\":[\"https:\\\/\\\/www.facebook.com\\\/varsys\\\/\",\"https:\\\/\\\/www.instagram.com\\\/varsys\\\/\"],\"description\":\"Swiss-themed gift products celebrating Switzerland's traditions, landmarks, and culture.\"}]}<\/script>\n<!-- \/ Yoast SEO Premium plugin. -->","yoast_head_json":{"title":"Products All Category &#8212; VARSY&#039;S Legenden der Schweiz","description":"DIE BESTEN DINGE HABEN EINE GESCHICHTE Wir hoffen, dass Sie die wundervollen Erz\u00e4hlungen, die die Schweiz aus ihrer reichen Geschichte sch\u00f6pft, genauso","robots":{"index":"index","follow":"follow","max-snippet":"max-snippet:-1","max-image-preview":"max-image-preview:large","max-video-preview":"max-video-preview:-1"},"canonical":"https:\/\/varsys.ch\/de\/products-all\/","og_locale":"de_DE","og_type":"article","og_title":"Products All Category","og_description":"DIE BESTEN DINGE HABEN EINE GESCHICHTE Wir hoffen, dass Sie die wundervollen Erz\u00e4hlungen, die die Schweiz aus ihrer reichen Geschichte sch\u00f6pft, genauso","og_url":"https:\/\/varsys.ch\/de\/products-all\/","og_site_name":"VARSY&#039;S Legenden der Schweiz","article_publisher":"https:\/\/www.facebook.com\/varsys\/","article_modified_time":"2020-07-21T02:14:10+00:00","og_image":[{"width":1000,"height":500,"url":"https:\/\/varsys.ch\/wp-content\/uploads\/2018\/04\/Varsy4FB.png","type":"image\/png"}],"twitter_card":"summary_large_image","twitter_misc":{"Gesch\u00e4tzte Lesezeit":"3\u00a0Minuten"},"schema":{"@context":"https:\/\/schema.org","@graph":[{"@type":"WebPage","@id":"https:\/\/varsys.ch\/de\/products-all\/","url":"https:\/\/varsys.ch\/de\/products-all\/","name":"Products All Category &#8212; VARSY&#039;S Legenden der Schweiz","isPartOf":{"@id":"https:\/\/varsys.ch\/de\/#website"},"datePublished":"2018-02-14T10:07:23+00:00","dateModified":"2020-07-21T02:14:10+00:00","description":"DIE BESTEN DINGE HABEN EINE GESCHICHTE Wir hoffen, dass Sie die wundervollen Erz\u00e4hlungen, die die Schweiz aus ihrer reichen Geschichte sch\u00f6pft, genauso","breadcrumb":{"@id":"https:\/\/varsys.ch\/de\/products-all\/#breadcrumb"},"inLanguage":"de","potentialAction":[{"@type":"ReadAction","target":["https:\/\/varsys.ch\/de\/products-all\/"]}]},{"@type":"BreadcrumbList","@id":"https:\/\/varsys.ch\/de\/products-all\/#breadcrumb","itemListElement":[{"@type":"ListItem","position":1,"name":"Home","item":"https:\/\/varsys.ch\/de\/"},{"@type":"ListItem","position":2,"name":"Products All Category"}]},{"@type":"WebSite","@id":"https:\/\/varsys.ch\/de\/#website","url":"https:\/\/varsys.ch\/de\/","name":"VARSY&#039;S Legenden der Schweiz","description":"VARSY&#039;S Legenden der Schweiz","publisher":{"@id":"https:\/\/varsys.ch\/de\/#organization"},"potentialAction":[{"@type":"SearchAction","target":{"@type":"EntryPoint","urlTemplate":"https:\/\/varsys.ch\/de\/?s={search_term_string}"},"query-input":{"@type":"PropertyValueSpecification","valueRequired":true,"valueName":"search_term_string"}}],"inLanguage":"de"},{"@type":"Organization","@id":"https:\/\/varsys.ch\/de\/#organization","name":"VARSY'S","url":"https:\/\/varsys.ch\/de\/","logo":{"@type":"ImageObject","inLanguage":"de","@id":"https:\/\/varsys.ch\/de\/#\/schema\/logo\/image\/","url":"https:\/\/varsys.ch\/wp-content\/uploads\/2018\/04\/logo.svg","contentUrl":"https:\/\/varsys.ch\/wp-content\/uploads\/2018\/04\/logo.svg","width":129,"height":117,"caption":"VARSY'S"},"image":{"@id":"https:\/\/varsys.ch\/de\/#\/schema\/logo\/image\/"},"sameAs":["https:\/\/www.facebook.com\/varsys\/","https:\/\/www.instagram.com\/varsys\/"],"description":"Swiss-themed gift products celebrating Switzerland's traditions, landmarks, and culture."}]}},"_links":{"self":[{"href":"https:\/\/varsys.ch\/de\/wp-json\/wp\/v2\/pages\/5090","targetHints":{"allow":["GET"]}}],"collection":[{"href":"https:\/\/varsys.ch\/de\/wp-json\/wp\/v2\/pages"}],"about":[{"href":"https:\/\/varsys.ch\/de\/wp-json\/wp\/v2\/types\/page"}],"author":[{"embeddable":true,"href":"https:\/\/varsys.ch\/de\/wp-json\/wp\/v2\/users\/70"}],"replies":[{"embeddable":true,"href":"https:\/\/varsys.ch\/de\/wp-json\/wp\/v2\/comments?post=5090"}],"version-history":[{"count":0,"href":"https:\/\/varsys.ch\/de\/wp-json\/wp\/v2\/pages\/5090\/revisions"}],"wp:attachment":[{"href":"https:\/\/varsys.ch\/de\/wp-json\/wp\/v2\/media?parent=5090"}],"curies":[{"name":"wp","href":"https:\/\/api.w.org\/{rel}","templated":true}]}}