{"id":5113,"date":"2018-02-15T09:41:59","date_gmt":"2018-02-15T08:41:59","guid":{"rendered":"https:\/\/varsys.przm.ch\/legendenbox-limited-edition\/"},"modified":"2019-11-25T10:07:51","modified_gmt":"2019-11-25T09:07:51","slug":"legendbox-limited-edition","status":"publish","type":"page","link":"https:\/\/varsys.ch\/de\/products-all\/legendbox-limited-edition\/","title":{"rendered":"Legendenbox Limited edition"},"content":{"rendered":"<div class=\"wpb-content-wrapper\"><p>[vc_row el_class=&#8220;catecory-product-list&#8220;][vc_column][vc_basic_grid post_type=&#8220;product&#8220; max_items=&#8220;40&#8243; gap=&#8220;20&#8243; item=&#8220;886&#8243; initial_loading_animation=&#8220;none&#8220; grid_id=&#8220;vc_gid:1526287215355-0d6881fe-ae2c-9&#8243; taxonomies=&#8220;45&#8243;][\/vc_column][\/vc_row][vc_row][vc_column][vc_column_text]<\/p>\n<div class=\"home-title-02\">\n<div class=\"container\">\n<div class=\"header-title\">\n<h2 style=\"text-align: center;\">Mit der Geschichte eines Landes l\u00e4uft eine lange Reihe von Sagen, deren Sprossen nicht selten einem Grunde entsteigen, welcher f\u00fcr Glaubw\u00fcrdigkeit zeugt; ihre Zweige durchziehen das Gem\u00fcth von Alt und Jung und bezeichnen meistens Herkunft, Charakter, Sitten und Gebr\u00e4uche des Volkes, in deren Munde sie geht.<\/h2>\n<blockquote>\n<p style=\"text-align: center;\">Dietrich Jecklin<\/p>\n<\/blockquote>\n<div class=\"header-title-bot\"><\/div>\n<\/div>\n<\/div>\n<\/div>\n<p>[\/vc_column_text][\/vc_column][\/vc_row][vc_row css=&#8220;.vc_custom_1517936279674{margin-bottom: 20px !important;}&#8220;][vc_column][vc_column_text]<\/p>\n<div class=\"banners-2 dark\">\n<div class=\"container\">\n<div class=\"banner-box\" style=\"background: url('\/wp-content\/uploads\/2018\/02\/solid-wood-e1515748250418.jpg');\">\n<div class=\"banner-box-square\" style=\"background: url('\/wp-content\/uploads\/2018\/02\/solid-wood-e1515748250418.jpg');\"><\/div>\n<div class=\"banner-box-content\">\n<div class=\"banner-content\">\n<h1>MASSIVHOLZ<\/h1>\n<p>Jede unserer Limited Edition Legendenboxen wird aus einem einzigen St\u00fcck massiven Buchenholz hergestellt. So entsteht ein luxuri\u00f6ses und kostbares Artefakt unseren kulturellen Erbes, das f\u00fcr Generationen halten wird. Die zarte Holzmaserung, die dank unserer speziellen Drucktechnik hindurch sichtbar bleibt, wird so zum ebenso subtilen wie edlen Hintergrund unserer Kunstdrucke.<\/p>\n<\/div>\n<\/div>\n<\/div>\n<\/div>\n<\/div>\n<p>[\/vc_column_text][\/vc_column][\/vc_row][vc_row css=&#8220;.vc_custom_1517936287595{margin-bottom: 20px !important;}&#8220;][vc_column][vc_column_text]<\/p>\n<div class=\"banners-1 dark\">\n<div class=\"container\">\n<div class=\"banner-box\" style=\"background: url('\/wp-content\/uploads\/2018\/02\/craftmanship_dark.png');\">\n<div class=\"banner-box-square\" style=\"background: url('\/wp-content\/uploads\/2018\/02\/craftmanship_dark.png');\"><\/div>\n<div class=\"banner-box-content\">\n<div class=\"banner-content\">\n<h1>HANDWERKSKUNST<\/h1>\n<p>Wir entwerfen Produkte, die nicht nur sch\u00f6n anzuschauen, sondern auch nachhaltig hergestellt sind \u2013 und eine tiefe Bedeutung haben.<br \/>\n<a class=\"btn\" href=\"https:\/\/varsys.ch\/de\/our-story\/craftsmanship\/\"> Weiterlesen<\/a><\/p>\n<\/div>\n<\/div>\n<\/div>\n<\/div>\n<\/div>\n<p>[\/vc_column_text][\/vc_column][\/vc_row]<\/p>\n<\/div>","protected":false},"excerpt":{"rendered":"<p>[vc_row el_class=&#8220;catecory-product-list&#8220;][vc_column][vc_basic_grid post_type=&#8220;product&#8220; max_items=&#8220;40&#8243; gap=&#8220;20&#8243; item=&#8220;886&#8243; initial_loading_animation=&#8220;none&#8220; grid_id=&#8220;vc_gid:1526287215355-0d6881fe-ae2c-9&#8243; taxonomies=&#8220;45&#8243;][\/vc_column][\/vc_row][vc_row][vc_column][vc_column_text] Mit der Geschichte eines Landes l\u00e4uft eine lange Reihe von Sagen, deren Sprossen nicht selten einem Grunde entsteigen, welcher f\u00fcr Glaubw\u00fcrdigkeit zeugt; ihre Zweige durchziehen das Gem\u00fcth von Alt und Jung und bezeichnen meistens Herkunft, Charakter, Sitten und Gebr\u00e4uche des Volkes, in deren Munde sie geht.<\/p>\n","protected":false},"author":70,"featured_media":5116,"parent":5090,"menu_order":0,"comment_status":"closed","ping_status":"closed","template":"template-category.php","meta":{"_acf_changed":false,"inline_featured_image":false,"footnotes":""},"class_list":["post-5113","page","type-page","status-publish","has-post-thumbnail","hentry"],"acf":[],"yoast_head":"<!-- This site is optimized with the Yoast SEO Premium plugin v26.9 (Yoast SEO v27.3) - https:\/\/yoast.com\/product\/yoast-seo-premium-wordpress\/ -->\n<title>Legendenbox Limited edition &#8212; VARSY&#039;S Legenden der Schweiz<\/title>\n<meta name=\"description\" content=\"Mit der Geschichte eines Landes l\u00e4uft eine lange Reihe von Sagen, deren Sprossen nicht selten einem Grunde entsteigen, welcher f\u00fcr Glaubw\u00fcrdigkeit zeugt;\" \/>\n<meta name=\"robots\" content=\"index, follow, max-snippet:-1, max-image-preview:large, max-video-preview:-1\" \/>\n<link rel=\"canonical\" href=\"https:\/\/varsys.ch\/de\/products-all\/legendbox-limited-edition\/\" \/>\n<meta property=\"og:locale\" content=\"de_DE\" \/>\n<meta property=\"og:type\" content=\"article\" \/>\n<meta property=\"og:title\" content=\"Legendenbox Limited edition\" \/>\n<meta property=\"og:description\" content=\"Mit der Geschichte eines Landes l\u00e4uft eine lange Reihe von Sagen, deren Sprossen nicht selten einem Grunde entsteigen, welcher f\u00fcr Glaubw\u00fcrdigkeit zeugt;\" \/>\n<meta property=\"og:url\" content=\"https:\/\/varsys.ch\/de\/products-all\/legendbox-limited-edition\/\" \/>\n<meta property=\"og:site_name\" content=\"VARSY&#039;S Legenden der Schweiz\" \/>\n<meta property=\"article:publisher\" content=\"https:\/\/www.facebook.com\/varsys\/\" \/>\n<meta property=\"article:modified_time\" content=\"2019-11-25T09:07:51+00:00\" \/>\n<meta property=\"og:image\" content=\"https:\/\/varsys.ch\/wp-content\/uploads\/2018\/02\/Legendbox-limited-800-WHITE-2018-01-05.jpg\" \/>\n\t<meta property=\"og:image:width\" content=\"800\" \/>\n\t<meta property=\"og:image:height\" content=\"800\" \/>\n\t<meta property=\"og:image:type\" content=\"image\/jpeg\" \/>\n<meta name=\"twitter:card\" content=\"summary_large_image\" \/>\n<meta name=\"twitter:label1\" content=\"Gesch\u00e4tzte Lesezeit\" \/>\n\t<meta name=\"twitter:data1\" content=\"1\u00a0Minute\" \/>\n<script type=\"application\/ld+json\" class=\"yoast-schema-graph\">{\"@context\":\"https:\\\/\\\/schema.org\",\"@graph\":[{\"@type\":\"WebPage\",\"@id\":\"https:\\\/\\\/varsys.ch\\\/de\\\/products-all\\\/legendbox-limited-edition\\\/\",\"url\":\"https:\\\/\\\/varsys.ch\\\/de\\\/products-all\\\/legendbox-limited-edition\\\/\",\"name\":\"Legendenbox Limited edition &#8212; VARSY&#039;S Legenden der Schweiz\",\"isPartOf\":{\"@id\":\"https:\\\/\\\/varsys.ch\\\/de\\\/#website\"},\"primaryImageOfPage\":{\"@id\":\"https:\\\/\\\/varsys.ch\\\/de\\\/products-all\\\/legendbox-limited-edition\\\/#primaryimage\"},\"image\":{\"@id\":\"https:\\\/\\\/varsys.ch\\\/de\\\/products-all\\\/legendbox-limited-edition\\\/#primaryimage\"},\"thumbnailUrl\":\"https:\\\/\\\/varsys.ch\\\/wp-content\\\/uploads\\\/2018\\\/02\\\/Legendbox-limited-800-WHITE-2018-01-05.jpg\",\"datePublished\":\"2018-02-15T08:41:59+00:00\",\"dateModified\":\"2019-11-25T09:07:51+00:00\",\"description\":\"Mit der Geschichte eines Landes l\u00e4uft eine lange Reihe von Sagen, deren Sprossen nicht selten einem Grunde entsteigen, welcher f\u00fcr Glaubw\u00fcrdigkeit zeugt;\",\"breadcrumb\":{\"@id\":\"https:\\\/\\\/varsys.ch\\\/de\\\/products-all\\\/legendbox-limited-edition\\\/#breadcrumb\"},\"inLanguage\":\"de\",\"potentialAction\":[{\"@type\":\"ReadAction\",\"target\":[\"https:\\\/\\\/varsys.ch\\\/de\\\/products-all\\\/legendbox-limited-edition\\\/\"]}]},{\"@type\":\"ImageObject\",\"inLanguage\":\"de\",\"@id\":\"https:\\\/\\\/varsys.ch\\\/de\\\/products-all\\\/legendbox-limited-edition\\\/#primaryimage\",\"url\":\"https:\\\/\\\/varsys.ch\\\/wp-content\\\/uploads\\\/2018\\\/02\\\/Legendbox-limited-800-WHITE-2018-01-05.jpg\",\"contentUrl\":\"https:\\\/\\\/varsys.ch\\\/wp-content\\\/uploads\\\/2018\\\/02\\\/Legendbox-limited-800-WHITE-2018-01-05.jpg\",\"width\":800,\"height\":800},{\"@type\":\"BreadcrumbList\",\"@id\":\"https:\\\/\\\/varsys.ch\\\/de\\\/products-all\\\/legendbox-limited-edition\\\/#breadcrumb\",\"itemListElement\":[{\"@type\":\"ListItem\",\"position\":1,\"name\":\"Home\",\"item\":\"https:\\\/\\\/varsys.ch\\\/de\\\/\"},{\"@type\":\"ListItem\",\"position\":2,\"name\":\"Products All Category\",\"item\":\"https:\\\/\\\/varsys.ch\\\/de\\\/products-all\\\/\"},{\"@type\":\"ListItem\",\"position\":3,\"name\":\"Legendenbox Limited edition\"}]},{\"@type\":\"WebSite\",\"@id\":\"https:\\\/\\\/varsys.ch\\\/de\\\/#website\",\"url\":\"https:\\\/\\\/varsys.ch\\\/de\\\/\",\"name\":\"VARSY&#039;S Legenden der Schweiz\",\"description\":\"VARSY&#039;S Legenden der Schweiz\",\"publisher\":{\"@id\":\"https:\\\/\\\/varsys.ch\\\/de\\\/#organization\"},\"potentialAction\":[{\"@type\":\"SearchAction\",\"target\":{\"@type\":\"EntryPoint\",\"urlTemplate\":\"https:\\\/\\\/varsys.ch\\\/de\\\/?s={search_term_string}\"},\"query-input\":{\"@type\":\"PropertyValueSpecification\",\"valueRequired\":true,\"valueName\":\"search_term_string\"}}],\"inLanguage\":\"de\"},{\"@type\":\"Organization\",\"@id\":\"https:\\\/\\\/varsys.ch\\\/de\\\/#organization\",\"name\":\"VARSY'S\",\"url\":\"https:\\\/\\\/varsys.ch\\\/de\\\/\",\"logo\":{\"@type\":\"ImageObject\",\"inLanguage\":\"de\",\"@id\":\"https:\\\/\\\/varsys.ch\\\/de\\\/#\\\/schema\\\/logo\\\/image\\\/\",\"url\":\"https:\\\/\\\/varsys.ch\\\/wp-content\\\/uploads\\\/2018\\\/04\\\/logo.svg\",\"contentUrl\":\"https:\\\/\\\/varsys.ch\\\/wp-content\\\/uploads\\\/2018\\\/04\\\/logo.svg\",\"width\":129,\"height\":117,\"caption\":\"VARSY'S\"},\"image\":{\"@id\":\"https:\\\/\\\/varsys.ch\\\/de\\\/#\\\/schema\\\/logo\\\/image\\\/\"},\"sameAs\":[\"https:\\\/\\\/www.facebook.com\\\/varsys\\\/\",\"https:\\\/\\\/www.instagram.com\\\/varsys\\\/\"],\"description\":\"Swiss-themed gift products celebrating Switzerland's traditions, landmarks, and culture.\"}]}<\/script>\n<!-- \/ Yoast SEO Premium plugin. -->","yoast_head_json":{"title":"Legendenbox Limited edition &#8212; VARSY&#039;S Legenden der Schweiz","description":"Mit der Geschichte eines Landes l\u00e4uft eine lange Reihe von Sagen, deren Sprossen nicht selten einem Grunde entsteigen, welcher f\u00fcr Glaubw\u00fcrdigkeit zeugt;","robots":{"index":"index","follow":"follow","max-snippet":"max-snippet:-1","max-image-preview":"max-image-preview:large","max-video-preview":"max-video-preview:-1"},"canonical":"https:\/\/varsys.ch\/de\/products-all\/legendbox-limited-edition\/","og_locale":"de_DE","og_type":"article","og_title":"Legendenbox Limited edition","og_description":"Mit der Geschichte eines Landes l\u00e4uft eine lange Reihe von Sagen, deren Sprossen nicht selten einem Grunde entsteigen, welcher f\u00fcr Glaubw\u00fcrdigkeit zeugt;","og_url":"https:\/\/varsys.ch\/de\/products-all\/legendbox-limited-edition\/","og_site_name":"VARSY&#039;S Legenden der Schweiz","article_publisher":"https:\/\/www.facebook.com\/varsys\/","article_modified_time":"2019-11-25T09:07:51+00:00","og_image":[{"width":800,"height":800,"url":"https:\/\/varsys.ch\/wp-content\/uploads\/2018\/02\/Legendbox-limited-800-WHITE-2018-01-05.jpg","type":"image\/jpeg"}],"twitter_card":"summary_large_image","twitter_misc":{"Gesch\u00e4tzte Lesezeit":"1\u00a0Minute"},"schema":{"@context":"https:\/\/schema.org","@graph":[{"@type":"WebPage","@id":"https:\/\/varsys.ch\/de\/products-all\/legendbox-limited-edition\/","url":"https:\/\/varsys.ch\/de\/products-all\/legendbox-limited-edition\/","name":"Legendenbox Limited edition &#8212; VARSY&#039;S Legenden der Schweiz","isPartOf":{"@id":"https:\/\/varsys.ch\/de\/#website"},"primaryImageOfPage":{"@id":"https:\/\/varsys.ch\/de\/products-all\/legendbox-limited-edition\/#primaryimage"},"image":{"@id":"https:\/\/varsys.ch\/de\/products-all\/legendbox-limited-edition\/#primaryimage"},"thumbnailUrl":"https:\/\/varsys.ch\/wp-content\/uploads\/2018\/02\/Legendbox-limited-800-WHITE-2018-01-05.jpg","datePublished":"2018-02-15T08:41:59+00:00","dateModified":"2019-11-25T09:07:51+00:00","description":"Mit der Geschichte eines Landes l\u00e4uft eine lange Reihe von Sagen, deren Sprossen nicht selten einem Grunde entsteigen, welcher f\u00fcr Glaubw\u00fcrdigkeit zeugt;","breadcrumb":{"@id":"https:\/\/varsys.ch\/de\/products-all\/legendbox-limited-edition\/#breadcrumb"},"inLanguage":"de","potentialAction":[{"@type":"ReadAction","target":["https:\/\/varsys.ch\/de\/products-all\/legendbox-limited-edition\/"]}]},{"@type":"ImageObject","inLanguage":"de","@id":"https:\/\/varsys.ch\/de\/products-all\/legendbox-limited-edition\/#primaryimage","url":"https:\/\/varsys.ch\/wp-content\/uploads\/2018\/02\/Legendbox-limited-800-WHITE-2018-01-05.jpg","contentUrl":"https:\/\/varsys.ch\/wp-content\/uploads\/2018\/02\/Legendbox-limited-800-WHITE-2018-01-05.jpg","width":800,"height":800},{"@type":"BreadcrumbList","@id":"https:\/\/varsys.ch\/de\/products-all\/legendbox-limited-edition\/#breadcrumb","itemListElement":[{"@type":"ListItem","position":1,"name":"Home","item":"https:\/\/varsys.ch\/de\/"},{"@type":"ListItem","position":2,"name":"Products All Category","item":"https:\/\/varsys.ch\/de\/products-all\/"},{"@type":"ListItem","position":3,"name":"Legendenbox Limited edition"}]},{"@type":"WebSite","@id":"https:\/\/varsys.ch\/de\/#website","url":"https:\/\/varsys.ch\/de\/","name":"VARSY&#039;S Legenden der Schweiz","description":"VARSY&#039;S Legenden der Schweiz","publisher":{"@id":"https:\/\/varsys.ch\/de\/#organization"},"potentialAction":[{"@type":"SearchAction","target":{"@type":"EntryPoint","urlTemplate":"https:\/\/varsys.ch\/de\/?s={search_term_string}"},"query-input":{"@type":"PropertyValueSpecification","valueRequired":true,"valueName":"search_term_string"}}],"inLanguage":"de"},{"@type":"Organization","@id":"https:\/\/varsys.ch\/de\/#organization","name":"VARSY'S","url":"https:\/\/varsys.ch\/de\/","logo":{"@type":"ImageObject","inLanguage":"de","@id":"https:\/\/varsys.ch\/de\/#\/schema\/logo\/image\/","url":"https:\/\/varsys.ch\/wp-content\/uploads\/2018\/04\/logo.svg","contentUrl":"https:\/\/varsys.ch\/wp-content\/uploads\/2018\/04\/logo.svg","width":129,"height":117,"caption":"VARSY'S"},"image":{"@id":"https:\/\/varsys.ch\/de\/#\/schema\/logo\/image\/"},"sameAs":["https:\/\/www.facebook.com\/varsys\/","https:\/\/www.instagram.com\/varsys\/"],"description":"Swiss-themed gift products celebrating Switzerland's traditions, landmarks, and culture."}]}},"_links":{"self":[{"href":"https:\/\/varsys.ch\/de\/wp-json\/wp\/v2\/pages\/5113","targetHints":{"allow":["GET"]}}],"collection":[{"href":"https:\/\/varsys.ch\/de\/wp-json\/wp\/v2\/pages"}],"about":[{"href":"https:\/\/varsys.ch\/de\/wp-json\/wp\/v2\/types\/page"}],"author":[{"embeddable":true,"href":"https:\/\/varsys.ch\/de\/wp-json\/wp\/v2\/users\/70"}],"replies":[{"embeddable":true,"href":"https:\/\/varsys.ch\/de\/wp-json\/wp\/v2\/comments?post=5113"}],"version-history":[{"count":0,"href":"https:\/\/varsys.ch\/de\/wp-json\/wp\/v2\/pages\/5113\/revisions"}],"up":[{"embeddable":true,"href":"https:\/\/varsys.ch\/de\/wp-json\/wp\/v2\/pages\/5090"}],"wp:featuredmedia":[{"embeddable":true,"href":"https:\/\/varsys.ch\/de\/wp-json\/wp\/v2\/media\/5116"}],"wp:attachment":[{"href":"https:\/\/varsys.ch\/de\/wp-json\/wp\/v2\/media?parent=5113"}],"curies":[{"name":"wp","href":"https:\/\/api.w.org\/{rel}","templated":true}]}}