{"id":5386,"date":"2018-10-11T11:12:59","date_gmt":"2018-10-11T10:12:59","guid":{"rendered":"https:\/\/varsys.przm.ch\/mal-geschichtenbuc\/"},"modified":"2019-11-25T10:09:41","modified_gmt":"2019-11-25T09:09:41","slug":"story-colouring-book","status":"publish","type":"page","link":"https:\/\/varsys.ch\/de\/products-all\/story-colouring-book\/","title":{"rendered":"Mal- &#038; Geschichtenbuc"},"content":{"rendered":"<div class=\"wpb-content-wrapper\"><p>[vc_row el_class=&#8220;catecory-product-list&#8220;][vc_column][vc_basic_grid post_type=&#8220;product&#8220; max_items=&#8220;40&#8243; gap=&#8220;20&#8243; item=&#8220;886&#8243; initial_loading_animation=&#8220;none&#8220; grid_id=&#8220;vc_gid:1525536210752-f1b35a9c-5fb2-4&#8243; taxonomies=&#8220;47&#8243;][\/vc_column][\/vc_row][vc_row][vc_column][vc_column_text]<\/p>\n<div class=\"home-title-02\">\n<div class=\"container\">\n<div class=\"header-title\">\n<h2 style=\"text-align: center;\">\u201cWir verachten die Legenden unserer Heimat und lehren die Kinder die Legenden des Altertums.\u201d<\/h2>\n<blockquote>\n<p style=\"text-align: center;\">Luc de Clapiers<\/p>\n<\/blockquote>\n<div class=\"header-title-bot\"><\/div>\n<\/div>\n<\/div>\n<\/div>\n<p>[\/vc_column_text][\/vc_column][\/vc_row][vc_row][vc_column][vc_column_text][\/vc_column_text][\/vc_column][\/vc_row][vc_row css=&#8220;.vc_custom_1517936287595{margin-bottom: 20px !important;}&#8220;][vc_column][vc_column_text]<\/p>\n<div class=\"banners-1 dark\">\n<div class=\"container\">\n<div class=\"banner-box\" style=\"background: url('\/wp-content\/uploads\/2018\/02\/organic-chocolate-e1515664821104.jpg');\">\n<div class=\"banner-box-square\" style=\"background: url('\/wp-content\/uploads\/2018\/02\/organic-chocolate-e1515664821104.jpg');\"><\/div>\n<div class=\"banner-box-content\">\n<div class=\"banner-content\">\n<h1>BIO-SCHOKOLADE<\/h1>\n<p>Wir glauben daran, dass Essen gesund und nahrhaft sein sollte. Deswegen ist unsere Legend\u00e4re Schokolade als \u201cBio\u201d zertifiziert; sie enth\u00e4lt nur nat\u00fcrlichen, unraffinierten Rohrzucker, keine Konservierungsstoffe, GMOs, Farbstoffe oder Emulgatoren.<\/p>\n<\/div>\n<\/div>\n<\/div>\n<\/div>\n<\/div>\n<p>[\/vc_column_text][\/vc_column][\/vc_row][vc_row][vc_column][vc_column_text]<\/p>\n<div class=\"banners-2 dark\">\n<div class=\"container\">\n<div class=\"banner-box\" style=\"background: url('\/wp-content\/uploads\/2018\/02\/global-support.jpg');\">\n<div class=\"banner-box-square\" style=\"background: url('\/wp-content\/uploads\/2018\/02\/global-support.jpg');\"><\/div>\n<div class=\"banner-box-content\">\n<div class=\"banner-content\">\n<h1>FAIRTRADE ZUTATEN<\/h1>\n<p>Unsere Legend\u00e4re Schokolade ist als \u201cFAIRTRADE\u201d zertifiziert und verbindet so Hersteller und Konsumenten in dem gemeinsamen Anliegen, bessere Handelsbedingungen und eine angemessene Bezahlung f\u00fcr Kleinbauerfamilien zu erm\u00f6glichen, wodurch diesen die M\u00f6glichkeit gegeben wird, eine bessere Zukunft f\u00fcr sich und ihre Familien aufzubauen. Fairtrade ist f\u00fcr Konsumenten ausserdem ein ebenso einfacher wie einflussreicher Weg, durch ihr allt\u00e4gliches Kaufverhalten Armut nachhaltig zu bek\u00e4mpfen.<\/p>\n<\/div>\n<\/div>\n<\/div>\n<\/div>\n<\/div>\n<p>[\/vc_column_text][\/vc_column][\/vc_row]<\/p>\n<\/div>","protected":false},"excerpt":{"rendered":"<p>[vc_row el_class=&#8220;catecory-product-list&#8220;][vc_column][vc_basic_grid post_type=&#8220;product&#8220; max_items=&#8220;40&#8243; gap=&#8220;20&#8243; item=&#8220;886&#8243; initial_loading_animation=&#8220;none&#8220; grid_id=&#8220;vc_gid:1525536210752-f1b35a9c-5fb2-4&#8243; taxonomies=&#8220;47&#8243;][\/vc_column][\/vc_row][vc_row][vc_column][vc_column_text] \u201cWir verachten die Legenden unserer Heimat und lehren die Kinder die Legenden des Altertums.\u201d Luc de Clapiers [\/vc_column_text][\/vc_column][\/vc_row][vc_row][vc_column][vc_column_text][\/vc_column_text][\/vc_column][\/vc_row][vc_row css=&#8220;.vc_custom_1517936287595{margin-bottom: 20px !important;}&#8220;][vc_column][vc_column_text] BIO-SCHOKOLADE Wir glauben daran, dass Essen gesund und nahrhaft sein sollte. Deswegen ist unsere Legend\u00e4re Schokolade als \u201cBio\u201d zertifiziert; sie enth\u00e4lt nur nat\u00fcrlichen, unraffinierten Rohrzucker,<\/p>\n","protected":false},"author":70,"featured_media":5155,"parent":5090,"menu_order":0,"comment_status":"closed","ping_status":"closed","template":"template-category.php","meta":{"_acf_changed":false,"inline_featured_image":false,"footnotes":""},"class_list":["post-5386","page","type-page","status-publish","has-post-thumbnail","hentry"],"acf":[],"yoast_head":"<!-- This site is optimized with the Yoast SEO Premium plugin v26.9 (Yoast SEO v27.3) - https:\/\/yoast.com\/product\/yoast-seo-premium-wordpress\/ -->\n<title>Story &amp; Colouring Book<\/title>\n<meta name=\"description\" content=\"\u201cWir verachten die Legenden unserer Heimat und lehren die Kinder die Legenden des Altertums.\u201d Luc de Clapiers BIO-SCHOKOLADE Wir glauben daran, dass Essen\" \/>\n<meta name=\"robots\" content=\"index, follow, max-snippet:-1, max-image-preview:large, max-video-preview:-1\" \/>\n<link rel=\"canonical\" href=\"https:\/\/varsys.ch\/de\/products-all\/story-colouring-book\/\" \/>\n<meta property=\"og:locale\" content=\"de_DE\" \/>\n<meta property=\"og:type\" content=\"article\" \/>\n<meta property=\"og:title\" content=\"Mal- &amp; Geschichtenbuc\" \/>\n<meta property=\"og:description\" content=\"\u201cWir verachten die Legenden unserer Heimat und lehren die Kinder die Legenden des Altertums.\u201d Luc de Clapiers BIO-SCHOKOLADE Wir glauben daran, dass Essen\" \/>\n<meta property=\"og:url\" content=\"https:\/\/varsys.ch\/de\/products-all\/story-colouring-book\/\" \/>\n<meta property=\"og:site_name\" content=\"VARSY&#039;S Legenden der Schweiz\" \/>\n<meta property=\"article:publisher\" content=\"https:\/\/www.facebook.com\/varsys\/\" \/>\n<meta property=\"article:modified_time\" content=\"2019-11-25T09:09:41+00:00\" \/>\n<meta property=\"og:image\" content=\"https:\/\/varsys.ch\/wp-content\/uploads\/2018\/02\/Chocolate.png\" \/>\n\t<meta property=\"og:image:width\" content=\"600\" \/>\n\t<meta property=\"og:image:height\" content=\"600\" \/>\n\t<meta property=\"og:image:type\" content=\"image\/png\" \/>\n<meta name=\"twitter:card\" content=\"summary_large_image\" \/>\n<meta name=\"twitter:label1\" content=\"Gesch\u00e4tzte Lesezeit\" \/>\n\t<meta name=\"twitter:data1\" content=\"1\u00a0Minute\" \/>\n<script type=\"application\/ld+json\" class=\"yoast-schema-graph\">{\"@context\":\"https:\\\/\\\/schema.org\",\"@graph\":[{\"@type\":\"WebPage\",\"@id\":\"https:\\\/\\\/varsys.ch\\\/de\\\/products-all\\\/story-colouring-book\\\/\",\"url\":\"https:\\\/\\\/varsys.ch\\\/de\\\/products-all\\\/story-colouring-book\\\/\",\"name\":\"Story & Colouring Book\",\"isPartOf\":{\"@id\":\"https:\\\/\\\/varsys.ch\\\/de\\\/#website\"},\"primaryImageOfPage\":{\"@id\":\"https:\\\/\\\/varsys.ch\\\/de\\\/products-all\\\/story-colouring-book\\\/#primaryimage\"},\"image\":{\"@id\":\"https:\\\/\\\/varsys.ch\\\/de\\\/products-all\\\/story-colouring-book\\\/#primaryimage\"},\"thumbnailUrl\":\"https:\\\/\\\/varsys.ch\\\/wp-content\\\/uploads\\\/2018\\\/02\\\/Chocolate.png\",\"datePublished\":\"2018-10-11T10:12:59+00:00\",\"dateModified\":\"2019-11-25T09:09:41+00:00\",\"description\":\"\u201cWir verachten die Legenden unserer Heimat und lehren die Kinder die Legenden des Altertums.\u201d Luc de Clapiers BIO-SCHOKOLADE Wir glauben daran, dass Essen\",\"breadcrumb\":{\"@id\":\"https:\\\/\\\/varsys.ch\\\/de\\\/products-all\\\/story-colouring-book\\\/#breadcrumb\"},\"inLanguage\":\"de\",\"potentialAction\":[{\"@type\":\"ReadAction\",\"target\":[\"https:\\\/\\\/varsys.ch\\\/de\\\/products-all\\\/story-colouring-book\\\/\"]}]},{\"@type\":\"ImageObject\",\"inLanguage\":\"de\",\"@id\":\"https:\\\/\\\/varsys.ch\\\/de\\\/products-all\\\/story-colouring-book\\\/#primaryimage\",\"url\":\"https:\\\/\\\/varsys.ch\\\/wp-content\\\/uploads\\\/2018\\\/02\\\/Chocolate.png\",\"contentUrl\":\"https:\\\/\\\/varsys.ch\\\/wp-content\\\/uploads\\\/2018\\\/02\\\/Chocolate.png\",\"width\":600,\"height\":600},{\"@type\":\"BreadcrumbList\",\"@id\":\"https:\\\/\\\/varsys.ch\\\/de\\\/products-all\\\/story-colouring-book\\\/#breadcrumb\",\"itemListElement\":[{\"@type\":\"ListItem\",\"position\":1,\"name\":\"Home\",\"item\":\"https:\\\/\\\/varsys.ch\\\/de\\\/\"},{\"@type\":\"ListItem\",\"position\":2,\"name\":\"Products All Category\",\"item\":\"https:\\\/\\\/varsys.ch\\\/de\\\/products-all\\\/\"},{\"@type\":\"ListItem\",\"position\":3,\"name\":\"Mal- &#038; Geschichtenbuc\"}]},{\"@type\":\"WebSite\",\"@id\":\"https:\\\/\\\/varsys.ch\\\/de\\\/#website\",\"url\":\"https:\\\/\\\/varsys.ch\\\/de\\\/\",\"name\":\"VARSY&#039;S Legenden der Schweiz\",\"description\":\"VARSY&#039;S Legenden der Schweiz\",\"publisher\":{\"@id\":\"https:\\\/\\\/varsys.ch\\\/de\\\/#organization\"},\"potentialAction\":[{\"@type\":\"SearchAction\",\"target\":{\"@type\":\"EntryPoint\",\"urlTemplate\":\"https:\\\/\\\/varsys.ch\\\/de\\\/?s={search_term_string}\"},\"query-input\":{\"@type\":\"PropertyValueSpecification\",\"valueRequired\":true,\"valueName\":\"search_term_string\"}}],\"inLanguage\":\"de\"},{\"@type\":\"Organization\",\"@id\":\"https:\\\/\\\/varsys.ch\\\/de\\\/#organization\",\"name\":\"VARSY'S\",\"url\":\"https:\\\/\\\/varsys.ch\\\/de\\\/\",\"logo\":{\"@type\":\"ImageObject\",\"inLanguage\":\"de\",\"@id\":\"https:\\\/\\\/varsys.ch\\\/de\\\/#\\\/schema\\\/logo\\\/image\\\/\",\"url\":\"https:\\\/\\\/varsys.ch\\\/wp-content\\\/uploads\\\/2018\\\/04\\\/logo.svg\",\"contentUrl\":\"https:\\\/\\\/varsys.ch\\\/wp-content\\\/uploads\\\/2018\\\/04\\\/logo.svg\",\"width\":129,\"height\":117,\"caption\":\"VARSY'S\"},\"image\":{\"@id\":\"https:\\\/\\\/varsys.ch\\\/de\\\/#\\\/schema\\\/logo\\\/image\\\/\"},\"sameAs\":[\"https:\\\/\\\/www.facebook.com\\\/varsys\\\/\",\"https:\\\/\\\/www.instagram.com\\\/varsys\\\/\"],\"description\":\"Swiss-themed gift products celebrating Switzerland's traditions, landmarks, and culture.\"}]}<\/script>\n<!-- \/ Yoast SEO Premium plugin. -->","yoast_head_json":{"title":"Story & Colouring Book","description":"\u201cWir verachten die Legenden unserer Heimat und lehren die Kinder die Legenden des Altertums.\u201d Luc de Clapiers BIO-SCHOKOLADE Wir glauben daran, dass Essen","robots":{"index":"index","follow":"follow","max-snippet":"max-snippet:-1","max-image-preview":"max-image-preview:large","max-video-preview":"max-video-preview:-1"},"canonical":"https:\/\/varsys.ch\/de\/products-all\/story-colouring-book\/","og_locale":"de_DE","og_type":"article","og_title":"Mal- & Geschichtenbuc","og_description":"\u201cWir verachten die Legenden unserer Heimat und lehren die Kinder die Legenden des Altertums.\u201d Luc de Clapiers BIO-SCHOKOLADE Wir glauben daran, dass Essen","og_url":"https:\/\/varsys.ch\/de\/products-all\/story-colouring-book\/","og_site_name":"VARSY&#039;S Legenden der Schweiz","article_publisher":"https:\/\/www.facebook.com\/varsys\/","article_modified_time":"2019-11-25T09:09:41+00:00","og_image":[{"width":600,"height":600,"url":"https:\/\/varsys.ch\/wp-content\/uploads\/2018\/02\/Chocolate.png","type":"image\/png"}],"twitter_card":"summary_large_image","twitter_misc":{"Gesch\u00e4tzte Lesezeit":"1\u00a0Minute"},"schema":{"@context":"https:\/\/schema.org","@graph":[{"@type":"WebPage","@id":"https:\/\/varsys.ch\/de\/products-all\/story-colouring-book\/","url":"https:\/\/varsys.ch\/de\/products-all\/story-colouring-book\/","name":"Story & Colouring Book","isPartOf":{"@id":"https:\/\/varsys.ch\/de\/#website"},"primaryImageOfPage":{"@id":"https:\/\/varsys.ch\/de\/products-all\/story-colouring-book\/#primaryimage"},"image":{"@id":"https:\/\/varsys.ch\/de\/products-all\/story-colouring-book\/#primaryimage"},"thumbnailUrl":"https:\/\/varsys.ch\/wp-content\/uploads\/2018\/02\/Chocolate.png","datePublished":"2018-10-11T10:12:59+00:00","dateModified":"2019-11-25T09:09:41+00:00","description":"\u201cWir verachten die Legenden unserer Heimat und lehren die Kinder die Legenden des Altertums.\u201d Luc de Clapiers BIO-SCHOKOLADE Wir glauben daran, dass Essen","breadcrumb":{"@id":"https:\/\/varsys.ch\/de\/products-all\/story-colouring-book\/#breadcrumb"},"inLanguage":"de","potentialAction":[{"@type":"ReadAction","target":["https:\/\/varsys.ch\/de\/products-all\/story-colouring-book\/"]}]},{"@type":"ImageObject","inLanguage":"de","@id":"https:\/\/varsys.ch\/de\/products-all\/story-colouring-book\/#primaryimage","url":"https:\/\/varsys.ch\/wp-content\/uploads\/2018\/02\/Chocolate.png","contentUrl":"https:\/\/varsys.ch\/wp-content\/uploads\/2018\/02\/Chocolate.png","width":600,"height":600},{"@type":"BreadcrumbList","@id":"https:\/\/varsys.ch\/de\/products-all\/story-colouring-book\/#breadcrumb","itemListElement":[{"@type":"ListItem","position":1,"name":"Home","item":"https:\/\/varsys.ch\/de\/"},{"@type":"ListItem","position":2,"name":"Products All Category","item":"https:\/\/varsys.ch\/de\/products-all\/"},{"@type":"ListItem","position":3,"name":"Mal- &#038; Geschichtenbuc"}]},{"@type":"WebSite","@id":"https:\/\/varsys.ch\/de\/#website","url":"https:\/\/varsys.ch\/de\/","name":"VARSY&#039;S Legenden der Schweiz","description":"VARSY&#039;S Legenden der Schweiz","publisher":{"@id":"https:\/\/varsys.ch\/de\/#organization"},"potentialAction":[{"@type":"SearchAction","target":{"@type":"EntryPoint","urlTemplate":"https:\/\/varsys.ch\/de\/?s={search_term_string}"},"query-input":{"@type":"PropertyValueSpecification","valueRequired":true,"valueName":"search_term_string"}}],"inLanguage":"de"},{"@type":"Organization","@id":"https:\/\/varsys.ch\/de\/#organization","name":"VARSY'S","url":"https:\/\/varsys.ch\/de\/","logo":{"@type":"ImageObject","inLanguage":"de","@id":"https:\/\/varsys.ch\/de\/#\/schema\/logo\/image\/","url":"https:\/\/varsys.ch\/wp-content\/uploads\/2018\/04\/logo.svg","contentUrl":"https:\/\/varsys.ch\/wp-content\/uploads\/2018\/04\/logo.svg","width":129,"height":117,"caption":"VARSY'S"},"image":{"@id":"https:\/\/varsys.ch\/de\/#\/schema\/logo\/image\/"},"sameAs":["https:\/\/www.facebook.com\/varsys\/","https:\/\/www.instagram.com\/varsys\/"],"description":"Swiss-themed gift products celebrating Switzerland's traditions, landmarks, and culture."}]}},"_links":{"self":[{"href":"https:\/\/varsys.ch\/de\/wp-json\/wp\/v2\/pages\/5386","targetHints":{"allow":["GET"]}}],"collection":[{"href":"https:\/\/varsys.ch\/de\/wp-json\/wp\/v2\/pages"}],"about":[{"href":"https:\/\/varsys.ch\/de\/wp-json\/wp\/v2\/types\/page"}],"author":[{"embeddable":true,"href":"https:\/\/varsys.ch\/de\/wp-json\/wp\/v2\/users\/70"}],"replies":[{"embeddable":true,"href":"https:\/\/varsys.ch\/de\/wp-json\/wp\/v2\/comments?post=5386"}],"version-history":[{"count":0,"href":"https:\/\/varsys.ch\/de\/wp-json\/wp\/v2\/pages\/5386\/revisions"}],"up":[{"embeddable":true,"href":"https:\/\/varsys.ch\/de\/wp-json\/wp\/v2\/pages\/5090"}],"wp:featuredmedia":[{"embeddable":true,"href":"https:\/\/varsys.ch\/de\/wp-json\/wp\/v2\/media\/5155"}],"wp:attachment":[{"href":"https:\/\/varsys.ch\/de\/wp-json\/wp\/v2\/media?parent=5386"}],"curies":[{"name":"wp","href":"https:\/\/api.w.org\/{rel}","templated":true}]}}