{"id":5437,"date":"2018-10-12T09:09:47","date_gmt":"2018-10-12T08:09:47","guid":{"rendered":"https:\/\/varsys.przm.ch\/weihnachtsornamente\/"},"modified":"2019-11-25T13:20:29","modified_gmt":"2019-11-25T12:20:29","slug":"christmas-ornaments-2","status":"publish","type":"page","link":"https:\/\/varsys.ch\/de\/products-all\/christmas-ornaments-2\/","title":{"rendered":"Weihnachtsornamente"},"content":{"rendered":"<div class=\"wpb-content-wrapper\"><p>[vc_row el_class=&#8220;catecory-product-list&#8220;][vc_column][vc_basic_grid post_type=&#8220;product&#8220; max_items=&#8220;40&#8243; gap=&#8220;20&#8243; item=&#8220;886&#8243; initial_loading_animation=&#8220;none&#8220; grid_id=&#8220;vc_gid:1539842336090-0dec4ea8-2b13-4&#8243; taxonomies=&#8220;120&#8243;][\/vc_column][\/vc_row][vc_row][vc_column][vc_column_text]<\/p>\n<div class=\"home-title-02\">\n<div class=\"container\">\n<div class=\"header-title\">\n<h2 style=\"text-align: center;\">\u201cWir verachten die Legenden unserer Heimat und lehren die Kinder die Legenden des Altertums.\u201d<\/h2>\n<blockquote>\n<p style=\"text-align: center;\">Luc de Clapiers<\/p>\n<\/blockquote>\n<div class=\"header-title-bot\"><\/div>\n<\/div>\n<\/div>\n<\/div>\n<p>[\/vc_column_text][\/vc_column][\/vc_row][vc_row][vc_column][vc_column_text]<\/p>\n<div class=\"banners-1\">\n<div class=\"container\">\n<div class=\"banner-box\" style=\"background: url('\/wp-content\/uploads\/2018\/02\/artwork.jpg');\">\n<div class=\"banner-box-square\" style=\"background: url('\/wp-content\/uploads\/2018\/02\/artwork.jpg');\"><\/div>\n<div class=\"banner-box-content\">\n<div class=\"banner-content\">\n<h1>EINZIGARTIGE KUNSTWERKE<\/h1>\n<p>Unsere einzigartigen Illustrationen verbinden die fantastische Legendenwelt aus mythischer Vergangenheit mit der Jetztzeit des Ortes, an dem sie spielen. So finden sich Fabelwesen und Sagenhelden neben repr\u00e4sentativen Geb\u00e4uden moderner Stadtarchitektur oder wiedererkennbaren topografischen Charakteristika. Dazu nehmen wir umfassende und sorgf\u00e4ltige Recherchearbeiten bis ins Detail vor, um das, was jeden Ort wirklich ausmacht, auch richtig zu erfassen.<\/p>\n<\/div>\n<\/div>\n<\/div>\n<\/div>\n<\/div>\n<p>[\/vc_column_text][\/vc_column][\/vc_row][vc_row][vc_column][vc_column_text]<\/p>\n<div class=\"banners-1 dark\">\n<div class=\"container\">\n<div class=\"banner-box\" style=\"background: url('\/wp-content\/uploads\/2018\/02\/childsafe-1.jpg');\">\n<div class=\"banner-box-square\" style=\"background: url('\/wp-content\/uploads\/2018\/02\/childsafe-1.jpg');\"><\/div>\n<div class=\"banner-box-content\">\n<div class=\"banner-content\">\n<h1>KINDERSICHER<\/h1>\n<p>Die haltbare Druckfarbe auf unserer Legendenbox Classic und Legendenbox Limited Edition ist als \u201cGREENGUARD Gold\u201d zertifiziert, was bedeutet, dass diese kindersicher und umweltfreundlich ist. Das Sicherheitssiegel folgt dabei strengen Auflagen und garantiert damit, dass anf\u00e4lligere oder empfindlichere Personen wie Kinder oder \u00e4ltere Menschen nicht beeintr\u00e4chtigt werden. Dadurch k\u00f6nnen unsere Produkte auch in Schulen oder Bereichen der Gesundheitspflege eingesetzt werden.<\/p>\n<\/div>\n<\/div>\n<\/div>\n<\/div>\n<\/div>\n<p>[\/vc_column_text][\/vc_column][\/vc_row]<\/p>\n<\/div>","protected":false},"excerpt":{"rendered":"<p>[vc_row el_class=&#8220;catecory-product-list&#8220;][vc_column][vc_basic_grid post_type=&#8220;product&#8220; max_items=&#8220;40&#8243; gap=&#8220;20&#8243; item=&#8220;886&#8243; initial_loading_animation=&#8220;none&#8220; grid_id=&#8220;vc_gid:1539842336090-0dec4ea8-2b13-4&#8243; taxonomies=&#8220;120&#8243;][\/vc_column][\/vc_row][vc_row][vc_column][vc_column_text] \u201cWir verachten die Legenden unserer Heimat und lehren die Kinder die Legenden des Altertums.\u201d Luc de Clapiers [\/vc_column_text][\/vc_column][\/vc_row][vc_row][vc_column][vc_column_text] EINZIGARTIGE KUNSTWERKE Unsere einzigartigen Illustrationen verbinden die fantastische Legendenwelt aus mythischer Vergangenheit mit der Jetztzeit des Ortes, an dem sie spielen. So finden sich Fabelwesen und Sagenhelden neben<\/p>\n","protected":false},"author":70,"featured_media":5439,"parent":5090,"menu_order":0,"comment_status":"closed","ping_status":"closed","template":"template-category.php","meta":{"_acf_changed":false,"inline_featured_image":false,"footnotes":""},"class_list":["post-5437","page","type-page","status-publish","has-post-thumbnail","hentry"],"acf":[],"yoast_head":"<!-- This site is optimized with the Yoast SEO Premium plugin v26.9 (Yoast SEO v27.3) - https:\/\/yoast.com\/product\/yoast-seo-premium-wordpress\/ -->\n<title>Weihnachtsornamente &#8212; VARSY&#039;S Legenden der Schweiz<\/title>\n<meta name=\"description\" content=\"\u201cWir verachten die Legenden unserer Heimat und lehren die Kinder die Legenden des Altertums.\u201d Luc de Clapiers EINZIGARTIGE KUNSTWERKE Unsere einzigartigen\" \/>\n<meta name=\"robots\" content=\"index, follow, max-snippet:-1, max-image-preview:large, max-video-preview:-1\" \/>\n<link rel=\"canonical\" href=\"https:\/\/varsys.ch\/de\/products-all\/christmas-ornaments-2\/\" \/>\n<meta property=\"og:locale\" content=\"de_DE\" \/>\n<meta property=\"og:type\" content=\"article\" \/>\n<meta property=\"og:title\" content=\"Weihnachtsornamente\" \/>\n<meta property=\"og:description\" content=\"\u201cWir verachten die Legenden unserer Heimat und lehren die Kinder die Legenden des Altertums.\u201d Luc de Clapiers EINZIGARTIGE KUNSTWERKE Unsere einzigartigen\" \/>\n<meta property=\"og:url\" content=\"https:\/\/varsys.ch\/de\/products-all\/christmas-ornaments-2\/\" \/>\n<meta property=\"og:site_name\" content=\"VARSY&#039;S Legenden der Schweiz\" \/>\n<meta property=\"article:publisher\" content=\"https:\/\/www.facebook.com\/varsys\/\" \/>\n<meta property=\"article:modified_time\" content=\"2019-11-25T12:20:29+00:00\" \/>\n<meta property=\"og:image\" content=\"https:\/\/varsys.ch\/wp-content\/uploads\/2018\/10\/Varsys_Christmas_Ornaments_02_2018-10-11_v6-1.jpg\" \/>\n\t<meta property=\"og:image:width\" content=\"800\" \/>\n\t<meta property=\"og:image:height\" content=\"800\" \/>\n\t<meta property=\"og:image:type\" content=\"image\/jpeg\" \/>\n<meta name=\"twitter:card\" content=\"summary_large_image\" \/>\n<meta name=\"twitter:label1\" content=\"Gesch\u00e4tzte Lesezeit\" \/>\n\t<meta name=\"twitter:data1\" content=\"1\u00a0Minute\" \/>\n<script type=\"application\/ld+json\" class=\"yoast-schema-graph\">{\"@context\":\"https:\\\/\\\/schema.org\",\"@graph\":[{\"@type\":\"WebPage\",\"@id\":\"https:\\\/\\\/varsys.ch\\\/de\\\/products-all\\\/christmas-ornaments-2\\\/\",\"url\":\"https:\\\/\\\/varsys.ch\\\/de\\\/products-all\\\/christmas-ornaments-2\\\/\",\"name\":\"Weihnachtsornamente &#8212; VARSY&#039;S Legenden der Schweiz\",\"isPartOf\":{\"@id\":\"https:\\\/\\\/varsys.ch\\\/de\\\/#website\"},\"primaryImageOfPage\":{\"@id\":\"https:\\\/\\\/varsys.ch\\\/de\\\/products-all\\\/christmas-ornaments-2\\\/#primaryimage\"},\"image\":{\"@id\":\"https:\\\/\\\/varsys.ch\\\/de\\\/products-all\\\/christmas-ornaments-2\\\/#primaryimage\"},\"thumbnailUrl\":\"https:\\\/\\\/varsys.ch\\\/wp-content\\\/uploads\\\/2018\\\/10\\\/Varsys_Christmas_Ornaments_02_2018-10-11_v6-1.jpg\",\"datePublished\":\"2018-10-12T08:09:47+00:00\",\"dateModified\":\"2019-11-25T12:20:29+00:00\",\"description\":\"\u201cWir verachten die Legenden unserer Heimat und lehren die Kinder die Legenden des Altertums.\u201d Luc de Clapiers EINZIGARTIGE KUNSTWERKE Unsere einzigartigen\",\"breadcrumb\":{\"@id\":\"https:\\\/\\\/varsys.ch\\\/de\\\/products-all\\\/christmas-ornaments-2\\\/#breadcrumb\"},\"inLanguage\":\"de\",\"potentialAction\":[{\"@type\":\"ReadAction\",\"target\":[\"https:\\\/\\\/varsys.ch\\\/de\\\/products-all\\\/christmas-ornaments-2\\\/\"]}]},{\"@type\":\"ImageObject\",\"inLanguage\":\"de\",\"@id\":\"https:\\\/\\\/varsys.ch\\\/de\\\/products-all\\\/christmas-ornaments-2\\\/#primaryimage\",\"url\":\"https:\\\/\\\/varsys.ch\\\/wp-content\\\/uploads\\\/2018\\\/10\\\/Varsys_Christmas_Ornaments_02_2018-10-11_v6-1.jpg\",\"contentUrl\":\"https:\\\/\\\/varsys.ch\\\/wp-content\\\/uploads\\\/2018\\\/10\\\/Varsys_Christmas_Ornaments_02_2018-10-11_v6-1.jpg\",\"width\":800,\"height\":800},{\"@type\":\"BreadcrumbList\",\"@id\":\"https:\\\/\\\/varsys.ch\\\/de\\\/products-all\\\/christmas-ornaments-2\\\/#breadcrumb\",\"itemListElement\":[{\"@type\":\"ListItem\",\"position\":1,\"name\":\"Home\",\"item\":\"https:\\\/\\\/varsys.ch\\\/de\\\/\"},{\"@type\":\"ListItem\",\"position\":2,\"name\":\"Products All Category\",\"item\":\"https:\\\/\\\/varsys.ch\\\/de\\\/products-all\\\/\"},{\"@type\":\"ListItem\",\"position\":3,\"name\":\"Weihnachtsornamente\"}]},{\"@type\":\"WebSite\",\"@id\":\"https:\\\/\\\/varsys.ch\\\/de\\\/#website\",\"url\":\"https:\\\/\\\/varsys.ch\\\/de\\\/\",\"name\":\"VARSY&#039;S Legenden der Schweiz\",\"description\":\"VARSY&#039;S Legenden der Schweiz\",\"publisher\":{\"@id\":\"https:\\\/\\\/varsys.ch\\\/de\\\/#organization\"},\"potentialAction\":[{\"@type\":\"SearchAction\",\"target\":{\"@type\":\"EntryPoint\",\"urlTemplate\":\"https:\\\/\\\/varsys.ch\\\/de\\\/?s={search_term_string}\"},\"query-input\":{\"@type\":\"PropertyValueSpecification\",\"valueRequired\":true,\"valueName\":\"search_term_string\"}}],\"inLanguage\":\"de\"},{\"@type\":\"Organization\",\"@id\":\"https:\\\/\\\/varsys.ch\\\/de\\\/#organization\",\"name\":\"VARSY'S\",\"url\":\"https:\\\/\\\/varsys.ch\\\/de\\\/\",\"logo\":{\"@type\":\"ImageObject\",\"inLanguage\":\"de\",\"@id\":\"https:\\\/\\\/varsys.ch\\\/de\\\/#\\\/schema\\\/logo\\\/image\\\/\",\"url\":\"https:\\\/\\\/varsys.ch\\\/wp-content\\\/uploads\\\/2018\\\/04\\\/logo.svg\",\"contentUrl\":\"https:\\\/\\\/varsys.ch\\\/wp-content\\\/uploads\\\/2018\\\/04\\\/logo.svg\",\"width\":129,\"height\":117,\"caption\":\"VARSY'S\"},\"image\":{\"@id\":\"https:\\\/\\\/varsys.ch\\\/de\\\/#\\\/schema\\\/logo\\\/image\\\/\"},\"sameAs\":[\"https:\\\/\\\/www.facebook.com\\\/varsys\\\/\",\"https:\\\/\\\/www.instagram.com\\\/varsys\\\/\"],\"description\":\"Swiss-themed gift products celebrating Switzerland's traditions, landmarks, and culture.\"}]}<\/script>\n<!-- \/ Yoast SEO Premium plugin. -->","yoast_head_json":{"title":"Weihnachtsornamente &#8212; VARSY&#039;S Legenden der Schweiz","description":"\u201cWir verachten die Legenden unserer Heimat und lehren die Kinder die Legenden des Altertums.\u201d Luc de Clapiers EINZIGARTIGE KUNSTWERKE Unsere einzigartigen","robots":{"index":"index","follow":"follow","max-snippet":"max-snippet:-1","max-image-preview":"max-image-preview:large","max-video-preview":"max-video-preview:-1"},"canonical":"https:\/\/varsys.ch\/de\/products-all\/christmas-ornaments-2\/","og_locale":"de_DE","og_type":"article","og_title":"Weihnachtsornamente","og_description":"\u201cWir verachten die Legenden unserer Heimat und lehren die Kinder die Legenden des Altertums.\u201d Luc de Clapiers EINZIGARTIGE KUNSTWERKE Unsere einzigartigen","og_url":"https:\/\/varsys.ch\/de\/products-all\/christmas-ornaments-2\/","og_site_name":"VARSY&#039;S Legenden der Schweiz","article_publisher":"https:\/\/www.facebook.com\/varsys\/","article_modified_time":"2019-11-25T12:20:29+00:00","og_image":[{"width":800,"height":800,"url":"https:\/\/varsys.ch\/wp-content\/uploads\/2018\/10\/Varsys_Christmas_Ornaments_02_2018-10-11_v6-1.jpg","type":"image\/jpeg"}],"twitter_card":"summary_large_image","twitter_misc":{"Gesch\u00e4tzte Lesezeit":"1\u00a0Minute"},"schema":{"@context":"https:\/\/schema.org","@graph":[{"@type":"WebPage","@id":"https:\/\/varsys.ch\/de\/products-all\/christmas-ornaments-2\/","url":"https:\/\/varsys.ch\/de\/products-all\/christmas-ornaments-2\/","name":"Weihnachtsornamente &#8212; VARSY&#039;S Legenden der Schweiz","isPartOf":{"@id":"https:\/\/varsys.ch\/de\/#website"},"primaryImageOfPage":{"@id":"https:\/\/varsys.ch\/de\/products-all\/christmas-ornaments-2\/#primaryimage"},"image":{"@id":"https:\/\/varsys.ch\/de\/products-all\/christmas-ornaments-2\/#primaryimage"},"thumbnailUrl":"https:\/\/varsys.ch\/wp-content\/uploads\/2018\/10\/Varsys_Christmas_Ornaments_02_2018-10-11_v6-1.jpg","datePublished":"2018-10-12T08:09:47+00:00","dateModified":"2019-11-25T12:20:29+00:00","description":"\u201cWir verachten die Legenden unserer Heimat und lehren die Kinder die Legenden des Altertums.\u201d Luc de Clapiers EINZIGARTIGE KUNSTWERKE Unsere einzigartigen","breadcrumb":{"@id":"https:\/\/varsys.ch\/de\/products-all\/christmas-ornaments-2\/#breadcrumb"},"inLanguage":"de","potentialAction":[{"@type":"ReadAction","target":["https:\/\/varsys.ch\/de\/products-all\/christmas-ornaments-2\/"]}]},{"@type":"ImageObject","inLanguage":"de","@id":"https:\/\/varsys.ch\/de\/products-all\/christmas-ornaments-2\/#primaryimage","url":"https:\/\/varsys.ch\/wp-content\/uploads\/2018\/10\/Varsys_Christmas_Ornaments_02_2018-10-11_v6-1.jpg","contentUrl":"https:\/\/varsys.ch\/wp-content\/uploads\/2018\/10\/Varsys_Christmas_Ornaments_02_2018-10-11_v6-1.jpg","width":800,"height":800},{"@type":"BreadcrumbList","@id":"https:\/\/varsys.ch\/de\/products-all\/christmas-ornaments-2\/#breadcrumb","itemListElement":[{"@type":"ListItem","position":1,"name":"Home","item":"https:\/\/varsys.ch\/de\/"},{"@type":"ListItem","position":2,"name":"Products All Category","item":"https:\/\/varsys.ch\/de\/products-all\/"},{"@type":"ListItem","position":3,"name":"Weihnachtsornamente"}]},{"@type":"WebSite","@id":"https:\/\/varsys.ch\/de\/#website","url":"https:\/\/varsys.ch\/de\/","name":"VARSY&#039;S Legenden der Schweiz","description":"VARSY&#039;S Legenden der Schweiz","publisher":{"@id":"https:\/\/varsys.ch\/de\/#organization"},"potentialAction":[{"@type":"SearchAction","target":{"@type":"EntryPoint","urlTemplate":"https:\/\/varsys.ch\/de\/?s={search_term_string}"},"query-input":{"@type":"PropertyValueSpecification","valueRequired":true,"valueName":"search_term_string"}}],"inLanguage":"de"},{"@type":"Organization","@id":"https:\/\/varsys.ch\/de\/#organization","name":"VARSY'S","url":"https:\/\/varsys.ch\/de\/","logo":{"@type":"ImageObject","inLanguage":"de","@id":"https:\/\/varsys.ch\/de\/#\/schema\/logo\/image\/","url":"https:\/\/varsys.ch\/wp-content\/uploads\/2018\/04\/logo.svg","contentUrl":"https:\/\/varsys.ch\/wp-content\/uploads\/2018\/04\/logo.svg","width":129,"height":117,"caption":"VARSY'S"},"image":{"@id":"https:\/\/varsys.ch\/de\/#\/schema\/logo\/image\/"},"sameAs":["https:\/\/www.facebook.com\/varsys\/","https:\/\/www.instagram.com\/varsys\/"],"description":"Swiss-themed gift products celebrating Switzerland's traditions, landmarks, and culture."}]}},"_links":{"self":[{"href":"https:\/\/varsys.ch\/de\/wp-json\/wp\/v2\/pages\/5437","targetHints":{"allow":["GET"]}}],"collection":[{"href":"https:\/\/varsys.ch\/de\/wp-json\/wp\/v2\/pages"}],"about":[{"href":"https:\/\/varsys.ch\/de\/wp-json\/wp\/v2\/types\/page"}],"author":[{"embeddable":true,"href":"https:\/\/varsys.ch\/de\/wp-json\/wp\/v2\/users\/70"}],"replies":[{"embeddable":true,"href":"https:\/\/varsys.ch\/de\/wp-json\/wp\/v2\/comments?post=5437"}],"version-history":[{"count":0,"href":"https:\/\/varsys.ch\/de\/wp-json\/wp\/v2\/pages\/5437\/revisions"}],"up":[{"embeddable":true,"href":"https:\/\/varsys.ch\/de\/wp-json\/wp\/v2\/pages\/5090"}],"wp:featuredmedia":[{"embeddable":true,"href":"https:\/\/varsys.ch\/de\/wp-json\/wp\/v2\/media\/5439"}],"wp:attachment":[{"href":"https:\/\/varsys.ch\/de\/wp-json\/wp\/v2\/media?parent=5437"}],"curies":[{"name":"wp","href":"https:\/\/api.w.org\/{rel}","templated":true}]}}