{"id":5478,"date":"2018-10-18T05:59:59","date_gmt":"2018-10-18T04:59:59","guid":{"rendered":"https:\/\/varsys.przm.ch\/legendenbox-select\/"},"modified":"2019-11-25T10:08:06","modified_gmt":"2019-11-25T09:08:06","slug":"legendbox-select-2","status":"publish","type":"page","link":"https:\/\/varsys.ch\/de\/products-all\/legendbox-select-2\/","title":{"rendered":"Legendenbox Select"},"content":{"rendered":"<div class=\"wpb-content-wrapper\"><p>[vc_row el_class=&#8220;catecory-product-list&#8220;][vc_column][vc_basic_grid post_type=&#8220;product&#8220; max_items=&#8220;40&#8243; gap=&#8220;20&#8243; item=&#8220;886&#8243; initial_loading_animation=&#8220;none&#8220; grid_id=&#8220;vc_gid:1539839078299-5ddb2849-6c28-7&#8243; taxonomies=&#8220;117&#8243;][\/vc_column][\/vc_row][vc_row][vc_column][vc_column_text]<\/p>\n<div class=\"home-title-02\">\n<div class=\"container\">\n<div class=\"header-title\">\n<h2 style=\"text-align: center;\">\u201cWir meinen, das M\u00e4rchen und das Spiel geh\u00f6re zur Kindheit: wir Kurzsichtigen! Als ob wir in irgend einem Lebensalter ohne M\u00e4rchen und Spiel leben m\u00f6chten!\u201d<\/h2>\n<blockquote>\n<p style=\"text-align: center;\">Friedrich Wilhelm Nietzsche<\/p>\n<\/blockquote>\n<div class=\"header-title-bot\"><\/div>\n<\/div>\n<\/div>\n<\/div>\n<p>[\/vc_column_text][\/vc_column][\/vc_row][vc_row][vc_column][vc_column_text][\/vc_column_text][\/vc_column][\/vc_row][vc_row][vc_column][vc_column_text]<\/p>\n<div class=\"banners-2 dark\">\n<div class=\"container\">\n<div class=\"banner-box\" style=\"background: url('\/wp-content\/uploads\/2018\/02\/childsafe-1.jpg');\">\n<div class=\"banner-box-square\" style=\"background: url('\/wp-content\/uploads\/2018\/02\/childsafe-1.jpg');\"><\/div>\n<div class=\"banner-box-content\">\n<div class=\"banner-content\">\n<h1>KINDERSICHER<\/h1>\n<p>Die haltbare Druckfarbe auf unserer Legendenbox Classic und Legendenbox Limited Edition ist als \u201cGREENGUARD Gold\u201d zertifiziert, was bedeutet, dass diese kindersicher und umweltfreundlich ist. Das Sicherheitssiegel folgt dabei strengen Auflagen und garantiert damit, dass anf\u00e4lligere oder empfindlichere Personen wie Kinder oder \u00e4ltere Menschen nicht beeintr\u00e4chtigt werden. Dadurch k\u00f6nnen unsere Produkte auch in Schulen oder Bereichen der Gesundheitspflege eingesetzt werden.<\/p>\n<\/div>\n<\/div>\n<\/div>\n<\/div>\n<\/div>\n<p>[\/vc_column_text][\/vc_column][\/vc_row][vc_row css=&#8220;.vc_custom_1517936287595{margin-bottom: 20px !important;}&#8220;][vc_column][vc_column_text]<\/p>\n<div class=\"banners-1 dark\">\n<div class=\"container\">\n<div class=\"banner-box\" style=\"background: url('\/wp-content\/uploads\/2018\/02\/craftmanship_dark.png');\">\n<div class=\"banner-box-square\" style=\"background: url('\/wp-content\/uploads\/2018\/02\/craftmanship_dark.png');\"><\/div>\n<div class=\"banner-box-content\">\n<div class=\"banner-content\">\n<h1>HANDWERKSKUNST<\/h1>\n<p>Alle unsere Produkte sind \u201cMade in Switzerland\u201d. Dabei folgen wir den h\u00f6chsten ethischen Standards, suchen unsere historischen Quellen und unsere Partner sorgsam aus und haben stets ein Auge aufs Detail, um sicherzustellen, dass unsere Produkte inhaltlich durch unsere gr\u00fcndliche Recherche, optisch durch ihr grossartiges Design, aber auch \u00f6kologisch durch ihre Haltbarkeit und nachhaltige Herstellung \u00fcberzeugen k\u00f6nnen.<br \/>\n<a class=\"btn\" href=\"https:\/\/varsys.ch\/de\/our-story\/craftsmanship\/\">Weiterlesen<\/a><\/p>\n<\/div>\n<\/div>\n<\/div>\n<\/div>\n<\/div>\n<p>[\/vc_column_text][\/vc_column][\/vc_row]<\/p>\n<\/div>","protected":false},"excerpt":{"rendered":"<p>[vc_row el_class=&#8220;catecory-product-list&#8220;][vc_column][vc_basic_grid post_type=&#8220;product&#8220; max_items=&#8220;40&#8243; gap=&#8220;20&#8243; item=&#8220;886&#8243; initial_loading_animation=&#8220;none&#8220; grid_id=&#8220;vc_gid:1539839078299-5ddb2849-6c28-7&#8243; taxonomies=&#8220;117&#8243;][\/vc_column][\/vc_row][vc_row][vc_column][vc_column_text] \u201cWir meinen, das M\u00e4rchen und das Spiel geh\u00f6re zur Kindheit: wir Kurzsichtigen! Als ob wir in irgend einem Lebensalter ohne M\u00e4rchen und Spiel leben m\u00f6chten!\u201d Friedrich Wilhelm Nietzsche [\/vc_column_text][\/vc_column][\/vc_row][vc_row][vc_column][vc_column_text][\/vc_column_text][\/vc_column][\/vc_row][vc_row][vc_column][vc_column_text] KINDERSICHER Die haltbare Druckfarbe auf unserer Legendenbox Classic und Legendenbox Limited Edition ist als \u201cGREENGUARD Gold\u201d zertifiziert,<\/p>\n","protected":false},"author":70,"featured_media":5480,"parent":5090,"menu_order":0,"comment_status":"closed","ping_status":"closed","template":"template-category.php","meta":{"_acf_changed":false,"inline_featured_image":false,"footnotes":""},"class_list":["post-5478","page","type-page","status-publish","has-post-thumbnail","hentry"],"acf":[],"yoast_head":"<!-- This site is optimized with the Yoast SEO Premium plugin v26.9 (Yoast SEO v27.3) - https:\/\/yoast.com\/product\/yoast-seo-premium-wordpress\/ -->\n<title>Legendenbox Select &#8212; VARSY&#039;S Legenden der Schweiz<\/title>\n<meta name=\"description\" content=\"\u201cWir meinen, das M\u00e4rchen und das Spiel geh\u00f6re zur Kindheit: wir Kurzsichtigen! Als ob wir in irgend einem Lebensalter ohne M\u00e4rchen und Spiel leben\" \/>\n<meta name=\"robots\" content=\"index, follow, max-snippet:-1, max-image-preview:large, max-video-preview:-1\" \/>\n<link rel=\"canonical\" href=\"https:\/\/varsys.ch\/de\/products-all\/legendbox-select-2\/\" \/>\n<meta property=\"og:locale\" content=\"de_DE\" \/>\n<meta property=\"og:type\" content=\"article\" \/>\n<meta property=\"og:title\" content=\"Legendenbox Select\" \/>\n<meta property=\"og:description\" content=\"\u201cWir meinen, das M\u00e4rchen und das Spiel geh\u00f6re zur Kindheit: wir Kurzsichtigen! Als ob wir in irgend einem Lebensalter ohne M\u00e4rchen und Spiel leben\" \/>\n<meta property=\"og:url\" content=\"https:\/\/varsys.ch\/de\/products-all\/legendbox-select-2\/\" \/>\n<meta property=\"og:site_name\" content=\"VARSY&#039;S Legenden der Schweiz\" \/>\n<meta property=\"article:publisher\" content=\"https:\/\/www.facebook.com\/varsys\/\" \/>\n<meta property=\"article:modified_time\" content=\"2019-11-25T09:08:06+00:00\" \/>\n<meta property=\"og:image\" content=\"https:\/\/varsys.ch\/wp-content\/uploads\/2018\/10\/Varsys_Legendbox_Select_2018-10-11_v5.jpg\" \/>\n\t<meta property=\"og:image:width\" content=\"800\" \/>\n\t<meta property=\"og:image:height\" content=\"800\" \/>\n\t<meta property=\"og:image:type\" content=\"image\/jpeg\" \/>\n<meta name=\"twitter:card\" content=\"summary_large_image\" \/>\n<meta name=\"twitter:label1\" content=\"Gesch\u00e4tzte Lesezeit\" \/>\n\t<meta name=\"twitter:data1\" content=\"1\u00a0Minute\" \/>\n<script type=\"application\/ld+json\" class=\"yoast-schema-graph\">{\"@context\":\"https:\\\/\\\/schema.org\",\"@graph\":[{\"@type\":\"WebPage\",\"@id\":\"https:\\\/\\\/varsys.ch\\\/de\\\/products-all\\\/legendbox-select-2\\\/\",\"url\":\"https:\\\/\\\/varsys.ch\\\/de\\\/products-all\\\/legendbox-select-2\\\/\",\"name\":\"Legendenbox Select &#8212; VARSY&#039;S Legenden der Schweiz\",\"isPartOf\":{\"@id\":\"https:\\\/\\\/varsys.ch\\\/de\\\/#website\"},\"primaryImageOfPage\":{\"@id\":\"https:\\\/\\\/varsys.ch\\\/de\\\/products-all\\\/legendbox-select-2\\\/#primaryimage\"},\"image\":{\"@id\":\"https:\\\/\\\/varsys.ch\\\/de\\\/products-all\\\/legendbox-select-2\\\/#primaryimage\"},\"thumbnailUrl\":\"https:\\\/\\\/varsys.ch\\\/wp-content\\\/uploads\\\/2018\\\/10\\\/Varsys_Legendbox_Select_2018-10-11_v5.jpg\",\"datePublished\":\"2018-10-18T04:59:59+00:00\",\"dateModified\":\"2019-11-25T09:08:06+00:00\",\"description\":\"\u201cWir meinen, das M\u00e4rchen und das Spiel geh\u00f6re zur Kindheit: wir Kurzsichtigen! Als ob wir in irgend einem Lebensalter ohne M\u00e4rchen und Spiel leben\",\"breadcrumb\":{\"@id\":\"https:\\\/\\\/varsys.ch\\\/de\\\/products-all\\\/legendbox-select-2\\\/#breadcrumb\"},\"inLanguage\":\"de\",\"potentialAction\":[{\"@type\":\"ReadAction\",\"target\":[\"https:\\\/\\\/varsys.ch\\\/de\\\/products-all\\\/legendbox-select-2\\\/\"]}]},{\"@type\":\"ImageObject\",\"inLanguage\":\"de\",\"@id\":\"https:\\\/\\\/varsys.ch\\\/de\\\/products-all\\\/legendbox-select-2\\\/#primaryimage\",\"url\":\"https:\\\/\\\/varsys.ch\\\/wp-content\\\/uploads\\\/2018\\\/10\\\/Varsys_Legendbox_Select_2018-10-11_v5.jpg\",\"contentUrl\":\"https:\\\/\\\/varsys.ch\\\/wp-content\\\/uploads\\\/2018\\\/10\\\/Varsys_Legendbox_Select_2018-10-11_v5.jpg\",\"width\":800,\"height\":800},{\"@type\":\"BreadcrumbList\",\"@id\":\"https:\\\/\\\/varsys.ch\\\/de\\\/products-all\\\/legendbox-select-2\\\/#breadcrumb\",\"itemListElement\":[{\"@type\":\"ListItem\",\"position\":1,\"name\":\"Home\",\"item\":\"https:\\\/\\\/varsys.ch\\\/de\\\/\"},{\"@type\":\"ListItem\",\"position\":2,\"name\":\"Products All Category\",\"item\":\"https:\\\/\\\/varsys.ch\\\/de\\\/products-all\\\/\"},{\"@type\":\"ListItem\",\"position\":3,\"name\":\"Legendenbox Select\"}]},{\"@type\":\"WebSite\",\"@id\":\"https:\\\/\\\/varsys.ch\\\/de\\\/#website\",\"url\":\"https:\\\/\\\/varsys.ch\\\/de\\\/\",\"name\":\"VARSY&#039;S Legenden der Schweiz\",\"description\":\"VARSY&#039;S Legenden der Schweiz\",\"publisher\":{\"@id\":\"https:\\\/\\\/varsys.ch\\\/de\\\/#organization\"},\"potentialAction\":[{\"@type\":\"SearchAction\",\"target\":{\"@type\":\"EntryPoint\",\"urlTemplate\":\"https:\\\/\\\/varsys.ch\\\/de\\\/?s={search_term_string}\"},\"query-input\":{\"@type\":\"PropertyValueSpecification\",\"valueRequired\":true,\"valueName\":\"search_term_string\"}}],\"inLanguage\":\"de\"},{\"@type\":\"Organization\",\"@id\":\"https:\\\/\\\/varsys.ch\\\/de\\\/#organization\",\"name\":\"VARSY'S\",\"url\":\"https:\\\/\\\/varsys.ch\\\/de\\\/\",\"logo\":{\"@type\":\"ImageObject\",\"inLanguage\":\"de\",\"@id\":\"https:\\\/\\\/varsys.ch\\\/de\\\/#\\\/schema\\\/logo\\\/image\\\/\",\"url\":\"https:\\\/\\\/varsys.ch\\\/wp-content\\\/uploads\\\/2018\\\/04\\\/logo.svg\",\"contentUrl\":\"https:\\\/\\\/varsys.ch\\\/wp-content\\\/uploads\\\/2018\\\/04\\\/logo.svg\",\"width\":129,\"height\":117,\"caption\":\"VARSY'S\"},\"image\":{\"@id\":\"https:\\\/\\\/varsys.ch\\\/de\\\/#\\\/schema\\\/logo\\\/image\\\/\"},\"sameAs\":[\"https:\\\/\\\/www.facebook.com\\\/varsys\\\/\",\"https:\\\/\\\/www.instagram.com\\\/varsys\\\/\"],\"description\":\"Swiss-themed gift products celebrating Switzerland's traditions, landmarks, and culture.\"}]}<\/script>\n<!-- \/ Yoast SEO Premium plugin. -->","yoast_head_json":{"title":"Legendenbox Select &#8212; VARSY&#039;S Legenden der Schweiz","description":"\u201cWir meinen, das M\u00e4rchen und das Spiel geh\u00f6re zur Kindheit: wir Kurzsichtigen! Als ob wir in irgend einem Lebensalter ohne M\u00e4rchen und Spiel leben","robots":{"index":"index","follow":"follow","max-snippet":"max-snippet:-1","max-image-preview":"max-image-preview:large","max-video-preview":"max-video-preview:-1"},"canonical":"https:\/\/varsys.ch\/de\/products-all\/legendbox-select-2\/","og_locale":"de_DE","og_type":"article","og_title":"Legendenbox Select","og_description":"\u201cWir meinen, das M\u00e4rchen und das Spiel geh\u00f6re zur Kindheit: wir Kurzsichtigen! Als ob wir in irgend einem Lebensalter ohne M\u00e4rchen und Spiel leben","og_url":"https:\/\/varsys.ch\/de\/products-all\/legendbox-select-2\/","og_site_name":"VARSY&#039;S Legenden der Schweiz","article_publisher":"https:\/\/www.facebook.com\/varsys\/","article_modified_time":"2019-11-25T09:08:06+00:00","og_image":[{"width":800,"height":800,"url":"https:\/\/varsys.ch\/wp-content\/uploads\/2018\/10\/Varsys_Legendbox_Select_2018-10-11_v5.jpg","type":"image\/jpeg"}],"twitter_card":"summary_large_image","twitter_misc":{"Gesch\u00e4tzte Lesezeit":"1\u00a0Minute"},"schema":{"@context":"https:\/\/schema.org","@graph":[{"@type":"WebPage","@id":"https:\/\/varsys.ch\/de\/products-all\/legendbox-select-2\/","url":"https:\/\/varsys.ch\/de\/products-all\/legendbox-select-2\/","name":"Legendenbox Select &#8212; VARSY&#039;S Legenden der Schweiz","isPartOf":{"@id":"https:\/\/varsys.ch\/de\/#website"},"primaryImageOfPage":{"@id":"https:\/\/varsys.ch\/de\/products-all\/legendbox-select-2\/#primaryimage"},"image":{"@id":"https:\/\/varsys.ch\/de\/products-all\/legendbox-select-2\/#primaryimage"},"thumbnailUrl":"https:\/\/varsys.ch\/wp-content\/uploads\/2018\/10\/Varsys_Legendbox_Select_2018-10-11_v5.jpg","datePublished":"2018-10-18T04:59:59+00:00","dateModified":"2019-11-25T09:08:06+00:00","description":"\u201cWir meinen, das M\u00e4rchen und das Spiel geh\u00f6re zur Kindheit: wir Kurzsichtigen! Als ob wir in irgend einem Lebensalter ohne M\u00e4rchen und Spiel leben","breadcrumb":{"@id":"https:\/\/varsys.ch\/de\/products-all\/legendbox-select-2\/#breadcrumb"},"inLanguage":"de","potentialAction":[{"@type":"ReadAction","target":["https:\/\/varsys.ch\/de\/products-all\/legendbox-select-2\/"]}]},{"@type":"ImageObject","inLanguage":"de","@id":"https:\/\/varsys.ch\/de\/products-all\/legendbox-select-2\/#primaryimage","url":"https:\/\/varsys.ch\/wp-content\/uploads\/2018\/10\/Varsys_Legendbox_Select_2018-10-11_v5.jpg","contentUrl":"https:\/\/varsys.ch\/wp-content\/uploads\/2018\/10\/Varsys_Legendbox_Select_2018-10-11_v5.jpg","width":800,"height":800},{"@type":"BreadcrumbList","@id":"https:\/\/varsys.ch\/de\/products-all\/legendbox-select-2\/#breadcrumb","itemListElement":[{"@type":"ListItem","position":1,"name":"Home","item":"https:\/\/varsys.ch\/de\/"},{"@type":"ListItem","position":2,"name":"Products All Category","item":"https:\/\/varsys.ch\/de\/products-all\/"},{"@type":"ListItem","position":3,"name":"Legendenbox Select"}]},{"@type":"WebSite","@id":"https:\/\/varsys.ch\/de\/#website","url":"https:\/\/varsys.ch\/de\/","name":"VARSY&#039;S Legenden der Schweiz","description":"VARSY&#039;S Legenden der Schweiz","publisher":{"@id":"https:\/\/varsys.ch\/de\/#organization"},"potentialAction":[{"@type":"SearchAction","target":{"@type":"EntryPoint","urlTemplate":"https:\/\/varsys.ch\/de\/?s={search_term_string}"},"query-input":{"@type":"PropertyValueSpecification","valueRequired":true,"valueName":"search_term_string"}}],"inLanguage":"de"},{"@type":"Organization","@id":"https:\/\/varsys.ch\/de\/#organization","name":"VARSY'S","url":"https:\/\/varsys.ch\/de\/","logo":{"@type":"ImageObject","inLanguage":"de","@id":"https:\/\/varsys.ch\/de\/#\/schema\/logo\/image\/","url":"https:\/\/varsys.ch\/wp-content\/uploads\/2018\/04\/logo.svg","contentUrl":"https:\/\/varsys.ch\/wp-content\/uploads\/2018\/04\/logo.svg","width":129,"height":117,"caption":"VARSY'S"},"image":{"@id":"https:\/\/varsys.ch\/de\/#\/schema\/logo\/image\/"},"sameAs":["https:\/\/www.facebook.com\/varsys\/","https:\/\/www.instagram.com\/varsys\/"],"description":"Swiss-themed gift products celebrating Switzerland's traditions, landmarks, and culture."}]}},"_links":{"self":[{"href":"https:\/\/varsys.ch\/de\/wp-json\/wp\/v2\/pages\/5478","targetHints":{"allow":["GET"]}}],"collection":[{"href":"https:\/\/varsys.ch\/de\/wp-json\/wp\/v2\/pages"}],"about":[{"href":"https:\/\/varsys.ch\/de\/wp-json\/wp\/v2\/types\/page"}],"author":[{"embeddable":true,"href":"https:\/\/varsys.ch\/de\/wp-json\/wp\/v2\/users\/70"}],"replies":[{"embeddable":true,"href":"https:\/\/varsys.ch\/de\/wp-json\/wp\/v2\/comments?post=5478"}],"version-history":[{"count":0,"href":"https:\/\/varsys.ch\/de\/wp-json\/wp\/v2\/pages\/5478\/revisions"}],"up":[{"embeddable":true,"href":"https:\/\/varsys.ch\/de\/wp-json\/wp\/v2\/pages\/5090"}],"wp:featuredmedia":[{"embeddable":true,"href":"https:\/\/varsys.ch\/de\/wp-json\/wp\/v2\/media\/5480"}],"wp:attachment":[{"href":"https:\/\/varsys.ch\/de\/wp-json\/wp\/v2\/media?parent=5478"}],"curies":[{"name":"wp","href":"https:\/\/api.w.org\/{rel}","templated":true}]}}