{"id":5482,"date":"2018-10-18T06:11:39","date_gmt":"2018-10-18T05:11:39","guid":{"rendered":"https:\/\/varsys.przm.ch\/mal-geschichtenbuch\/"},"modified":"2020-02-06T13:37:56","modified_gmt":"2020-02-06T12:37:56","slug":"geschichtenbuch","status":"publish","type":"page","link":"https:\/\/varsys.ch\/de\/products-all\/geschichtenbuch\/","title":{"rendered":"Mal- &#038; Geschichtenbuch"},"content":{"rendered":"<div class=\"wpb-content-wrapper\"><p>[vc_row el_class=&#8220;catecory-product-list&#8220;][vc_column][vc_basic_grid post_type=&#8220;product&#8220; max_items=&#8220;40&#8243; gap=&#8220;20&#8243; item=&#8220;886&#8243; initial_loading_animation=&#8220;none&#8220; grid_id=&#8220;vc_gid:1539839675577-9c0485ed-239c-2&#8243; taxonomies=&#8220;112&#8243;][\/vc_column][\/vc_row][vc_row][vc_column][vc_column_text]<\/p>\n<div class=\"home-title-02\">\n<div class=\"container\">\n<div class=\"header-title\">\n<h2 style=\"text-align: center;\">\u201cLegenden und M\u00e4rchen sind oft n\u00e4her an der Wirklichkeit als amtliche Verlautbarungen\u201d<\/h2>\n<blockquote>\n<p style=\"text-align: center;\">Heinrich Albertz<\/p>\n<\/blockquote>\n<div class=\"header-title-bot\"><\/div>\n<\/div>\n<\/div>\n<\/div>\n<p>[\/vc_column_text][\/vc_column][\/vc_row][vc_row][vc_column][vc_column_text][\/vc_column_text][\/vc_column][\/vc_row][vc_row][vc_column][vc_column_text]<\/p>\n<div class=\"banners-2 dark\">\n<div class=\"container\">\n<div class=\"banner-box\" style=\"background: url('\/wp-content\/uploads\/2018\/02\/childsafe-1.jpg');\">\n<div class=\"banner-box-square\" style=\"background: url('\/wp-content\/uploads\/2018\/02\/childsafe-1.jpg');\"><\/div>\n<div class=\"banner-box-content\">\n<div class=\"banner-content\">\n<h1>KINDERSICHER<\/h1>\n<p>Die haltbare Druckfarbe auf unserer Legendenbox Classic und Legendenbox Limited Edition ist als \u201cGREENGUARD Gold\u201d zertifiziert, was bedeutet, dass diese kindersicher und umweltfreundlich ist. Das Sicherheitssiegel folgt dabei strengen Auflagen und garantiert damit, dass anf\u00e4lligere oder empfindlichere Personen wie Kinder oder \u00e4ltere Menschen nicht beeintr\u00e4chtigt werden. Dadurch k\u00f6nnen unsere Produkte auch in Schulen oder Bereichen der Gesundheitspflege eingesetzt werden.<\/p>\n<\/div>\n<\/div>\n<\/div>\n<\/div>\n<\/div>\n<p>[\/vc_column_text][\/vc_column][\/vc_row][vc_row css=&#8220;.vc_custom_1517936287595{margin-bottom: 20px !important;}&#8220;][vc_column][vc_column_text]<\/p>\n<div class=\"banners-1 dark\">\n<div class=\"container\">\n<div class=\"banner-box\" style=\"background: url('\/wp-content\/uploads\/2018\/02\/helping-others-1.jpg');\">\n<div class=\"banner-box-square\" style=\"background: url('\/wp-content\/uploads\/2018\/02\/helping-others-1.jpg');\"><\/div>\n<div class=\"banner-box-content\">\n<div class=\"banner-content\">\n<h1>NACHHALTIGKEIT<\/h1>\n<p>Die Erhaltung unserer Umwelt ist essenziell f\u00fcr unsere Kinder und nachfolgende Generationen. Deshalb benutzen wir umweltfreundliche und recyclebare Produkte, wann immer es m\u00f6glich ist. Unsere Papierwaren sind FSC\u00ae-zertifiziert, um sicherzustellen, dass sie aus verantwortungsbewusst betriebenen Forstwirtschaften kommen, die sich einem umweltfreundlichen, sozial und \u00f6konomisch bewussten Umgang verschrieben haben.<\/p>\n<\/div>\n<\/div>\n<\/div>\n<\/div>\n<\/div>\n<p>[\/vc_column_text][\/vc_column][\/vc_row]<\/p>\n<\/div>","protected":false},"excerpt":{"rendered":"<p>[vc_row el_class=&#8220;catecory-product-list&#8220;][vc_column][vc_basic_grid post_type=&#8220;product&#8220; max_items=&#8220;40&#8243; gap=&#8220;20&#8243; item=&#8220;886&#8243; initial_loading_animation=&#8220;none&#8220; grid_id=&#8220;vc_gid:1539839675577-9c0485ed-239c-2&#8243; taxonomies=&#8220;112&#8243;][\/vc_column][\/vc_row][vc_row][vc_column][vc_column_text] \u201cLegenden und M\u00e4rchen sind oft n\u00e4her an der Wirklichkeit als amtliche Verlautbarungen\u201d Heinrich Albertz [\/vc_column_text][\/vc_column][\/vc_row][vc_row][vc_column][vc_column_text][\/vc_column_text][\/vc_column][\/vc_row][vc_row][vc_column][vc_column_text] KINDERSICHER Die haltbare Druckfarbe auf unserer Legendenbox Classic und Legendenbox Limited Edition ist als \u201cGREENGUARD Gold\u201d zertifiziert, was bedeutet, dass diese kindersicher und umweltfreundlich ist. Das Sicherheitssiegel folgt dabei strengen Auflagen<\/p>\n","protected":false},"author":70,"featured_media":5111,"parent":5090,"menu_order":100,"comment_status":"closed","ping_status":"closed","template":"template-category.php","meta":{"_acf_changed":false,"inline_featured_image":false,"footnotes":""},"class_list":["post-5482","page","type-page","status-publish","has-post-thumbnail","hentry"],"acf":[],"yoast_head":"<!-- This site is optimized with the Yoast SEO Premium plugin v26.9 (Yoast SEO v27.3) - https:\/\/yoast.com\/product\/yoast-seo-premium-wordpress\/ -->\n<title>Mal- &amp; Geschichtenbuch &#8212; VARSY&#039;S Legenden der Schweiz<\/title>\n<meta name=\"description\" content=\"\u201cLegenden und M\u00e4rchen sind oft n\u00e4her an der Wirklichkeit als amtliche Verlautbarungen\u201d Heinrich Albertz KINDERSICHER Die haltbare Druckfarbe auf unserer\" \/>\n<meta name=\"robots\" content=\"index, follow, max-snippet:-1, max-image-preview:large, max-video-preview:-1\" \/>\n<link rel=\"canonical\" href=\"https:\/\/varsys.ch\/de\/products-all\/geschichtenbuch\/\" \/>\n<meta property=\"og:locale\" content=\"de_DE\" \/>\n<meta property=\"og:type\" content=\"article\" \/>\n<meta property=\"og:title\" content=\"Mal- &amp; Geschichtenbuch\" \/>\n<meta property=\"og:description\" content=\"\u201cLegenden und M\u00e4rchen sind oft n\u00e4her an der Wirklichkeit als amtliche Verlautbarungen\u201d Heinrich Albertz KINDERSICHER Die haltbare Druckfarbe auf unserer\" \/>\n<meta property=\"og:url\" content=\"https:\/\/varsys.ch\/de\/products-all\/geschichtenbuch\/\" \/>\n<meta property=\"og:site_name\" content=\"VARSY&#039;S Legenden der Schweiz\" \/>\n<meta property=\"article:publisher\" content=\"https:\/\/www.facebook.com\/varsys\/\" \/>\n<meta property=\"article:modified_time\" content=\"2020-02-06T12:37:56+00:00\" \/>\n<meta property=\"og:image\" content=\"https:\/\/varsys.ch\/wp-content\/uploads\/2018\/02\/Postcards.jpg\" \/>\n\t<meta property=\"og:image:width\" content=\"800\" \/>\n\t<meta property=\"og:image:height\" content=\"800\" \/>\n\t<meta property=\"og:image:type\" content=\"image\/jpeg\" \/>\n<meta name=\"twitter:card\" content=\"summary_large_image\" \/>\n<meta name=\"twitter:label1\" content=\"Gesch\u00e4tzte Lesezeit\" \/>\n\t<meta name=\"twitter:data1\" content=\"1\u00a0Minute\" \/>\n<script type=\"application\/ld+json\" class=\"yoast-schema-graph\">{\"@context\":\"https:\\\/\\\/schema.org\",\"@graph\":[{\"@type\":\"WebPage\",\"@id\":\"https:\\\/\\\/varsys.ch\\\/de\\\/products-all\\\/geschichtenbuch\\\/\",\"url\":\"https:\\\/\\\/varsys.ch\\\/de\\\/products-all\\\/geschichtenbuch\\\/\",\"name\":\"Mal- & Geschichtenbuch &#8212; VARSY&#039;S Legenden der Schweiz\",\"isPartOf\":{\"@id\":\"https:\\\/\\\/varsys.ch\\\/de\\\/#website\"},\"primaryImageOfPage\":{\"@id\":\"https:\\\/\\\/varsys.ch\\\/de\\\/products-all\\\/geschichtenbuch\\\/#primaryimage\"},\"image\":{\"@id\":\"https:\\\/\\\/varsys.ch\\\/de\\\/products-all\\\/geschichtenbuch\\\/#primaryimage\"},\"thumbnailUrl\":\"https:\\\/\\\/varsys.ch\\\/wp-content\\\/uploads\\\/2018\\\/02\\\/Postcards.jpg\",\"datePublished\":\"2018-10-18T05:11:39+00:00\",\"dateModified\":\"2020-02-06T12:37:56+00:00\",\"description\":\"\u201cLegenden und M\u00e4rchen sind oft n\u00e4her an der Wirklichkeit als amtliche Verlautbarungen\u201d Heinrich Albertz KINDERSICHER Die haltbare Druckfarbe auf unserer\",\"breadcrumb\":{\"@id\":\"https:\\\/\\\/varsys.ch\\\/de\\\/products-all\\\/geschichtenbuch\\\/#breadcrumb\"},\"inLanguage\":\"de\",\"potentialAction\":[{\"@type\":\"ReadAction\",\"target\":[\"https:\\\/\\\/varsys.ch\\\/de\\\/products-all\\\/geschichtenbuch\\\/\"]}]},{\"@type\":\"ImageObject\",\"inLanguage\":\"de\",\"@id\":\"https:\\\/\\\/varsys.ch\\\/de\\\/products-all\\\/geschichtenbuch\\\/#primaryimage\",\"url\":\"https:\\\/\\\/varsys.ch\\\/wp-content\\\/uploads\\\/2018\\\/02\\\/Postcards.jpg\",\"contentUrl\":\"https:\\\/\\\/varsys.ch\\\/wp-content\\\/uploads\\\/2018\\\/02\\\/Postcards.jpg\",\"width\":800,\"height\":800},{\"@type\":\"BreadcrumbList\",\"@id\":\"https:\\\/\\\/varsys.ch\\\/de\\\/products-all\\\/geschichtenbuch\\\/#breadcrumb\",\"itemListElement\":[{\"@type\":\"ListItem\",\"position\":1,\"name\":\"Home\",\"item\":\"https:\\\/\\\/varsys.ch\\\/de\\\/\"},{\"@type\":\"ListItem\",\"position\":2,\"name\":\"Products All Category\",\"item\":\"https:\\\/\\\/varsys.ch\\\/de\\\/products-all\\\/\"},{\"@type\":\"ListItem\",\"position\":3,\"name\":\"Mal- &#038; Geschichtenbuch\"}]},{\"@type\":\"WebSite\",\"@id\":\"https:\\\/\\\/varsys.ch\\\/de\\\/#website\",\"url\":\"https:\\\/\\\/varsys.ch\\\/de\\\/\",\"name\":\"VARSY&#039;S Legenden der Schweiz\",\"description\":\"VARSY&#039;S Legenden der Schweiz\",\"publisher\":{\"@id\":\"https:\\\/\\\/varsys.ch\\\/de\\\/#organization\"},\"potentialAction\":[{\"@type\":\"SearchAction\",\"target\":{\"@type\":\"EntryPoint\",\"urlTemplate\":\"https:\\\/\\\/varsys.ch\\\/de\\\/?s={search_term_string}\"},\"query-input\":{\"@type\":\"PropertyValueSpecification\",\"valueRequired\":true,\"valueName\":\"search_term_string\"}}],\"inLanguage\":\"de\"},{\"@type\":\"Organization\",\"@id\":\"https:\\\/\\\/varsys.ch\\\/de\\\/#organization\",\"name\":\"VARSY'S\",\"url\":\"https:\\\/\\\/varsys.ch\\\/de\\\/\",\"logo\":{\"@type\":\"ImageObject\",\"inLanguage\":\"de\",\"@id\":\"https:\\\/\\\/varsys.ch\\\/de\\\/#\\\/schema\\\/logo\\\/image\\\/\",\"url\":\"https:\\\/\\\/varsys.ch\\\/wp-content\\\/uploads\\\/2018\\\/04\\\/logo.svg\",\"contentUrl\":\"https:\\\/\\\/varsys.ch\\\/wp-content\\\/uploads\\\/2018\\\/04\\\/logo.svg\",\"width\":129,\"height\":117,\"caption\":\"VARSY'S\"},\"image\":{\"@id\":\"https:\\\/\\\/varsys.ch\\\/de\\\/#\\\/schema\\\/logo\\\/image\\\/\"},\"sameAs\":[\"https:\\\/\\\/www.facebook.com\\\/varsys\\\/\",\"https:\\\/\\\/www.instagram.com\\\/varsys\\\/\"],\"description\":\"Swiss-themed gift products celebrating Switzerland's traditions, landmarks, and culture.\"}]}<\/script>\n<!-- \/ Yoast SEO Premium plugin. -->","yoast_head_json":{"title":"Mal- & Geschichtenbuch &#8212; VARSY&#039;S Legenden der Schweiz","description":"\u201cLegenden und M\u00e4rchen sind oft n\u00e4her an der Wirklichkeit als amtliche Verlautbarungen\u201d Heinrich Albertz KINDERSICHER Die haltbare Druckfarbe auf unserer","robots":{"index":"index","follow":"follow","max-snippet":"max-snippet:-1","max-image-preview":"max-image-preview:large","max-video-preview":"max-video-preview:-1"},"canonical":"https:\/\/varsys.ch\/de\/products-all\/geschichtenbuch\/","og_locale":"de_DE","og_type":"article","og_title":"Mal- & Geschichtenbuch","og_description":"\u201cLegenden und M\u00e4rchen sind oft n\u00e4her an der Wirklichkeit als amtliche Verlautbarungen\u201d Heinrich Albertz KINDERSICHER Die haltbare Druckfarbe auf unserer","og_url":"https:\/\/varsys.ch\/de\/products-all\/geschichtenbuch\/","og_site_name":"VARSY&#039;S Legenden der Schweiz","article_publisher":"https:\/\/www.facebook.com\/varsys\/","article_modified_time":"2020-02-06T12:37:56+00:00","og_image":[{"width":800,"height":800,"url":"https:\/\/varsys.ch\/wp-content\/uploads\/2018\/02\/Postcards.jpg","type":"image\/jpeg"}],"twitter_card":"summary_large_image","twitter_misc":{"Gesch\u00e4tzte Lesezeit":"1\u00a0Minute"},"schema":{"@context":"https:\/\/schema.org","@graph":[{"@type":"WebPage","@id":"https:\/\/varsys.ch\/de\/products-all\/geschichtenbuch\/","url":"https:\/\/varsys.ch\/de\/products-all\/geschichtenbuch\/","name":"Mal- & Geschichtenbuch &#8212; VARSY&#039;S Legenden der Schweiz","isPartOf":{"@id":"https:\/\/varsys.ch\/de\/#website"},"primaryImageOfPage":{"@id":"https:\/\/varsys.ch\/de\/products-all\/geschichtenbuch\/#primaryimage"},"image":{"@id":"https:\/\/varsys.ch\/de\/products-all\/geschichtenbuch\/#primaryimage"},"thumbnailUrl":"https:\/\/varsys.ch\/wp-content\/uploads\/2018\/02\/Postcards.jpg","datePublished":"2018-10-18T05:11:39+00:00","dateModified":"2020-02-06T12:37:56+00:00","description":"\u201cLegenden und M\u00e4rchen sind oft n\u00e4her an der Wirklichkeit als amtliche Verlautbarungen\u201d Heinrich Albertz KINDERSICHER Die haltbare Druckfarbe auf unserer","breadcrumb":{"@id":"https:\/\/varsys.ch\/de\/products-all\/geschichtenbuch\/#breadcrumb"},"inLanguage":"de","potentialAction":[{"@type":"ReadAction","target":["https:\/\/varsys.ch\/de\/products-all\/geschichtenbuch\/"]}]},{"@type":"ImageObject","inLanguage":"de","@id":"https:\/\/varsys.ch\/de\/products-all\/geschichtenbuch\/#primaryimage","url":"https:\/\/varsys.ch\/wp-content\/uploads\/2018\/02\/Postcards.jpg","contentUrl":"https:\/\/varsys.ch\/wp-content\/uploads\/2018\/02\/Postcards.jpg","width":800,"height":800},{"@type":"BreadcrumbList","@id":"https:\/\/varsys.ch\/de\/products-all\/geschichtenbuch\/#breadcrumb","itemListElement":[{"@type":"ListItem","position":1,"name":"Home","item":"https:\/\/varsys.ch\/de\/"},{"@type":"ListItem","position":2,"name":"Products All Category","item":"https:\/\/varsys.ch\/de\/products-all\/"},{"@type":"ListItem","position":3,"name":"Mal- &#038; Geschichtenbuch"}]},{"@type":"WebSite","@id":"https:\/\/varsys.ch\/de\/#website","url":"https:\/\/varsys.ch\/de\/","name":"VARSY&#039;S Legenden der Schweiz","description":"VARSY&#039;S Legenden der Schweiz","publisher":{"@id":"https:\/\/varsys.ch\/de\/#organization"},"potentialAction":[{"@type":"SearchAction","target":{"@type":"EntryPoint","urlTemplate":"https:\/\/varsys.ch\/de\/?s={search_term_string}"},"query-input":{"@type":"PropertyValueSpecification","valueRequired":true,"valueName":"search_term_string"}}],"inLanguage":"de"},{"@type":"Organization","@id":"https:\/\/varsys.ch\/de\/#organization","name":"VARSY'S","url":"https:\/\/varsys.ch\/de\/","logo":{"@type":"ImageObject","inLanguage":"de","@id":"https:\/\/varsys.ch\/de\/#\/schema\/logo\/image\/","url":"https:\/\/varsys.ch\/wp-content\/uploads\/2018\/04\/logo.svg","contentUrl":"https:\/\/varsys.ch\/wp-content\/uploads\/2018\/04\/logo.svg","width":129,"height":117,"caption":"VARSY'S"},"image":{"@id":"https:\/\/varsys.ch\/de\/#\/schema\/logo\/image\/"},"sameAs":["https:\/\/www.facebook.com\/varsys\/","https:\/\/www.instagram.com\/varsys\/"],"description":"Swiss-themed gift products celebrating Switzerland's traditions, landmarks, and culture."}]}},"_links":{"self":[{"href":"https:\/\/varsys.ch\/de\/wp-json\/wp\/v2\/pages\/5482","targetHints":{"allow":["GET"]}}],"collection":[{"href":"https:\/\/varsys.ch\/de\/wp-json\/wp\/v2\/pages"}],"about":[{"href":"https:\/\/varsys.ch\/de\/wp-json\/wp\/v2\/types\/page"}],"author":[{"embeddable":true,"href":"https:\/\/varsys.ch\/de\/wp-json\/wp\/v2\/users\/70"}],"replies":[{"embeddable":true,"href":"https:\/\/varsys.ch\/de\/wp-json\/wp\/v2\/comments?post=5482"}],"version-history":[{"count":0,"href":"https:\/\/varsys.ch\/de\/wp-json\/wp\/v2\/pages\/5482\/revisions"}],"up":[{"embeddable":true,"href":"https:\/\/varsys.ch\/de\/wp-json\/wp\/v2\/pages\/5090"}],"wp:featuredmedia":[{"embeddable":true,"href":"https:\/\/varsys.ch\/de\/wp-json\/wp\/v2\/media\/5111"}],"wp:attachment":[{"href":"https:\/\/varsys.ch\/de\/wp-json\/wp\/v2\/media?parent=5482"}],"curies":[{"name":"wp","href":"https:\/\/api.w.org\/{rel}","templated":true}]}}