{"id":5510,"date":"2019-01-09T00:34:11","date_gmt":"2019-01-08T23:34:11","guid":{"rendered":"https:\/\/varsys.przm.ch\/press-release-2019-01-03\/"},"modified":"2019-11-25T10:13:26","modified_gmt":"2019-11-25T09:13:26","slug":"varsys_legends_of_switzerland_wins_international_good_design_award","status":"publish","type":"page","link":"https:\/\/varsys.ch\/de\/varsys_legends_of_switzerland_wins_international_good_design_award\/","title":{"rendered":"Press Release 2019-01-03"},"content":{"rendered":"<div class=\"wpb-content-wrapper\"><p>[vc_row][vc_column][vc_column_text]<\/p>\n<div class=\"home-title-01\">\n<div class=\"container\">\n<div class=\"header-title\">\n<h1 style=\"text-align: center;\">\u201eVARSY\u2019S SAGEN UND LEGENDEN DER SCHWEIZ\u201c GEWINNT DEN INTERNATIONALEN GOODS DESIGN AWARD<\/h1>\n<p class=\"black\" style=\"text-align: center;\">Ein Kultur-Startup feiert Schweizer Sagen und Legenden durch preisgekr\u00f6ntes Design<\/p>\n<div class=\"header-title-bot\"><\/div>\n<\/div>\n<\/div>\n<\/div>\n<p>[\/vc_column_text][\/vc_column][\/vc_row][vc_row][vc_column width=&#8220;1\/4&#8243;][\/vc_column][vc_column width=&#8220;1\/2&#8243;][vc_column_text]<strong>Luzern, 09. Januar 2019<\/strong>\u00a0&#8211; VARSY&#8217;S, ein Startup-Unternehmen aus Luzern, das sich der F\u00f6rderung von altem Schweizer Kulturgut in aller Welt verschrieben hat, wurde mit dem prestigetr\u00e4chtigen <a href=\"https:\/\/www.good-designawards.com\/\" target=\"_blank\" rel=\"noopener noreferrer\">GOOD DESIGN AWARD\u00ae<\/a> 2018 ausgezeichnet. VARSY\u2019S stach unter Tausenden von Bewerbern aus \u00fcber 47 L\u00e4ndern hervor und erhielt die Auszeichnung f\u00fcr sein herausragendes Design, die \u00c4sthetik, Innovation und den Mehrwert des Unternehmens f\u00fcr die Gesellschaft.<\/p>\n<p>&nbsp;<\/p>\n<p>Die Gewinner wurden von einer internationalen Jury aus Architekten, Designern und Kreativdirektoren des Europ\u00e4ischen Zentrums f\u00fcr Architektur, Kunst, Design und St\u00e4dtebau sowie des Chicago Athenaeum Museum f\u00fcr Architektur und Design in den Vereinigten Staaten ausgew\u00e4hlt.<\/p>\n<p>[\/vc_column_text][vc_single_image image=&#8220;5511&#8243; alignment=&#8220;center&#8220;][vc_empty_space height=&#8220;20px&#8220;][vc_column_text]\u201eEs ist eine unglaubliche Ehre f\u00fcr unser kleines Unternehmen, mit einem der weltweit f\u00fchrenden Designpreisen ausgezeichnet zu werden\u201c, sagt Varsy Buchmann, Gr\u00fcnderin und CEO von VARSY\u2019S. \u201eIch hoffe, dass diese Auszeichnung dazu beitragen wird, das internationale Bewusstsein f\u00fcr all die wunderbaren Geschichten und das kulturelle Erbe der Schweiz anzufachen.<\/p>\n<p>&nbsp;<\/p>\n<p>\u201eIn Grossbritannien gibt es seit jeher mythische Helden wie King Arthur und Robin Hood. Viele Leute beginnen aber erst jetzt die mythische Vergangenheit der Schweiz, wie den Volkshelden William Tell oder das Basilisk-Monster, das 1474 Basel terrorisierte, zu entdecken. Diese Geschichten sollten gefeiert werden, statt zu verblassen. Die Schweiz ist so viel mehr als nur Banken und Uhren\u201c, f\u00fcgt Buchmann an.<\/p>\n<p>&nbsp;<\/p>\n<p>VARSY\u2019S will es mit spielerischen und k\u00fcnstlerischen Geschenken aus der Schweiz einfach und unterhaltsam machen, Sagen und Legenden zu vermitteln. \u201eWir konzentrieren uns auf das Erz\u00e4hlen von Geschichten, die Kultur und Handwerkskunst\u201c, sagt Nathan Ornick, einer der VARSY-Partner. \u201eWir verbinden Legenden mit Schweizer St\u00e4dten, um Einheimische anzusprechen, die daran interessiert sind, die Geschichte der Heimat zu bewahren und die Liebe zum Land zu teilen. Ausserdem m\u00f6chten wir Touristen die M\u00f6glichkeit geben, ein Schweizer Souvenir, das eine wirkliche Geschichte erz\u00e4hlt mit nach Hause zu nehmen.\u201c<\/p>\n<p>&nbsp;<\/p>\n<p>Das Unternehmen ist sehr stolz auf seine Handwerkskunst, arbeitet mit nachhaltigen Holz- und Papierprodukten und verwendet kindersichere und umweltfreundliche Tinten und Materialien. \u201eF\u00fcr die Herstellung von Produkten mit echtem Kulturerbe ist es wichtig, dass wir uns unseres \u00f6kologischen Fussabdrucks und der Welt, die wir unseren Kindern hinterlassen, bewusst sind. Wie wir die industrielle Herstellung von Materialien und Verpackungen gestalten, ist ebenso wichtig wie das Design und der Inhalt unserer Produkte. Alles, was Sie bei VARSY\u2019S finden, wurde in der Schweiz hergestellt.\u201c, erg\u00e4nzt Buchmann.<\/p>\n<p>&nbsp;<\/p>\n<p>VARSY&#8217;S brachte seine ersten Produkte im Januar 2018 auf den Markt. Heute findet man sie mittlerweile in der ganzen Schweiz in mehr als 40 Gesch\u00e4ften, wie zum Beispiel Orell F\u00fcssli und Schweizer Heimatwerk sowie im <a href=\"https:\/\/varsys.ch\/de\" target=\"_blank\" rel=\"noopener noreferrer\">Online-Shop von VARSY&#8217;S<\/a>. Folgen Sie VARSY\u2019S in den sozialen Medien auf <a href=\"https:\/\/www.facebook.com\/varsys\/\" target=\"_blank\" rel=\"noopener noreferrer\">Facebook<\/a> und <a href=\"https:\/\/www.instagram.com\/varsys.switzerland\/\" target=\"_blank\" rel=\"noopener noreferrer\">Instagram<\/a>.<\/p>\n<p>&nbsp;<\/p>\n<p>[\/vc_column_text][\/vc_column][vc_column width=&#8220;1\/4&#8243;][\/vc_column][\/vc_row][vc_row el_class=&#8220;text-box&#8220;][vc_column][vc_column_text]<\/p>\n<div class=\"header-title\">\n<div class=\"bordered\">\n<h1 style=\"text-align: center;\">\u00dcber VARSY\u2019S<\/h1>\n<p style=\"text-align: center;\"><em>Love for Switzerland:<\/em> VARSY\u00b4S ist das erste Kulturunternehmen, das sich ganz den Schweizer Legenden verschrieben hat. Unsere Mission ist es, die Mythen und Volkssagen der Schweiz wiederzuentdecken, auf neue, spielerische Weise zu erz\u00e4hlen und sie damit weltweit bekannt zu machen. Mit der Kreation von Produkten, wie den Legendenboxen, Malb\u00fcchern oder Postkarten erm\u00f6glicht das Unternehmen allen Liebhabern der Schweiz im In- und Ausland, ihre Verbundenheit mit der Schweiz zu zeigen und zu teilen. Die Produkte sind in \u00fcber 40 Einzelhandelsgesch\u00e4ften erh\u00e4ltlich, unter anderem in mehreren Shops in Z\u00fcrich, Bern und Basel sowie in Orell F\u00fcssli und Heimatwerk Filialen in der ganzen Schweiz. VARSY\u00b4S wurde 2018 von Varsy Buchmann, einer Luzernerin mit Armenischer Herkunft, gegr\u00fcndet.<\/p>\n<div class=\"header-title-bot\"><\/div>\n<div class=\"tools\" style=\"text-align: center;\"><a class=\"btn\" href=\"mailto:hello@varsys.ch\">SCHREIBEN SIE UNS<\/a> <a class=\"btn\" href=\"tel:+41-41-511-4200\">RUFEN SIE UNS AN<\/a> <a class=\"btn\" href=\"https:\/\/bit.ly\/varsys_press_kit\">PRESSEMAPPE<\/a><\/div>\n<\/div>\n<\/div>\n<p>[\/vc_column_text][\/vc_column][\/vc_row][vc_row css=&#8220;.vc_custom_1546988515952{margin-top: 100px !important;margin-bottom: 100px !important;}&#8220;][vc_column][vc_column_text]<\/p>\n<div class=\"msep1 clearfix\" style=\"text-align: center;\"><img loading=\"lazy\" decoding=\"async\" class=\"size-full wp-image-88 aligncenter\" src=\"https:\/\/varsys.ch\/wp-content\/uploads\/2018\/01\/sep1.png\" alt=\"\" width=\"418\" height=\"33\" srcset=\"https:\/\/varsys.ch\/wp-content\/uploads\/2018\/01\/sep1.png 418w, https:\/\/varsys.ch\/wp-content\/uploads\/2018\/01\/sep1-324x26.png 324w\" sizes=\"auto, (max-width: 418px) 100vw, 418px\" \/><\/div>\n<p>[\/vc_column_text][\/vc_column][\/vc_row][vc_row css=&#8220;.vc_custom_1520383219880{margin-bottom: 20px !important;}&#8220;][vc_column][vc_column_text]<\/p>\n<div class=\"banners-2 \">\n<div class=\"container\">\n<div class=\"banner-box\" style=\"background: url('\/wp-content\/uploads\/2018\/02\/what-drives-us.jpg');\">\n<div class=\"banner-box-square\" style=\"background: url('\/wp-content\/uploads\/2018\/02\/what-drives-us.jpg');\"><\/div>\n<div class=\"banner-box-content\">\n<div class=\"banner-content\">\n<h1>WAS<br \/>\nUNS BEWEGT<\/h1>\n<p>Legenden f\u00fcr diese und nachfolgende Generationen zu bewahren und weiterzutragen, das ist unsere Leidenschaft.<br \/>\n<a class=\"btn\" href=\"https:\/\/varsys.ch\/de\/our-story\/what-drives-us\/\">WEITERLESEN<\/a><\/p>\n<\/div>\n<\/div>\n<\/div>\n<\/div>\n<\/div>\n<p>[\/vc_column_text][\/vc_column][\/vc_row][vc_row][vc_column][vc_column_text]<\/p>\n<div class=\"banners-1 dark\">\n<div class=\"container\">\n<div class=\"banner-box\" style=\"background: url('\/wp-content\/uploads\/2018\/02\/craftmanship_dark.png');\">\n<div class=\"banner-box-square\" style=\"background: url('\/wp-content\/uploads\/2018\/02\/craftmanship_dark.png');\"><\/div>\n<div class=\"banner-box-content\">\n<div class=\"banner-content\">\n<h1>HANDWERKSKUNST<\/h1>\n<p>Wir entwerfen Produkte, die nicht nur sch\u00f6n anzuschauen, sondern auch nachhaltig hergestellt sind &#8211; und eine tiefe Bedeutung haben.<br \/>\n<a class=\"btn\" href=\"https:\/\/varsys.ch\/de\/our-story\/craftsmanship\/\">WEITERLESEN<\/a><\/p>\n<\/div>\n<\/div>\n<\/div>\n<\/div>\n<\/div>\n<p>[\/vc_column_text][\/vc_column][\/vc_row][vc_row][vc_column][vc_column_text]<div class=\"wphtmlblock \" id=\"wphtmlblock-instagram\"><div class=\"wphtmlblock-container \"><div class=\"follow-box\">\n<div class=\"container\">\n<div class=\"soc-icon\"><a href=\"https:\/\/facebook.com\/varsys\" class=\"fb\" target=\"_blank\" rel=\"noopener noreferrer\"><\/a><span class=\"lik\">Liken Sie uns<br \/>\nauf Facebook<\/span><\/div>\n<div class=\"soc-icon\"><a href=\"https:\/\/instagram.com\/varsys.switzerland\/\" class=\"inst\" target=\"_blank\" rel=\"noopener noreferrer\"><\/a><span class=\"lik\">Folgen Sie uns<br \/>\nauf Instagram<\/span><\/div>\n<p><!--\n\n\n<div class=\"soc-icon\"><a href=\"https:\/\/www.linkedin.com\/company\/varsys\" class=\"in\"><\/a><span>Folgen Sie uns\nauf linkedin<\/span><\/div>\n\n\n--><\/p>\n<\/div>\n<\/div>\n<div class=\"instagram-box\">\n<div class=\"container\">\n<div class=\"header-title\">\n<h2>DAS NEUESTE VON INSTAGRAM<\/h2>\n<\/div>\n<div class=\"slider-tools\"><a href=\"https:\/\/www.instagram.com\/varsys.switzerland\/\" class=\"btn follow\"><\/a><\/div>\n<p><!-- \n\n<div class=\"slider-tools\"><a href=\"https:\/\/www.instagram.com\/varsys.switzerland\/\" class=\"btn follow\"><\/a><\/div>\n\n --><br \/>\n    <div class=\"varsys-igfeed-wrap\">\n        <div class=\"swiper varsys-igfeed-carousel\">\n            <div class=\"swiper-wrapper\">\n                                <div class=\"swiper-slide\">\n                    <a href=\"https:\/\/www.instagram.com\/p\/C0AifgFK8XY\/\" target=\"_blank\" rel=\"noopener noreferrer\">\n                        <picture>\n                                                        <img src=\"https:\/\/varsys.ch\/wp-content\/uploads\/varsys-instagram-cache\/ig-18204809818279817.jpg\" alt=\"Celebrate Christmas with VARSYS Swiss Made cultural gifts\u2665\ufe0f With Love for Switzerland...\" loading=\"lazy\" width=\"800\" height=\"800\" decoding=\"async\">\n                        <\/picture>\n                        <span class=\"varsys-igfeed-overlay\"><\/span>\n                    <\/a>\n                <\/div>\n                                <div class=\"swiper-slide\">\n                    <a href=\"https:\/\/www.instagram.com\/reel\/CmW500TKP80\/\" target=\"_blank\" rel=\"noopener noreferrer\">\n                        <picture>\n                                                        <img src=\"https:\/\/varsys.ch\/wp-content\/uploads\/varsys-instagram-cache\/ig-17979161173874776.jpg\" alt=\"Only a few days left before Christmas! Use the code hohoho22 &amp;...\" loading=\"lazy\" width=\"800\" height=\"800\" decoding=\"async\">\n                        <\/picture>\n                        <span class=\"varsys-igfeed-overlay\"><\/span>\n                    <\/a>\n                <\/div>\n                                <div class=\"swiper-slide\">\n                    <a href=\"https:\/\/www.instagram.com\/p\/ChCHCzGqgJu\/\" target=\"_blank\" rel=\"noopener noreferrer\">\n                        <picture>\n                                                        <img src=\"https:\/\/varsys.ch\/wp-content\/uploads\/varsys-instagram-cache\/ig-17976347872578035.jpg\" alt=\"If you&#039;re not barefoot, then you&#039;re overdressed\ud83d\udc3e The ultimate feeling of Summer\u2600\ufe0f\ud83d\udc9b...\" loading=\"lazy\" width=\"800\" height=\"800\" decoding=\"async\">\n                        <\/picture>\n                        <span class=\"varsys-igfeed-overlay\"><\/span>\n                    <\/a>\n                <\/div>\n                                <div class=\"swiper-slide\">\n                    <a href=\"https:\/\/www.instagram.com\/p\/Cgtm40hKV-y\/\" target=\"_blank\" rel=\"noopener noreferrer\">\n                        <picture>\n                                                        <img src=\"https:\/\/varsys.ch\/wp-content\/uploads\/varsys-instagram-cache\/ig-18242904214112381.jpg\" alt=\"Sharing is caring \ud83d\udc9e We love Switzerland, we love its incredible stories...\" loading=\"lazy\" width=\"800\" height=\"800\" decoding=\"async\">\n                        <\/picture>\n                        <span class=\"varsys-igfeed-overlay\"><\/span>\n                    <\/a>\n                <\/div>\n                                <div class=\"swiper-slide\">\n                    <a href=\"https:\/\/www.instagram.com\/p\/CWpjLwkKqoq\/\" target=\"_blank\" rel=\"noopener noreferrer\">\n                        <picture>\n                                                        <img src=\"https:\/\/varsys.ch\/wp-content\/uploads\/varsys-instagram-cache\/ig-17940606382710258.jpg\" alt=\"The falling leaves drift by my window The autumn leaves of red...\" loading=\"lazy\" width=\"800\" height=\"800\" decoding=\"async\">\n                        <\/picture>\n                        <span class=\"varsys-igfeed-overlay\"><\/span>\n                    <\/a>\n                <\/div>\n                            <\/div>\n            <div class=\"swiper-pagination varsys-igfeed-pagination\"><\/div>\n            <div class=\"swiper-button-prev varsys-igfeed-prev\"><\/div>\n            <div class=\"swiper-button-next varsys-igfeed-next\"><\/div>\n        <\/div>\n        <div class=\"varsys-igfeed-footer\">\n            <a href=\"https:\/\/www.instagram.com\/varsys.switzerland\/\" target=\"_blank\" rel=\"noopener noreferrer\" class=\"varsys-igfeed-viewlink\">\n                <svg xmlns=\"http:\/\/www.w3.org\/2000\/svg\" width=\"16\" height=\"16\" viewBox=\"0 0 24 24\" fill=\"none\" stroke=\"currentColor\" stroke-width=\"2\" stroke-linecap=\"round\" stroke-linejoin=\"round\"><rect x=\"2\" y=\"2\" width=\"20\" height=\"20\" rx=\"5\" ry=\"5\"\/><path d=\"M16 11.37A4 4 0 1 1 12.63 8 4 4 0 0 1 16 11.37z\"\/><line x1=\"17.5\" y1=\"6.5\" x2=\"17.51\" y2=\"6.5\"\/><\/svg>\n                View on Instagram\n            <\/a>\n        <\/div>\n    <\/div>\n    \n<\/div>\n<\/div>\n<\/div><\/div>[\/vc_column_text][\/vc_column][\/vc_row]<\/p>\n<\/div>","protected":false},"excerpt":{"rendered":"<p>[vc_row][vc_column][vc_column_text] \u201eVARSY\u2019S SAGEN UND LEGENDEN DER SCHWEIZ\u201c GEWINNT DEN INTERNATIONALEN GOODS DESIGN AWARD Ein Kultur-Startup feiert Schweizer Sagen und Legenden durch preisgekr\u00f6ntes Design [\/vc_column_text][\/vc_column][\/vc_row][vc_row][vc_column width=&#8220;1\/4&#8243;][\/vc_column][vc_column width=&#8220;1\/2&#8243;][vc_column_text]Luzern, 09. Januar 2019\u00a0&#8211; VARSY&#8217;S, ein Startup-Unternehmen aus Luzern, das sich der F\u00f6rderung von altem Schweizer Kulturgut in aller Welt verschrieben hat, wurde mit dem prestigetr\u00e4chtigen GOOD DESIGN AWARD\u00ae 2018<\/p>\n","protected":false},"author":70,"featured_media":0,"parent":0,"menu_order":0,"comment_status":"closed","ping_status":"closed","template":"","meta":{"_acf_changed":false,"inline_featured_image":false,"footnotes":""},"class_list":["post-5510","page","type-page","status-publish","hentry"],"acf":[],"yoast_head":"<!-- This site is optimized with the Yoast SEO Premium plugin v26.9 (Yoast SEO v27.3) - https:\/\/yoast.com\/product\/yoast-seo-premium-wordpress\/ -->\n<title>Press Release 2019-01-03 &#8212; VARSY&#039;S Legenden der Schweiz<\/title>\n<meta name=\"description\" content=\"\u201eVARSY\u2019S SAGEN UND LEGENDEN DER SCHWEIZ\u201c GEWINNT DEN INTERNATIONALEN GOODS DESIGN AWARD Ein Kultur-Startup feiert Schweizer Sagen und Legenden durch\" \/>\n<meta name=\"robots\" content=\"index, follow, max-snippet:-1, max-image-preview:large, max-video-preview:-1\" \/>\n<link rel=\"canonical\" href=\"https:\/\/varsys.ch\/de\/varsys_legends_of_switzerland_wins_international_good_design_award\/\" \/>\n<meta property=\"og:locale\" content=\"de_DE\" \/>\n<meta property=\"og:type\" content=\"article\" \/>\n<meta property=\"og:title\" content=\"Press Release 2019-01-03\" \/>\n<meta property=\"og:description\" content=\"\u201eVARSY\u2019S SAGEN UND LEGENDEN DER SCHWEIZ\u201c GEWINNT DEN INTERNATIONALEN GOODS DESIGN AWARD Ein Kultur-Startup feiert Schweizer Sagen und Legenden durch\" \/>\n<meta property=\"og:url\" content=\"https:\/\/varsys.ch\/de\/varsys_legends_of_switzerland_wins_international_good_design_award\/\" \/>\n<meta property=\"og:site_name\" content=\"VARSY&#039;S Legenden der Schweiz\" \/>\n<meta property=\"article:publisher\" content=\"https:\/\/www.facebook.com\/varsys\/\" \/>\n<meta property=\"article:modified_time\" content=\"2019-11-25T09:13:26+00:00\" \/>\n<meta property=\"og:image\" content=\"https:\/\/varsys.ch\/wp-content\/uploads\/2018\/01\/sep1.png\" \/>\n<meta name=\"twitter:card\" content=\"summary_large_image\" \/>\n<meta name=\"twitter:label1\" content=\"Gesch\u00e4tzte Lesezeit\" \/>\n\t<meta name=\"twitter:data1\" content=\"4\u00a0Minuten\" \/>\n<script type=\"application\/ld+json\" class=\"yoast-schema-graph\">{\"@context\":\"https:\\\/\\\/schema.org\",\"@graph\":[{\"@type\":\"WebPage\",\"@id\":\"https:\\\/\\\/varsys.ch\\\/de\\\/varsys_legends_of_switzerland_wins_international_good_design_award\\\/\",\"url\":\"https:\\\/\\\/varsys.ch\\\/de\\\/varsys_legends_of_switzerland_wins_international_good_design_award\\\/\",\"name\":\"Press Release 2019-01-03 &#8212; VARSY&#039;S Legenden der Schweiz\",\"isPartOf\":{\"@id\":\"https:\\\/\\\/varsys.ch\\\/de\\\/#website\"},\"primaryImageOfPage\":{\"@id\":\"https:\\\/\\\/varsys.ch\\\/de\\\/varsys_legends_of_switzerland_wins_international_good_design_award\\\/#primaryimage\"},\"image\":{\"@id\":\"https:\\\/\\\/varsys.ch\\\/de\\\/varsys_legends_of_switzerland_wins_international_good_design_award\\\/#primaryimage\"},\"thumbnailUrl\":\"https:\\\/\\\/varsys.ch\\\/wp-content\\\/uploads\\\/2018\\\/01\\\/sep1.png\",\"datePublished\":\"2019-01-08T23:34:11+00:00\",\"dateModified\":\"2019-11-25T09:13:26+00:00\",\"description\":\"\u201eVARSY\u2019S SAGEN UND LEGENDEN DER SCHWEIZ\u201c GEWINNT DEN INTERNATIONALEN GOODS DESIGN AWARD Ein Kultur-Startup feiert Schweizer Sagen und Legenden durch\",\"breadcrumb\":{\"@id\":\"https:\\\/\\\/varsys.ch\\\/de\\\/varsys_legends_of_switzerland_wins_international_good_design_award\\\/#breadcrumb\"},\"inLanguage\":\"de\",\"potentialAction\":[{\"@type\":\"ReadAction\",\"target\":[\"https:\\\/\\\/varsys.ch\\\/de\\\/varsys_legends_of_switzerland_wins_international_good_design_award\\\/\"]}]},{\"@type\":\"ImageObject\",\"inLanguage\":\"de\",\"@id\":\"https:\\\/\\\/varsys.ch\\\/de\\\/varsys_legends_of_switzerland_wins_international_good_design_award\\\/#primaryimage\",\"url\":\"https:\\\/\\\/varsys.ch\\\/wp-content\\\/uploads\\\/2018\\\/01\\\/sep1.png\",\"contentUrl\":\"https:\\\/\\\/varsys.ch\\\/wp-content\\\/uploads\\\/2018\\\/01\\\/sep1.png\"},{\"@type\":\"BreadcrumbList\",\"@id\":\"https:\\\/\\\/varsys.ch\\\/de\\\/varsys_legends_of_switzerland_wins_international_good_design_award\\\/#breadcrumb\",\"itemListElement\":[{\"@type\":\"ListItem\",\"position\":1,\"name\":\"Home\",\"item\":\"https:\\\/\\\/varsys.ch\\\/de\\\/\"},{\"@type\":\"ListItem\",\"position\":2,\"name\":\"Press Release 2019-01-03\"}]},{\"@type\":\"WebSite\",\"@id\":\"https:\\\/\\\/varsys.ch\\\/de\\\/#website\",\"url\":\"https:\\\/\\\/varsys.ch\\\/de\\\/\",\"name\":\"VARSY&#039;S Legenden der Schweiz\",\"description\":\"VARSY&#039;S Legenden der Schweiz\",\"publisher\":{\"@id\":\"https:\\\/\\\/varsys.ch\\\/de\\\/#organization\"},\"potentialAction\":[{\"@type\":\"SearchAction\",\"target\":{\"@type\":\"EntryPoint\",\"urlTemplate\":\"https:\\\/\\\/varsys.ch\\\/de\\\/?s={search_term_string}\"},\"query-input\":{\"@type\":\"PropertyValueSpecification\",\"valueRequired\":true,\"valueName\":\"search_term_string\"}}],\"inLanguage\":\"de\"},{\"@type\":\"Organization\",\"@id\":\"https:\\\/\\\/varsys.ch\\\/de\\\/#organization\",\"name\":\"VARSY'S\",\"url\":\"https:\\\/\\\/varsys.ch\\\/de\\\/\",\"logo\":{\"@type\":\"ImageObject\",\"inLanguage\":\"de\",\"@id\":\"https:\\\/\\\/varsys.ch\\\/de\\\/#\\\/schema\\\/logo\\\/image\\\/\",\"url\":\"https:\\\/\\\/varsys.ch\\\/wp-content\\\/uploads\\\/2018\\\/04\\\/logo.svg\",\"contentUrl\":\"https:\\\/\\\/varsys.ch\\\/wp-content\\\/uploads\\\/2018\\\/04\\\/logo.svg\",\"width\":129,\"height\":117,\"caption\":\"VARSY'S\"},\"image\":{\"@id\":\"https:\\\/\\\/varsys.ch\\\/de\\\/#\\\/schema\\\/logo\\\/image\\\/\"},\"sameAs\":[\"https:\\\/\\\/www.facebook.com\\\/varsys\\\/\",\"https:\\\/\\\/www.instagram.com\\\/varsys\\\/\"],\"description\":\"Swiss-themed gift products celebrating Switzerland's traditions, landmarks, and culture.\"}]}<\/script>\n<!-- \/ Yoast SEO Premium plugin. -->","yoast_head_json":{"title":"Press Release 2019-01-03 &#8212; VARSY&#039;S Legenden der Schweiz","description":"\u201eVARSY\u2019S SAGEN UND LEGENDEN DER SCHWEIZ\u201c GEWINNT DEN INTERNATIONALEN GOODS DESIGN AWARD Ein Kultur-Startup feiert Schweizer Sagen und Legenden durch","robots":{"index":"index","follow":"follow","max-snippet":"max-snippet:-1","max-image-preview":"max-image-preview:large","max-video-preview":"max-video-preview:-1"},"canonical":"https:\/\/varsys.ch\/de\/varsys_legends_of_switzerland_wins_international_good_design_award\/","og_locale":"de_DE","og_type":"article","og_title":"Press Release 2019-01-03","og_description":"\u201eVARSY\u2019S SAGEN UND LEGENDEN DER SCHWEIZ\u201c GEWINNT DEN INTERNATIONALEN GOODS DESIGN AWARD Ein Kultur-Startup feiert Schweizer Sagen und Legenden durch","og_url":"https:\/\/varsys.ch\/de\/varsys_legends_of_switzerland_wins_international_good_design_award\/","og_site_name":"VARSY&#039;S Legenden der Schweiz","article_publisher":"https:\/\/www.facebook.com\/varsys\/","article_modified_time":"2019-11-25T09:13:26+00:00","og_image":[{"url":"https:\/\/varsys.ch\/wp-content\/uploads\/2018\/01\/sep1.png","type":"","width":"","height":""}],"twitter_card":"summary_large_image","twitter_misc":{"Gesch\u00e4tzte Lesezeit":"4\u00a0Minuten"},"schema":{"@context":"https:\/\/schema.org","@graph":[{"@type":"WebPage","@id":"https:\/\/varsys.ch\/de\/varsys_legends_of_switzerland_wins_international_good_design_award\/","url":"https:\/\/varsys.ch\/de\/varsys_legends_of_switzerland_wins_international_good_design_award\/","name":"Press Release 2019-01-03 &#8212; VARSY&#039;S Legenden der Schweiz","isPartOf":{"@id":"https:\/\/varsys.ch\/de\/#website"},"primaryImageOfPage":{"@id":"https:\/\/varsys.ch\/de\/varsys_legends_of_switzerland_wins_international_good_design_award\/#primaryimage"},"image":{"@id":"https:\/\/varsys.ch\/de\/varsys_legends_of_switzerland_wins_international_good_design_award\/#primaryimage"},"thumbnailUrl":"https:\/\/varsys.ch\/wp-content\/uploads\/2018\/01\/sep1.png","datePublished":"2019-01-08T23:34:11+00:00","dateModified":"2019-11-25T09:13:26+00:00","description":"\u201eVARSY\u2019S SAGEN UND LEGENDEN DER SCHWEIZ\u201c GEWINNT DEN INTERNATIONALEN GOODS DESIGN AWARD Ein Kultur-Startup feiert Schweizer Sagen und Legenden durch","breadcrumb":{"@id":"https:\/\/varsys.ch\/de\/varsys_legends_of_switzerland_wins_international_good_design_award\/#breadcrumb"},"inLanguage":"de","potentialAction":[{"@type":"ReadAction","target":["https:\/\/varsys.ch\/de\/varsys_legends_of_switzerland_wins_international_good_design_award\/"]}]},{"@type":"ImageObject","inLanguage":"de","@id":"https:\/\/varsys.ch\/de\/varsys_legends_of_switzerland_wins_international_good_design_award\/#primaryimage","url":"https:\/\/varsys.ch\/wp-content\/uploads\/2018\/01\/sep1.png","contentUrl":"https:\/\/varsys.ch\/wp-content\/uploads\/2018\/01\/sep1.png"},{"@type":"BreadcrumbList","@id":"https:\/\/varsys.ch\/de\/varsys_legends_of_switzerland_wins_international_good_design_award\/#breadcrumb","itemListElement":[{"@type":"ListItem","position":1,"name":"Home","item":"https:\/\/varsys.ch\/de\/"},{"@type":"ListItem","position":2,"name":"Press Release 2019-01-03"}]},{"@type":"WebSite","@id":"https:\/\/varsys.ch\/de\/#website","url":"https:\/\/varsys.ch\/de\/","name":"VARSY&#039;S Legenden der Schweiz","description":"VARSY&#039;S Legenden der Schweiz","publisher":{"@id":"https:\/\/varsys.ch\/de\/#organization"},"potentialAction":[{"@type":"SearchAction","target":{"@type":"EntryPoint","urlTemplate":"https:\/\/varsys.ch\/de\/?s={search_term_string}"},"query-input":{"@type":"PropertyValueSpecification","valueRequired":true,"valueName":"search_term_string"}}],"inLanguage":"de"},{"@type":"Organization","@id":"https:\/\/varsys.ch\/de\/#organization","name":"VARSY'S","url":"https:\/\/varsys.ch\/de\/","logo":{"@type":"ImageObject","inLanguage":"de","@id":"https:\/\/varsys.ch\/de\/#\/schema\/logo\/image\/","url":"https:\/\/varsys.ch\/wp-content\/uploads\/2018\/04\/logo.svg","contentUrl":"https:\/\/varsys.ch\/wp-content\/uploads\/2018\/04\/logo.svg","width":129,"height":117,"caption":"VARSY'S"},"image":{"@id":"https:\/\/varsys.ch\/de\/#\/schema\/logo\/image\/"},"sameAs":["https:\/\/www.facebook.com\/varsys\/","https:\/\/www.instagram.com\/varsys\/"],"description":"Swiss-themed gift products celebrating Switzerland's traditions, landmarks, and culture."}]}},"_links":{"self":[{"href":"https:\/\/varsys.ch\/de\/wp-json\/wp\/v2\/pages\/5510","targetHints":{"allow":["GET"]}}],"collection":[{"href":"https:\/\/varsys.ch\/de\/wp-json\/wp\/v2\/pages"}],"about":[{"href":"https:\/\/varsys.ch\/de\/wp-json\/wp\/v2\/types\/page"}],"author":[{"embeddable":true,"href":"https:\/\/varsys.ch\/de\/wp-json\/wp\/v2\/users\/70"}],"replies":[{"embeddable":true,"href":"https:\/\/varsys.ch\/de\/wp-json\/wp\/v2\/comments?post=5510"}],"version-history":[{"count":0,"href":"https:\/\/varsys.ch\/de\/wp-json\/wp\/v2\/pages\/5510\/revisions"}],"wp:attachment":[{"href":"https:\/\/varsys.ch\/de\/wp-json\/wp\/v2\/media?parent=5510"}],"curies":[{"name":"wp","href":"https:\/\/api.w.org\/{rel}","templated":true}]}}