{"id":5543,"date":"2019-03-15T10:57:43","date_gmt":"2019-03-15T09:57:43","guid":{"rendered":"https:\/\/varsys.przm.ch\/wilhelm-tell\/"},"modified":"2019-11-25T10:27:59","modified_gmt":"2019-11-25T09:27:59","slug":"william_tell","status":"publish","type":"page","link":"https:\/\/varsys.ch\/de\/all-legends\/william_tell\/","title":{"rendered":"Wilhelm Tell"},"content":{"rendered":"<div class=\"wpb-content-wrapper\"><p>[vc_row css=&#8220;.vc_custom_1517301489325{padding-top: 10% !important;padding-bottom: 10% !important;}&#8220;][vc_column][vc_column_text]<\/p>\n<div class=\"header-title\">\n<h1 style=\"text-align: center;\">DER SCH\u00dcTZE TELL<\/h1>\n<p class=\"pad10\" style=\"text-align: center;\">Im Jahre 1307 schikaniert ein tyrannischer Landvogt die Bewohner des D\u00f6rfchens Altdorf &#8211; da tritt Wilhelm Tell auf, um zu dem unvergesslichen Helden zu werden, der die Ehre der Nation verteidigt&#8230;<\/p>\n<div class=\"header-title-bot\"><\/div>\n<\/div>\n<p>[\/vc_column_text][\/vc_column][\/vc_row][vc_row el_class=&#8220;text-box&#8220;][vc_column][vc_column_text]Die Geschichte von Wilhelm Tell ist weltbekannt: Ein Bogensch\u00fctze, der einen Apfel vom Kopf seines Bubs schoss. Aber kaum einer weiss, wie es dazu kam. Davon erz\u00e4hlt diese Sage.<\/p>\n<p>Es war an einem Sonntag, als Tell sich aufmachte: Von B\u00fcrglen her, einem Dorf im Sch\u00e4chental, wollte er seinen Schwiegervater, den Walter F\u00fcrst in Altdorf, besuchen. Er schulterte die Armbrust, nahm den Knaben Walter an die Hand, und strammen Schritts ging\u2019s voran. Bald schon hatten beide den Ort erreicht. Als Tell nun mit seinem Sohn den Hauptplatz \u00fcberquerte, war dort eine Eisenstange, die in den Himmel ragte. Oben hing ein Hut mit pr\u00e4chtiger Pfauenfeder. Dieser geh\u00f6rte dem tyrannischen Landvogt Gessler, der sich stets neue Dem\u00fctigungen f\u00fcr das Volk einfallen liess. Nun sollte sich jeder B\u00fcrger vor dem Hut verbeugen. Zwei Waffenknechte standen vor der Stange und zwangen die Vorbeigehenden zum Gehorsam: Die Frauen mussten knicksten, die M\u00e4nner ihr Haupt neigen, bleich vor Wut und Scham. [\/vc_column_text][vc_single_image image=&#8220;5024&#8243; img_size=&#8220;full&#8220; alignment=&#8220;center&#8220; el_class=&#8220;bordered&#8220; css=&#8220;.vc_custom_1518886040132{margin-top: 40px !important;margin-bottom: 40px !important;}&#8220;][vc_column_text]Wilhelm Tell wollte schon aufrechten Hauptes vorbeieilen. Da streckten die W\u00e4chter ihre Lanzen aus. \u201eDu hast dem Hut nicht den Respekt erwiesen. Daf\u00fcr geh\u00f6rst du bestraft\u201c, riefen sie. Doch Tell setzte sich zur Wehr. Dies verursachte so einen Tumult, dass bald das ganze Dorf zusammenlief. Pl\u00f6tzlich erklang Pferdegetrappel: Landvogt Gessler ritt heran. \u201eHerr, der hat sich nicht verbeugt\u201c, schrie ein W\u00e4chter.<\/p>\n<p>Gessler erkannte Tell, er war ihm seit jeher verhasst. \u201eDu sollst doch so ein guter Sch\u00fctze sein; dann beweis deine Bogenkunst. Ich befehle dir, schiess einen Apfel vom Haupt deines Kindes!\u201c Tell wurde kreidebleich und bat um Gnade. Aber die Waffenknechte hatten den Jungen schon an einen Baum gebunden. Was blieb Tell noch \u00fcbrig? Zwei Pfeile lud er ins G\u00f6ller. Das ganze Dorf hielt den Atem an, als er schoss. Und tats\u00e4chlich, der Apfel fiel zu Boden, mittig durchbohrt von dem Pfeil. Jubelnd lief der kleine Walter zum Vater, der noch zitternd die Armbrust umklammerte. \u201eEin Meisterschuss\u201c, sprach der Landvogt, \u201eaber wozu der zweite Pfeil im G\u00f6ller?\u201c Wilhelm Tell erwiderte: \u201eH\u00e4tte ich den Kopf meines Kindes getroffen, Euch h\u00e4tte ich sicher nicht verfehlt!\u201c<\/p>\n<p>[\/vc_column_text][\/vc_column][\/vc_row][vc_row css=&#8220;.vc_custom_1518886047982{margin-top: 40px !important;margin-bottom: 40px !important;}&#8220;][vc_column][vc_column_text]<\/p>\n<div class=\"msep1 clearfix\" style=\"text-align: center;\"><img loading=\"lazy\" decoding=\"async\" class=\"size-full wp-image-88 aligncenter\" src=\"https:\/\/varsys.ch\/wp-content\/uploads\/2018\/01\/sep1.png\" alt=\"\" width=\"418\" height=\"33\" srcset=\"https:\/\/varsys.ch\/wp-content\/uploads\/2018\/01\/sep1.png 418w, https:\/\/varsys.ch\/wp-content\/uploads\/2018\/01\/sep1-324x26.png 324w\" sizes=\"auto, (max-width: 418px) 100vw, 418px\" \/><\/div>\n<p>[\/vc_column_text][\/vc_column][\/vc_row][vc_row el_class=&#8220;legend-car&#8220;][vc_column][vc_column_text]<\/p>\n<div class=\"header-title\">\n<h2 style=\"text-align: center;\">FINDEN SIE MEHR \u00dcBER ANDERE LEGENDEN HERAUS<\/h2>\n<\/div>\n<p>[\/vc_column_text][vc_column_text]<\/p>\n<div class=\"slider-tools\" style=\"text-align: center;\"><a class=\"btn\" href=\"https:\/\/varsys.ch\/de\/all-legends\/\">Alle unsere Legenden<\/a><\/div>\n<p>[\/vc_column_text][vc_column_text]<div class=\"wphtmlblock \" id=\"wphtmlblock-legenden-set-01\"><div class=\"wphtmlblock-container \"><div class=\"container\">\n<div id=\"myslider00\" class=\"myslider myslider00 center\">\n<div class=\"item\"><a href=\"\/de\/all-legends\/basel\/\"><img loading=\"lazy\" decoding=\"async\" src=\"\/wp-content\/uploads\/2019\/10\/Varsys-switzerland-FPS204-D-legenden-der-basel.jpg\" alt=\"BASEL\"  width=\"204\" height=\"204\" \/><span class=\"st\">BASEL<\/span><\/a><\/div>\n<div class=\"item\"><a href=\"\/de\/all-legends\/bern\/\"><img loading=\"lazy\" decoding=\"async\" src=\"\/wp-content\/uploads\/2019\/10\/Varsys-switzerland-FPS204-D-legenden-der-bern.jpg\" alt=\"BERN\"  width=\"204\" height=\"204\" \/><span class=\"st\">BERN<\/span><\/a><\/div>\n<div class=\"item\"><a href=\"\/de\/all-legends\/genf\/\"><img loading=\"lazy\" decoding=\"async\" src=\"\/wp-content\/uploads\/2019\/10\/Varsys-switzerland-FPS204-D-legenden-der-genf.jpg\" alt=\"GENF\"  width=\"204\" height=\"204\" \/><span class=\"st\">GENF<\/span><\/a><\/div>\n<div class=\"item\"><a href=\"\/de\/all-legends\/luzern\/\"><img loading=\"lazy\" decoding=\"async\" src=\"\/wp-content\/uploads\/2019\/10\/Varsys-switzerland-FPS204-D-legenden-der-luzern.jpg\" alt=\"LUZERN\"  width=\"204\" height=\"204\" \/><span class=\"st\">LUZERN<\/span><\/a><\/div>\n<div class=\"item\"><a href=\"\/de\/all-legends\/schweiz\/\"><img loading=\"lazy\" decoding=\"async\" src=\"\/wp-content\/uploads\/2019\/10\/Varsys-switzerland-FPS204-D-legenden-der-schweiz.jpg\" alt=\"SCHWEIZ\"  width=\"204\" height=\"204\" \/><span class=\"st\">SCHWEIZ<\/span><\/a><\/div>\n<div class=\"item\"><a href=\"\/de\/all-legends\/zurich\/\"><img loading=\"lazy\" decoding=\"async\" src=\"\/wp-content\/uploads\/2019\/10\/Varsys-switzerland-FPS204-D-legenden-der-zuerich.jpg\" alt=\"Z&Uuml;RICH\"  width=\"204\" height=\"204\" \/><span class=\"st\">Z&Uuml;RICH<\/span><\/a><\/div>\n<\/div>\n<\/div>\n<\/div><\/div>[\/vc_column_text][\/vc_column][\/vc_row][vc_row css=&#8220;.vc_custom_1518886047982{margin-top: 40px !important;margin-bottom: 40px !important;}&#8220;][vc_column][vc_column_text]<\/p>\n<div class=\"msep1 clearfix\" style=\"text-align: center;\"><img loading=\"lazy\" decoding=\"async\" class=\"size-full wp-image-88 aligncenter\" src=\"https:\/\/varsys.ch\/wp-content\/uploads\/2018\/01\/sep1.png\" alt=\"\" width=\"418\" height=\"33\" srcset=\"https:\/\/varsys.ch\/wp-content\/uploads\/2018\/01\/sep1.png 418w, https:\/\/varsys.ch\/wp-content\/uploads\/2018\/01\/sep1-324x26.png 324w\" sizes=\"auto, (max-width: 418px) 100vw, 418px\" \/><\/div>\n<p>[\/vc_column_text][\/vc_column][\/vc_row][vc_row el_class=&#8220;legend-car&#8220;][vc_column][vc_column_text css=&#8220;.vc_custom_1526297486138{margin-bottom: 0px !important;padding-bottom: 0px !important;}&#8220;]<\/p>\n<div class=\"header-title\">\n<h2 style=\"text-align: center;\">SIE M\u00d6GEN WILHELM TELL?<br \/>\nENTDECKEN SIE IHN AUF ALL DIESEN LEGEND\u00c4REN PRODUKTEN<\/h2>\n<\/div>\n<p>[\/vc_column_text][vc_column_text]        <div class=\"wcp-carousel-main-wrap rpc-crsl-1 \">\r\n        <section class=\"wcp-slick  \"   data-dots = on data-slidesToShow = 4 data-slidesToShowtab = 3 data-slidesToShowmob = 1 data-margin = 10px data-arrows = on data-rows = 1 data-slidesPerRow = 4 id=\"carousel-1360\">\r\n\r\n                            <div class=\"slick-slide carousel-item-5329\" data-post_id=\"5329\">\r\n                    <figure class=\"rpc-style-1 rpc-wrapper\">\r\n  <div class=\"fixed-height-image\"><img loading=\"lazy\" decoding=\"async\" width=\"800\" height=\"800\" src=\"https:\/\/varsys.ch\/wp-content\/uploads\/2018\/02\/Legendbox-limited-800-SET2-WHITE-2018-02-05-1.jpg\" class=\"attachment- size- no-lazyload wp-post-image\" alt=\"\" srcset=\"https:\/\/varsys.ch\/wp-content\/uploads\/2018\/02\/Legendbox-limited-800-SET2-WHITE-2018-02-05-1.jpg 800w, https:\/\/varsys.ch\/wp-content\/uploads\/2018\/02\/Legendbox-limited-800-SET2-WHITE-2018-02-05-1-324x324.jpg 324w, https:\/\/varsys.ch\/wp-content\/uploads\/2018\/02\/Legendbox-limited-800-SET2-WHITE-2018-02-05-1-100x100.jpg 100w\" sizes=\"auto, (max-width: 800px) 100vw, 800px\" \/><\/div>  <div class=\"date rpc_date\">\r\n  \t<span class=\"day\">19<\/span>\r\n  \t<span class=\"month\">Okt.<\/span>\r\n  <\/div>\r\n  <i class=\"fa fa-link\"><\/i>\r\n  <figcaption class=\"rpc_bg\">\r\n    <h3 class=\"rpc_title\">Legendenbox limited edition: set 2<\/h3>\r\n    <p class=\"rpc_desc\">\r\n\t\t19. Oktober 2018    <\/p>\r\n        <\/figcaption>\r\n  <a target=\"_self\" href=\"https:\/\/varsys.ch\/de\/product\/legendenbox-limited-edition-set-2\/\"><\/a>\r\n<\/figure>                <\/div>    \r\n\r\n                            <div class=\"slick-slide carousel-item-5308\" data-post_id=\"5308\">\r\n                    <figure class=\"rpc-style-1 rpc-wrapper\">\r\n  <div class=\"fixed-height-image\"><img loading=\"lazy\" decoding=\"async\" width=\"800\" height=\"800\" src=\"https:\/\/varsys.ch\/wp-content\/uploads\/2018\/02\/Legendbox-Classic-SET2-4k-WHITE-TELL-2018-02-05.jpg\" class=\"attachment- size- no-lazyload wp-post-image\" alt=\"\" srcset=\"https:\/\/varsys.ch\/wp-content\/uploads\/2018\/02\/Legendbox-Classic-SET2-4k-WHITE-TELL-2018-02-05.jpg 800w, https:\/\/varsys.ch\/wp-content\/uploads\/2018\/02\/Legendbox-Classic-SET2-4k-WHITE-TELL-2018-02-05-324x324.jpg 324w, https:\/\/varsys.ch\/wp-content\/uploads\/2018\/02\/Legendbox-Classic-SET2-4k-WHITE-TELL-2018-02-05-100x100.jpg 100w\" sizes=\"auto, (max-width: 800px) 100vw, 800px\" \/><\/div>  <div class=\"date rpc_date\">\r\n  \t<span class=\"day\">19<\/span>\r\n  \t<span class=\"month\">Okt.<\/span>\r\n  <\/div>\r\n  <i class=\"fa fa-link\"><\/i>\r\n  <figcaption class=\"rpc_bg\">\r\n    <h3 class=\"rpc_title\">Legendenbox classic: set 2<\/h3>\r\n    <p class=\"rpc_desc\">\r\n\t\t19. Oktober 2018    <\/p>\r\n        <\/figcaption>\r\n  <a target=\"_self\" href=\"https:\/\/varsys.ch\/de\/product\/legendenbox-classic-set-2\/\"><\/a>\r\n<\/figure>                <\/div>    \r\n\r\n                            <div class=\"slick-slide carousel-item-5245\" data-post_id=\"5245\">\r\n                    <figure class=\"rpc-style-1 rpc-wrapper\">\r\n  <div class=\"fixed-height-image\"><img loading=\"lazy\" decoding=\"async\" width=\"800\" height=\"800\" src=\"https:\/\/varsys.ch\/wp-content\/uploads\/2018\/02\/Notebook-wtell-WHITE-2018-02-04.png\" class=\"attachment- size- no-lazyload wp-post-image\" alt=\"\" srcset=\"https:\/\/varsys.ch\/wp-content\/uploads\/2018\/02\/Notebook-wtell-WHITE-2018-02-04.png 800w, https:\/\/varsys.ch\/wp-content\/uploads\/2018\/02\/Notebook-wtell-WHITE-2018-02-04-324x324.png 324w, https:\/\/varsys.ch\/wp-content\/uploads\/2018\/02\/Notebook-wtell-WHITE-2018-02-04-100x100.png 100w\" sizes=\"auto, (max-width: 800px) 100vw, 800px\" \/><\/div>  <div class=\"date rpc_date\">\r\n  \t<span class=\"day\">08<\/span>\r\n  \t<span class=\"month\">Okt.<\/span>\r\n  <\/div>\r\n  <i class=\"fa fa-link\"><\/i>\r\n  <figcaption class=\"rpc_bg\">\r\n    <h3 class=\"rpc_title\">Wilhelm Tell Notizb\u00fccher<\/h3>\r\n    <p class=\"rpc_desc\">\r\n\t\t8. Oktober 2018    <\/p>\r\n        <\/figcaption>\r\n  <a target=\"_self\" href=\"https:\/\/varsys.ch\/de\/product\/wilhelm-tell-notizbucher\/\"><\/a>\r\n<\/figure>                <\/div>    \r\n\r\n                            <div class=\"slick-slide carousel-item-5117\" data-post_id=\"5117\">\r\n                    <figure class=\"rpc-style-1 rpc-wrapper\">\r\n  <div class=\"fixed-height-image\"><img loading=\"lazy\" decoding=\"async\" width=\"800\" height=\"800\" src=\"https:\/\/varsys.ch\/wp-content\/uploads\/2018\/02\/Postcards_wtell-WHITE-2018-02-04.png\" class=\"attachment- size- no-lazyload wp-post-image\" alt=\"\" srcset=\"https:\/\/varsys.ch\/wp-content\/uploads\/2018\/02\/Postcards_wtell-WHITE-2018-02-04.png 800w, https:\/\/varsys.ch\/wp-content\/uploads\/2018\/02\/Postcards_wtell-WHITE-2018-02-04-324x324.png 324w, https:\/\/varsys.ch\/wp-content\/uploads\/2018\/02\/Postcards_wtell-WHITE-2018-02-04-100x100.png 100w\" sizes=\"auto, (max-width: 800px) 100vw, 800px\" \/><\/div>  <div class=\"date rpc_date\">\r\n  \t<span class=\"day\">07<\/span>\r\n  \t<span class=\"month\">Okt.<\/span>\r\n  <\/div>\r\n  <i class=\"fa fa-link\"><\/i>\r\n  <figcaption class=\"rpc_bg\">\r\n    <h3 class=\"rpc_title\">Wilhelm Tell Postkarten<\/h3>\r\n    <p class=\"rpc_desc\">\r\n\t\t7. Oktober 2018    <\/p>\r\n        <\/figcaption>\r\n  <a target=\"_self\" href=\"https:\/\/varsys.ch\/de\/product\/wilhelm-tell-postkarten\/\"><\/a>\r\n<\/figure>                <\/div>    \r\n\r\n                \r\n        <\/section>\r\n        <\/div>\r\n        <style>#carousel-1360 { background-color: ; } #carousel-1360 .slick-slide { margin: 2px 10px; } #carousel-1360.slick-vertical .slick-slide { margin: 10px 2px; } #carousel-1360 .fixed-height-image { height: ; } #carousel-1360 .slick-slide .rpc_bg { background-color: transparent !important; } #carousel-1360 .slick-slide .rpc_title { color: #333333 !important; } #carousel-1360 .slick-slide .rpc_title { font-size: 18px !important; } #carousel-1360 .slick-slide .rpc_title { font-family: TrajanPro-Bold !important; } #carousel-1360 .slick-slide .rpc_title { line-height: 1em !important; } #carousel-1360 .slick-slide .rpc_desc { color: #000000 !important; } #carousel-1360 .slick-slide .rpc_desc { font-size: 0.8em !important; } #carousel-1360 .slick-slide .rpc_desc { font-family: Arial, sans-serif !important; } #carousel-1360 .slick-slide .rpc_desc { line-height: 1.6em !important; } #carousel-1360 .slick-slide .rpc_date { background-color: #1abc9c !important; } #carousel-1360 .slick-slide .fa { background-color: #1abc9c !important; } #carousel-1360 .slick-slide button { background-color: #1abc9c !important; } #carousel-1360 .slick-slide .rpc-wrapper { border-style: none !important; } #carousel-1360 .slick-slide .rpc-wrapper { border-width: 1px !important; } #carousel-1360 .slick-slide .rpc-wrapper { border-color:  !important; } #carousel-1360 .slick-slide .rpc-wrapper { box-shadow:  !important; } .topright #carousel-1360 .slick-next { right: 10px; }.topright #carousel-1360 .slick-prev { right: 39px; left: inherit; } .topleft #carousel-1360 .slick-prev { left: 10px; }.topleft #carousel-1360 .slick-next { left: 39px; right: inherit; } .aboveposts #carousel-1360 .slick-prev { left: 10px; }.aboveposts #carousel-1360 .slick-next { right: 10px; left: inherit; } #carousel-1360 .slick-prev:before, #carousel-1360 .slick-next:before { color: #000000 !important;}#carousel-1360 .slick-next:before { content: '\\ \\f061 '; } #carousel-1360 .slick-prev:before { content: '\\ \\f060'; }<\/style>[\/vc_column_text][\/vc_column][\/vc_row]<\/p>\n<\/div>\n<\/div>\n<\/div>","protected":false},"excerpt":{"rendered":"<p>[vc_row css=&#8220;.vc_custom_1517301489325{padding-top: 10% !important;padding-bottom: 10% !important;}&#8220;][vc_column][vc_column_text] DER SCH\u00dcTZE TELL Im Jahre 1307 schikaniert ein tyrannischer Landvogt die Bewohner des D\u00f6rfchens Altdorf &#8211; da tritt Wilhelm Tell auf, um zu dem unvergesslichen Helden zu werden, der die Ehre der Nation verteidigt&#8230; [\/vc_column_text][\/vc_column][\/vc_row][vc_row el_class=&#8220;text-box&#8220;][vc_column][vc_column_text]Die Geschichte von Wilhelm Tell ist weltbekannt: Ein Bogensch\u00fctze, der einen Apfel vom Kopf<\/p>\n","protected":false},"author":730,"featured_media":5024,"parent":5536,"menu_order":0,"comment_status":"closed","ping_status":"closed","template":"template-legend.php","meta":{"_acf_changed":false,"inline_featured_image":false,"footnotes":""},"class_list":["post-5543","page","type-page","status-publish","has-post-thumbnail","hentry"],"acf":[],"yoast_head":"<!-- This site is optimized with the Yoast SEO Premium plugin v26.9 (Yoast SEO v27.3) - https:\/\/yoast.com\/product\/yoast-seo-premium-wordpress\/ -->\n<title>Die Legende von Wilhelm Tell - Die wahre Geschichte des Schweizer Helden<\/title>\n<meta name=\"description\" content=\"Entdecken Sie die legendaere Geschichte von Wilhelm Tell, dem Schweizer Helden, der mit einem einzigen Armbrustschuss einen Tyrannen herausforderte. Mit Illustrationen.\" \/>\n<meta name=\"robots\" content=\"index, follow, max-snippet:-1, max-image-preview:large, max-video-preview:-1\" \/>\n<link rel=\"canonical\" href=\"https:\/\/varsys.ch\/de\/all-legends\/william_tell\/\" \/>\n<meta property=\"og:locale\" content=\"de_DE\" \/>\n<meta property=\"og:type\" content=\"article\" \/>\n<meta property=\"og:title\" content=\"Wilhelm Tell\" \/>\n<meta property=\"og:description\" content=\"Entdecken Sie die legendaere Geschichte von Wilhelm Tell, dem Schweizer Helden, der mit einem einzigen Armbrustschuss einen Tyrannen herausforderte. Mit Illustrationen.\" \/>\n<meta property=\"og:url\" content=\"https:\/\/varsys.ch\/de\/all-legends\/william_tell\/\" \/>\n<meta property=\"og:site_name\" content=\"VARSY&#039;S Legenden der Schweiz\" \/>\n<meta property=\"article:publisher\" content=\"https:\/\/www.facebook.com\/varsys\/\" \/>\n<meta property=\"article:modified_time\" content=\"2019-11-25T09:27:59+00:00\" \/>\n<meta property=\"og:image\" content=\"https:\/\/varsys.ch\/wp-content\/uploads\/2018\/01\/wilhelm_tell.jpg\" \/>\n\t<meta property=\"og:image:width\" content=\"600\" \/>\n\t<meta property=\"og:image:height\" content=\"600\" \/>\n\t<meta property=\"og:image:type\" content=\"image\/jpeg\" \/>\n<meta name=\"twitter:card\" content=\"summary_large_image\" \/>\n<meta name=\"twitter:label1\" content=\"Gesch\u00e4tzte Lesezeit\" \/>\n\t<meta name=\"twitter:data1\" content=\"3\u00a0Minuten\" \/>\n<script type=\"application\/ld+json\" class=\"yoast-schema-graph\">{\"@context\":\"https:\\\/\\\/schema.org\",\"@graph\":[{\"@type\":\"WebPage\",\"@id\":\"https:\\\/\\\/varsys.ch\\\/de\\\/all-legends\\\/william_tell\\\/\",\"url\":\"https:\\\/\\\/varsys.ch\\\/de\\\/all-legends\\\/william_tell\\\/\",\"name\":\"Die Legende von Wilhelm Tell - Die wahre Geschichte des Schweizer Helden\",\"isPartOf\":{\"@id\":\"https:\\\/\\\/varsys.ch\\\/de\\\/#website\"},\"primaryImageOfPage\":{\"@id\":\"https:\\\/\\\/varsys.ch\\\/de\\\/all-legends\\\/william_tell\\\/#primaryimage\"},\"image\":{\"@id\":\"https:\\\/\\\/varsys.ch\\\/de\\\/all-legends\\\/william_tell\\\/#primaryimage\"},\"thumbnailUrl\":\"https:\\\/\\\/varsys.ch\\\/wp-content\\\/uploads\\\/2018\\\/01\\\/wilhelm_tell.jpg\",\"datePublished\":\"2019-03-15T09:57:43+00:00\",\"dateModified\":\"2019-11-25T09:27:59+00:00\",\"description\":\"Entdecken Sie die legendaere Geschichte von Wilhelm Tell, dem Schweizer Helden, der mit einem einzigen Armbrustschuss einen Tyrannen herausforderte. Mit Illustrationen.\",\"breadcrumb\":{\"@id\":\"https:\\\/\\\/varsys.ch\\\/de\\\/all-legends\\\/william_tell\\\/#breadcrumb\"},\"inLanguage\":\"de\",\"potentialAction\":[{\"@type\":\"ReadAction\",\"target\":[\"https:\\\/\\\/varsys.ch\\\/de\\\/all-legends\\\/william_tell\\\/\"]}]},{\"@type\":\"ImageObject\",\"inLanguage\":\"de\",\"@id\":\"https:\\\/\\\/varsys.ch\\\/de\\\/all-legends\\\/william_tell\\\/#primaryimage\",\"url\":\"https:\\\/\\\/varsys.ch\\\/wp-content\\\/uploads\\\/2018\\\/01\\\/wilhelm_tell.jpg\",\"contentUrl\":\"https:\\\/\\\/varsys.ch\\\/wp-content\\\/uploads\\\/2018\\\/01\\\/wilhelm_tell.jpg\",\"width\":600,\"height\":600},{\"@type\":\"BreadcrumbList\",\"@id\":\"https:\\\/\\\/varsys.ch\\\/de\\\/all-legends\\\/william_tell\\\/#breadcrumb\",\"itemListElement\":[{\"@type\":\"ListItem\",\"position\":1,\"name\":\"Home\",\"item\":\"https:\\\/\\\/varsys.ch\\\/de\\\/\"},{\"@type\":\"ListItem\",\"position\":2,\"name\":\"ALLE LEGENDEN\",\"item\":\"https:\\\/\\\/varsys.ch\\\/de\\\/all-legends\\\/\"},{\"@type\":\"ListItem\",\"position\":3,\"name\":\"Wilhelm Tell\"}]},{\"@type\":\"WebSite\",\"@id\":\"https:\\\/\\\/varsys.ch\\\/de\\\/#website\",\"url\":\"https:\\\/\\\/varsys.ch\\\/de\\\/\",\"name\":\"VARSY&#039;S Legenden der Schweiz\",\"description\":\"VARSY&#039;S Legenden der Schweiz\",\"publisher\":{\"@id\":\"https:\\\/\\\/varsys.ch\\\/de\\\/#organization\"},\"potentialAction\":[{\"@type\":\"SearchAction\",\"target\":{\"@type\":\"EntryPoint\",\"urlTemplate\":\"https:\\\/\\\/varsys.ch\\\/de\\\/?s={search_term_string}\"},\"query-input\":{\"@type\":\"PropertyValueSpecification\",\"valueRequired\":true,\"valueName\":\"search_term_string\"}}],\"inLanguage\":\"de\"},{\"@type\":\"Organization\",\"@id\":\"https:\\\/\\\/varsys.ch\\\/de\\\/#organization\",\"name\":\"VARSY'S\",\"url\":\"https:\\\/\\\/varsys.ch\\\/de\\\/\",\"logo\":{\"@type\":\"ImageObject\",\"inLanguage\":\"de\",\"@id\":\"https:\\\/\\\/varsys.ch\\\/de\\\/#\\\/schema\\\/logo\\\/image\\\/\",\"url\":\"https:\\\/\\\/varsys.ch\\\/wp-content\\\/uploads\\\/2018\\\/04\\\/logo.svg\",\"contentUrl\":\"https:\\\/\\\/varsys.ch\\\/wp-content\\\/uploads\\\/2018\\\/04\\\/logo.svg\",\"width\":129,\"height\":117,\"caption\":\"VARSY'S\"},\"image\":{\"@id\":\"https:\\\/\\\/varsys.ch\\\/de\\\/#\\\/schema\\\/logo\\\/image\\\/\"},\"sameAs\":[\"https:\\\/\\\/www.facebook.com\\\/varsys\\\/\",\"https:\\\/\\\/www.instagram.com\\\/varsys\\\/\"],\"description\":\"Swiss-themed gift products celebrating Switzerland's traditions, landmarks, and culture.\"}]}<\/script>\n<!-- \/ Yoast SEO Premium plugin. -->","yoast_head_json":{"title":"Die Legende von Wilhelm Tell - Die wahre Geschichte des Schweizer Helden","description":"Entdecken Sie die legendaere Geschichte von Wilhelm Tell, dem Schweizer Helden, der mit einem einzigen Armbrustschuss einen Tyrannen herausforderte. Mit Illustrationen.","robots":{"index":"index","follow":"follow","max-snippet":"max-snippet:-1","max-image-preview":"max-image-preview:large","max-video-preview":"max-video-preview:-1"},"canonical":"https:\/\/varsys.ch\/de\/all-legends\/william_tell\/","og_locale":"de_DE","og_type":"article","og_title":"Wilhelm Tell","og_description":"Entdecken Sie die legendaere Geschichte von Wilhelm Tell, dem Schweizer Helden, der mit einem einzigen Armbrustschuss einen Tyrannen herausforderte. Mit Illustrationen.","og_url":"https:\/\/varsys.ch\/de\/all-legends\/william_tell\/","og_site_name":"VARSY&#039;S Legenden der Schweiz","article_publisher":"https:\/\/www.facebook.com\/varsys\/","article_modified_time":"2019-11-25T09:27:59+00:00","og_image":[{"width":600,"height":600,"url":"https:\/\/varsys.ch\/wp-content\/uploads\/2018\/01\/wilhelm_tell.jpg","type":"image\/jpeg"}],"twitter_card":"summary_large_image","twitter_misc":{"Gesch\u00e4tzte Lesezeit":"3\u00a0Minuten"},"schema":{"@context":"https:\/\/schema.org","@graph":[{"@type":"WebPage","@id":"https:\/\/varsys.ch\/de\/all-legends\/william_tell\/","url":"https:\/\/varsys.ch\/de\/all-legends\/william_tell\/","name":"Die Legende von Wilhelm Tell - Die wahre Geschichte des Schweizer Helden","isPartOf":{"@id":"https:\/\/varsys.ch\/de\/#website"},"primaryImageOfPage":{"@id":"https:\/\/varsys.ch\/de\/all-legends\/william_tell\/#primaryimage"},"image":{"@id":"https:\/\/varsys.ch\/de\/all-legends\/william_tell\/#primaryimage"},"thumbnailUrl":"https:\/\/varsys.ch\/wp-content\/uploads\/2018\/01\/wilhelm_tell.jpg","datePublished":"2019-03-15T09:57:43+00:00","dateModified":"2019-11-25T09:27:59+00:00","description":"Entdecken Sie die legendaere Geschichte von Wilhelm Tell, dem Schweizer Helden, der mit einem einzigen Armbrustschuss einen Tyrannen herausforderte. Mit Illustrationen.","breadcrumb":{"@id":"https:\/\/varsys.ch\/de\/all-legends\/william_tell\/#breadcrumb"},"inLanguage":"de","potentialAction":[{"@type":"ReadAction","target":["https:\/\/varsys.ch\/de\/all-legends\/william_tell\/"]}]},{"@type":"ImageObject","inLanguage":"de","@id":"https:\/\/varsys.ch\/de\/all-legends\/william_tell\/#primaryimage","url":"https:\/\/varsys.ch\/wp-content\/uploads\/2018\/01\/wilhelm_tell.jpg","contentUrl":"https:\/\/varsys.ch\/wp-content\/uploads\/2018\/01\/wilhelm_tell.jpg","width":600,"height":600},{"@type":"BreadcrumbList","@id":"https:\/\/varsys.ch\/de\/all-legends\/william_tell\/#breadcrumb","itemListElement":[{"@type":"ListItem","position":1,"name":"Home","item":"https:\/\/varsys.ch\/de\/"},{"@type":"ListItem","position":2,"name":"ALLE LEGENDEN","item":"https:\/\/varsys.ch\/de\/all-legends\/"},{"@type":"ListItem","position":3,"name":"Wilhelm Tell"}]},{"@type":"WebSite","@id":"https:\/\/varsys.ch\/de\/#website","url":"https:\/\/varsys.ch\/de\/","name":"VARSY&#039;S Legenden der Schweiz","description":"VARSY&#039;S Legenden der Schweiz","publisher":{"@id":"https:\/\/varsys.ch\/de\/#organization"},"potentialAction":[{"@type":"SearchAction","target":{"@type":"EntryPoint","urlTemplate":"https:\/\/varsys.ch\/de\/?s={search_term_string}"},"query-input":{"@type":"PropertyValueSpecification","valueRequired":true,"valueName":"search_term_string"}}],"inLanguage":"de"},{"@type":"Organization","@id":"https:\/\/varsys.ch\/de\/#organization","name":"VARSY'S","url":"https:\/\/varsys.ch\/de\/","logo":{"@type":"ImageObject","inLanguage":"de","@id":"https:\/\/varsys.ch\/de\/#\/schema\/logo\/image\/","url":"https:\/\/varsys.ch\/wp-content\/uploads\/2018\/04\/logo.svg","contentUrl":"https:\/\/varsys.ch\/wp-content\/uploads\/2018\/04\/logo.svg","width":129,"height":117,"caption":"VARSY'S"},"image":{"@id":"https:\/\/varsys.ch\/de\/#\/schema\/logo\/image\/"},"sameAs":["https:\/\/www.facebook.com\/varsys\/","https:\/\/www.instagram.com\/varsys\/"],"description":"Swiss-themed gift products celebrating Switzerland's traditions, landmarks, and culture."}]}},"_links":{"self":[{"href":"https:\/\/varsys.ch\/de\/wp-json\/wp\/v2\/pages\/5543","targetHints":{"allow":["GET"]}}],"collection":[{"href":"https:\/\/varsys.ch\/de\/wp-json\/wp\/v2\/pages"}],"about":[{"href":"https:\/\/varsys.ch\/de\/wp-json\/wp\/v2\/types\/page"}],"author":[{"embeddable":true,"href":"https:\/\/varsys.ch\/de\/wp-json\/wp\/v2\/users\/730"}],"replies":[{"embeddable":true,"href":"https:\/\/varsys.ch\/de\/wp-json\/wp\/v2\/comments?post=5543"}],"version-history":[{"count":0,"href":"https:\/\/varsys.ch\/de\/wp-json\/wp\/v2\/pages\/5543\/revisions"}],"up":[{"embeddable":true,"href":"https:\/\/varsys.ch\/de\/wp-json\/wp\/v2\/pages\/5536"}],"wp:featuredmedia":[{"embeddable":true,"href":"https:\/\/varsys.ch\/de\/wp-json\/wp\/v2\/media\/5024"}],"wp:attachment":[{"href":"https:\/\/varsys.ch\/de\/wp-json\/wp\/v2\/media?parent=5543"}],"curies":[{"name":"wp","href":"https:\/\/api.w.org\/{rel}","templated":true}]}}