{"id":5565,"date":"2019-03-15T11:48:51","date_gmt":"2019-03-15T10:48:51","guid":{"rendered":"https:\/\/varsys.przm.ch\/montreux\/"},"modified":"2019-11-25T10:10:32","modified_gmt":"2019-11-25T09:10:32","slug":"montreux","status":"publish","type":"page","link":"https:\/\/varsys.ch\/de\/all-legends\/montreux\/","title":{"rendered":"Montreux"},"content":{"rendered":"<div class=\"wpb-content-wrapper\"><p>[vc_row css=&#8220;.vc_custom_1517301489325{padding-top: 10% !important;padding-bottom: 10% !important;}&#8220;][vc_column][vc_column_text]<\/p>\n<div class=\"header-title\">\n<h1 style=\"text-align: center;\">LE CH\u00c2TEAU CHILLON<\/h1>\n<p class=\"pad10\" style=\"text-align: center;\">Das eindrucksvolle Schloss an den Ufern des Genfer Sees kann auf eine bewegende Geschichte des Kampfs um Macht, Freiheit und Glaube zur\u00fcckblicken und wurde so auch zur Inspirationsquelle f\u00fcr einflussreiche Schriftsteller des 19. Jahrhunderts&#8230;<\/p>\n<div class=\"header-title-bot\"><\/div>\n<\/div>\n<p>[\/vc_column_text][\/vc_column][\/vc_row][vc_row el_class=&#8220;text-box&#8220;][vc_column][vc_column_text]Montreux wird als auch \u201ePerle des Lavaux\u201c bezeichnet: Geschmiegt in den Schutz des umliegenden Gebirges liegt die Stadt direkt an der Waadtl\u00e4nder Riviera des Genfersees. Hier, auf einer Felseninsel umsp\u00fclt von tiefblauem Wasser, befindet sich das Ch\u00e2teau Chillon. Die mittelalterliche Burg diente urspr\u00fcnglich zur Sicherung von Wasser- und Landweg, doch auch viele Legenden ranken sich um das m\u00e4chtige Gem\u00e4uer. Die wohl bekannteste ist die Geschichte von Bonivard<i>,<\/i> die durch das Gedicht \u201eThe Prisoner of Chillon\u201c von Lord Byron weltber\u00fchmt wurde.<\/p>\n<p>Hinter den m\u00e4chtigen Mauern und T\u00fcrmen des Ch\u00e2teau Chillon verbirgt sich ein unterirdisches Gew\u00f6lbe. Eiskalt sind die W\u00e4nde, pechfinster das Verlies, in das nur durch schmale Schlitze ein wenig Licht hineinf\u00e4llt. Hier sperrte man Abtr\u00fcnnige und Aufr\u00fchrer ein, und das Grauen der Gefangenen l\u00e4sst sich nachempfinden, wenn in der nassen Gruft das dumpfe Donnern der Wellen durch die G\u00e4nge hallt. Auch Fran\u00e7ois Bonivard wurde hier gefangen gehalten: Er hatte sich den Freiheitsk\u00e4mpfern von Genf angeschlossen, die sich gegen den Herrschaftsanspruch des Hauses Savoyen zur Wehr setzten. Als Anh\u00e4nger der Reformation war Bonivard den Obrigen doppelt ein Dorn im Auge und konnte seinen H\u00e4schern oft nur knapp entkommen. Doch er wurde verraten, ausgeliefert und so in den Kerker von Chillon geworfen. Dort kettete man ihn eine S\u00e4ule, und von der Dunkelheit und K\u00e4lte ganz m\u00fcrbe gemacht, lief Bonivard so oft um diese herum, dass seine Schritte im Boden eine kreisf\u00f6rmige Spur zur\u00fcckliessen. [\/vc_column_text][vc_single_image image=&#8220;5021&#8243; img_size=&#8220;full&#8220; alignment=&#8220;center&#8220; el_class=&#8220;bordered&#8220; css=&#8220;.vc_custom_1518886325780{margin-top: 40px !important;margin-bottom: 40px !important;}&#8220;][vc_column_text]Sechs Jahre lang war Bonivard eingesperrt; erst 1536 gelang es den Bernern, die Burg zu erobern. Als die M\u00e4nner ins Verlies hinabeilten, f\u00fcrchteten sie, ihr treuer Gef\u00e4hrte w\u00e4re tot. Doch als sie Bonivard erblickten, riefen sie gl\u00fccklich: \u201eNun seid ihr frei!\u201c Dieser fragte zur\u00fcck: \u201eUnd Genf?\u201c \u201eAuch Genf ist frei\u201c, jubelten sie.<\/p>\n<p>An die Leidensgeschichte Bonivards erinnert heute noch die S\u00e4ule, an die er gekettet war: Hier hat der Poet Byron seinen Namen eingeritzt. Auch andere Schriftsteller hat Chillon inspiriert, zum Beispiel war Percy Shelley so beeindruckt, dass daraus sein Schauerroman \u201eFrankenstein\u201c entstand.<\/p>\n<p>[\/vc_column_text][\/vc_column][\/vc_row][vc_row css=&#8220;.vc_custom_1518886333886{margin-top: 40px !important;margin-bottom: 40px !important;}&#8220;][vc_column][vc_column_text]<\/p>\n<div class=\"msep1 clearfix\" style=\"text-align: center;\"><img loading=\"lazy\" decoding=\"async\" class=\"size-full wp-image-88 aligncenter\" src=\"https:\/\/varsys.ch\/wp-content\/uploads\/2018\/01\/sep1.png\" alt=\"\" width=\"418\" height=\"33\" srcset=\"https:\/\/varsys.ch\/wp-content\/uploads\/2018\/01\/sep1.png 418w, https:\/\/varsys.ch\/wp-content\/uploads\/2018\/01\/sep1-324x26.png 324w\" sizes=\"auto, (max-width: 418px) 100vw, 418px\" \/><\/div>\n<p>[\/vc_column_text][\/vc_column][\/vc_row][vc_row el_class=&#8220;legend-car&#8220;][vc_column][vc_column_text]<\/p>\n<div class=\"header-title\">\n<h2 style=\"text-align: center;\">FINDEN SIE MEHR \u00dcBER ANDERE LEGENDEN HERAUS<\/h2>\n<\/div>\n<p>[\/vc_column_text][vc_column_text]<\/p>\n<div class=\"slider-tools\" style=\"text-align: center;\"><a class=\"btn\" href=\"https:\/\/varsys.ch\/de\/all-legends\/\">Alle unsere Legenden<\/a><\/div>\n<p>[\/vc_column_text][vc_column_text]<div class=\"wphtmlblock \" id=\"wphtmlblock-legenden-set-01\"><div class=\"wphtmlblock-container \"><div class=\"container\">\n<div id=\"myslider00\" class=\"myslider myslider00 center\">\n<div class=\"item\"><a href=\"\/de\/all-legends\/basel\/\"><img loading=\"lazy\" decoding=\"async\" src=\"\/wp-content\/uploads\/2019\/10\/Varsys-switzerland-FPS204-D-legenden-der-basel.jpg\" alt=\"BASEL\"  width=\"204\" height=\"204\" \/><span class=\"st\">BASEL<\/span><\/a><\/div>\n<div class=\"item\"><a href=\"\/de\/all-legends\/bern\/\"><img loading=\"lazy\" decoding=\"async\" src=\"\/wp-content\/uploads\/2019\/10\/Varsys-switzerland-FPS204-D-legenden-der-bern.jpg\" alt=\"BERN\"  width=\"204\" height=\"204\" \/><span class=\"st\">BERN<\/span><\/a><\/div>\n<div class=\"item\"><a href=\"\/de\/all-legends\/genf\/\"><img loading=\"lazy\" decoding=\"async\" src=\"\/wp-content\/uploads\/2019\/10\/Varsys-switzerland-FPS204-D-legenden-der-genf.jpg\" alt=\"GENF\"  width=\"204\" height=\"204\" \/><span class=\"st\">GENF<\/span><\/a><\/div>\n<div class=\"item\"><a href=\"\/de\/all-legends\/luzern\/\"><img loading=\"lazy\" decoding=\"async\" src=\"\/wp-content\/uploads\/2019\/10\/Varsys-switzerland-FPS204-D-legenden-der-luzern.jpg\" alt=\"LUZERN\"  width=\"204\" height=\"204\" \/><span class=\"st\">LUZERN<\/span><\/a><\/div>\n<div class=\"item\"><a href=\"\/de\/all-legends\/schweiz\/\"><img loading=\"lazy\" decoding=\"async\" src=\"\/wp-content\/uploads\/2019\/10\/Varsys-switzerland-FPS204-D-legenden-der-schweiz.jpg\" alt=\"SCHWEIZ\"  width=\"204\" height=\"204\" \/><span class=\"st\">SCHWEIZ<\/span><\/a><\/div>\n<div class=\"item\"><a href=\"\/de\/all-legends\/zurich\/\"><img loading=\"lazy\" decoding=\"async\" src=\"\/wp-content\/uploads\/2019\/10\/Varsys-switzerland-FPS204-D-legenden-der-zuerich.jpg\" alt=\"Z&Uuml;RICH\"  width=\"204\" height=\"204\" \/><span class=\"st\">Z&Uuml;RICH<\/span><\/a><\/div>\n<\/div>\n<\/div>\n<\/div><\/div>\n<p>[\/vc_column_text][\/vc_column][\/vc_row][vc_row css=&#8220;.vc_custom_1518886333886{margin-top: 40px !important;margin-bottom: 40px !important;}&#8220;][vc_column][vc_column_text]<\/p>\n<div class=\"msep1 clearfix\" style=\"text-align: center;\"><img loading=\"lazy\" decoding=\"async\" class=\"size-full wp-image-88 aligncenter\" src=\"https:\/\/varsys.ch\/wp-content\/uploads\/2018\/01\/sep1.png\" alt=\"\" width=\"418\" height=\"33\" srcset=\"https:\/\/varsys.ch\/wp-content\/uploads\/2018\/01\/sep1.png 418w, https:\/\/varsys.ch\/wp-content\/uploads\/2018\/01\/sep1-324x26.png 324w\" sizes=\"auto, (max-width: 418px) 100vw, 418px\" \/><\/div>\n<p>[\/vc_column_text][\/vc_column][\/vc_row][vc_row el_class=&#8220;legend-car&#8220;][vc_column][vc_column_text css=&#8220;.vc_custom_1525511530180{margin-bottom: 0px !important;padding-bottom: 0px !important;}&#8220;]<\/p>\n<div class=\"header-title\">\n<h2 style=\"text-align: center;\">Sie m\u00f6gen Montreux? Finden Sie es auf all diesen legend\u00e4ren Produkten<\/h2>\n<\/div>\n<p>[\/vc_column_text][vc_column_text]        <div class=\"wcp-carousel-main-wrap rpc-crsl-1 default\">\r\n        <section class=\"wcp-slick  \"   data-dots = on data-slidesToShow = 4 data-slidesToShowtab = 3 data-slidesToShowmob = 1 data-cssEase = ease data-margin = 10px data-arrows = on data-rows = 1 data-slidesPerRow = 4 id=\"carousel-1362\">\r\n\r\n                            <div class=\"slick-slide carousel-item-5329\" data-post_id=\"5329\">\r\n                    <figure class=\"rpc-style-1 rpc-wrapper\">\r\n  <div class=\"fixed-height-image\"><img loading=\"lazy\" decoding=\"async\" width=\"800\" height=\"800\" src=\"https:\/\/varsys.ch\/wp-content\/uploads\/2018\/02\/Legendbox-limited-800-SET2-WHITE-2018-02-05-1.jpg\" class=\"attachment- size- no-lazyload wp-post-image\" alt=\"\" srcset=\"https:\/\/varsys.ch\/wp-content\/uploads\/2018\/02\/Legendbox-limited-800-SET2-WHITE-2018-02-05-1.jpg 800w, https:\/\/varsys.ch\/wp-content\/uploads\/2018\/02\/Legendbox-limited-800-SET2-WHITE-2018-02-05-1-324x324.jpg 324w, https:\/\/varsys.ch\/wp-content\/uploads\/2018\/02\/Legendbox-limited-800-SET2-WHITE-2018-02-05-1-100x100.jpg 100w\" sizes=\"auto, (max-width: 800px) 100vw, 800px\" \/><\/div>  <div class=\"date rpc_date\">\r\n  \t<span class=\"day\">19<\/span>\r\n  \t<span class=\"month\">Okt.<\/span>\r\n  <\/div>\r\n  <i class=\"fa fa-link\"><\/i>\r\n  <figcaption class=\"rpc_bg\">\r\n    <h3 class=\"rpc_title\">Legendenbox limited edition: set 2<\/h3>\r\n    <p class=\"rpc_desc\">\r\n\t\t19. Oktober 2018    <\/p>\r\n        <\/figcaption>\r\n  <a target=\"_self\" href=\"https:\/\/varsys.ch\/de\/product\/legendenbox-limited-edition-set-2\/\"><\/a>\r\n<\/figure>                <\/div>    \r\n\r\n                            <div class=\"slick-slide carousel-item-5308\" data-post_id=\"5308\">\r\n                    <figure class=\"rpc-style-1 rpc-wrapper\">\r\n  <div class=\"fixed-height-image\"><img loading=\"lazy\" decoding=\"async\" width=\"800\" height=\"800\" src=\"https:\/\/varsys.ch\/wp-content\/uploads\/2018\/02\/Legendbox-Classic-SET2-4k-WHITE-TELL-2018-02-05.jpg\" class=\"attachment- size- no-lazyload wp-post-image\" alt=\"\" srcset=\"https:\/\/varsys.ch\/wp-content\/uploads\/2018\/02\/Legendbox-Classic-SET2-4k-WHITE-TELL-2018-02-05.jpg 800w, https:\/\/varsys.ch\/wp-content\/uploads\/2018\/02\/Legendbox-Classic-SET2-4k-WHITE-TELL-2018-02-05-324x324.jpg 324w, https:\/\/varsys.ch\/wp-content\/uploads\/2018\/02\/Legendbox-Classic-SET2-4k-WHITE-TELL-2018-02-05-100x100.jpg 100w\" sizes=\"auto, (max-width: 800px) 100vw, 800px\" \/><\/div>  <div class=\"date rpc_date\">\r\n  \t<span class=\"day\">19<\/span>\r\n  \t<span class=\"month\">Okt.<\/span>\r\n  <\/div>\r\n  <i class=\"fa fa-link\"><\/i>\r\n  <figcaption class=\"rpc_bg\">\r\n    <h3 class=\"rpc_title\">Legendenbox classic: set 2<\/h3>\r\n    <p class=\"rpc_desc\">\r\n\t\t19. Oktober 2018    <\/p>\r\n        <\/figcaption>\r\n  <a target=\"_self\" href=\"https:\/\/varsys.ch\/de\/product\/legendenbox-classic-set-2\/\"><\/a>\r\n<\/figure>                <\/div>    \r\n\r\n                            <div class=\"slick-slide carousel-item-5264\" data-post_id=\"5264\">\r\n                    <figure class=\"rpc-style-1 rpc-wrapper\">\r\n  <div class=\"fixed-height-image\"><img loading=\"lazy\" decoding=\"async\" width=\"800\" height=\"800\" src=\"https:\/\/varsys.ch\/wp-content\/uploads\/2018\/02\/Notebook-montreux-WHITE-2018-02-04.png\" class=\"attachment- size- no-lazyload wp-post-image\" alt=\"\" srcset=\"https:\/\/varsys.ch\/wp-content\/uploads\/2018\/02\/Notebook-montreux-WHITE-2018-02-04.png 800w, https:\/\/varsys.ch\/wp-content\/uploads\/2018\/02\/Notebook-montreux-WHITE-2018-02-04-324x324.png 324w, https:\/\/varsys.ch\/wp-content\/uploads\/2018\/02\/Notebook-montreux-WHITE-2018-02-04-100x100.png 100w\" sizes=\"auto, (max-width: 800px) 100vw, 800px\" \/><\/div>  <div class=\"date rpc_date\">\r\n  \t<span class=\"day\">08<\/span>\r\n  \t<span class=\"month\">Okt.<\/span>\r\n  <\/div>\r\n  <i class=\"fa fa-link\"><\/i>\r\n  <figcaption class=\"rpc_bg\">\r\n    <h3 class=\"rpc_title\">Montreux Notizb\u00fccher<\/h3>\r\n    <p class=\"rpc_desc\">\r\n\t\t8. Oktober 2018    <\/p>\r\n        <\/figcaption>\r\n  <a target=\"_self\" href=\"https:\/\/varsys.ch\/de\/product\/montreux-notizbucher\/\"><\/a>\r\n<\/figure>                <\/div>    \r\n\r\n                            <div class=\"slick-slide carousel-item-5122\" data-post_id=\"5122\">\r\n                    <figure class=\"rpc-style-1 rpc-wrapper\">\r\n  <div class=\"fixed-height-image\"><img loading=\"lazy\" decoding=\"async\" width=\"800\" height=\"800\" src=\"https:\/\/varsys.ch\/wp-content\/uploads\/2018\/02\/Postcards_montreux-WHITE-2018-02-04.png\" class=\"attachment- size- no-lazyload wp-post-image\" alt=\"\" srcset=\"https:\/\/varsys.ch\/wp-content\/uploads\/2018\/02\/Postcards_montreux-WHITE-2018-02-04.png 800w, https:\/\/varsys.ch\/wp-content\/uploads\/2018\/02\/Postcards_montreux-WHITE-2018-02-04-324x324.png 324w, https:\/\/varsys.ch\/wp-content\/uploads\/2018\/02\/Postcards_montreux-WHITE-2018-02-04-100x100.png 100w\" sizes=\"auto, (max-width: 800px) 100vw, 800px\" \/><\/div>  <div class=\"date rpc_date\">\r\n  \t<span class=\"day\">07<\/span>\r\n  \t<span class=\"month\">Okt.<\/span>\r\n  <\/div>\r\n  <i class=\"fa fa-link\"><\/i>\r\n  <figcaption class=\"rpc_bg\">\r\n    <h3 class=\"rpc_title\">Montreux Postkarten<\/h3>\r\n    <p class=\"rpc_desc\">\r\n\t\t7. Oktober 2018    <\/p>\r\n        <\/figcaption>\r\n  <a target=\"_self\" href=\"https:\/\/varsys.ch\/de\/product\/montreux-postkarten\/\"><\/a>\r\n<\/figure>                <\/div>    \r\n\r\n                \r\n        <\/section>\r\n        <\/div>\r\n        <style>#carousel-1362 { background-color: ; } #carousel-1362 .slick-slide { margin: 2px 10px; } #carousel-1362.slick-vertical .slick-slide { margin: 10px 2px; } #carousel-1362 .fixed-height-image { height: ; } #carousel-1362 .slick-slide .rpc_bg { background-color: #ececec !important; } #carousel-1362 .slick-slide .rpc_title { color: #333333 !important; } #carousel-1362 .slick-slide .rpc_title { font-size: 18px !important; } #carousel-1362 .slick-slide .rpc_title { font-family: TrajanPro-Bold !important; } #carousel-1362 .slick-slide .rpc_title { line-height: 1em !important; } #carousel-1362 .slick-slide .rpc_desc { color: #000000 !important; } #carousel-1362 .slick-slide .rpc_desc { font-size: 0.8em !important; } #carousel-1362 .slick-slide .rpc_desc { font-family: Arial, sans-serif !important; } #carousel-1362 .slick-slide .rpc_desc { line-height: 1.6em !important; } #carousel-1362 .slick-slide .rpc_date { background-color: #1abc9c !important; } #carousel-1362 .slick-slide .fa { background-color: #1abc9c !important; } #carousel-1362 .slick-slide button { background-color: #1abc9c !important; } #carousel-1362 .slick-slide .rpc-wrapper { border-style: none !important; } #carousel-1362 .slick-slide .rpc-wrapper { border-width: 1px !important; } #carousel-1362 .slick-slide .rpc-wrapper { border-color:  !important; } #carousel-1362 .slick-slide .rpc-wrapper { box-shadow:  !important; } .topright #carousel-1362 .slick-next { right: 10px; }.topright #carousel-1362 .slick-prev { right: 39px; left: inherit; } .topleft #carousel-1362 .slick-prev { left: 10px; }.topleft #carousel-1362 .slick-next { left: 39px; right: inherit; } .aboveposts #carousel-1362 .slick-prev { left: 10px; }.aboveposts #carousel-1362 .slick-next { right: 10px; left: inherit; } #carousel-1362 .slick-dots li button:before { color:  ; }#carousel-1362 .slick-prev:before, #carousel-1362 .slick-next:before { color: #000000 !important;}#carousel-1362 .slick-next:before { content: '\\ \\f061 '; } #carousel-1362 .slick-prev:before { content: '\\ \\f060'; }<\/style>[\/vc_column_text][\/vc_column][\/vc_row][vc_row][vc_column][vc_column_text]<\/p>\n<\/div>\n<\/div>\n<p>[\/vc_column_text][\/vc_column][\/vc_row]<\/p>\n<\/div>","protected":false},"excerpt":{"rendered":"<p>[vc_row css=&#8220;.vc_custom_1517301489325{padding-top: 10% !important;padding-bottom: 10% !important;}&#8220;][vc_column][vc_column_text] LE CH\u00c2TEAU CHILLON Das eindrucksvolle Schloss an den Ufern des Genfer Sees kann auf eine bewegende Geschichte des Kampfs um Macht, Freiheit und Glaube zur\u00fcckblicken und wurde so auch zur Inspirationsquelle f\u00fcr einflussreiche Schriftsteller des 19. Jahrhunderts&#8230; [\/vc_column_text][\/vc_column][\/vc_row][vc_row el_class=&#8220;text-box&#8220;][vc_column][vc_column_text]Montreux wird als auch \u201ePerle des Lavaux\u201c bezeichnet: Geschmiegt in den<\/p>\n","protected":false},"author":730,"featured_media":5021,"parent":5536,"menu_order":0,"comment_status":"closed","ping_status":"closed","template":"template-legend.php","meta":{"_acf_changed":false,"inline_featured_image":false,"footnotes":""},"class_list":["post-5565","page","type-page","status-publish","has-post-thumbnail","hentry"],"acf":[],"yoast_head":"<!-- This site is optimized with the Yoast SEO Premium plugin v26.9 (Yoast SEO v27.3) - https:\/\/yoast.com\/product\/yoast-seo-premium-wordpress\/ -->\n<title>Die Legende von Montreux - Geschichten von der Schweizer Riviera<\/title>\n<meta name=\"description\" content=\"Entdecken Sie die Legenden von Montreux am Genfersee. Vom Schloss Chillon bis zu alpinen Mythen - illustrierte Schweizer Geschichten von VARSY&#039;S.\" \/>\n<meta name=\"robots\" content=\"index, follow, max-snippet:-1, max-image-preview:large, max-video-preview:-1\" \/>\n<link rel=\"canonical\" href=\"https:\/\/varsys.ch\/de\/all-legends\/montreux\/\" \/>\n<meta property=\"og:locale\" content=\"de_DE\" \/>\n<meta property=\"og:type\" content=\"article\" \/>\n<meta property=\"og:title\" content=\"Montreux\" \/>\n<meta property=\"og:description\" content=\"Entdecken Sie die Legenden von Montreux am Genfersee. Vom Schloss Chillon bis zu alpinen Mythen - illustrierte Schweizer Geschichten von VARSY&#039;S.\" \/>\n<meta property=\"og:url\" content=\"https:\/\/varsys.ch\/de\/all-legends\/montreux\/\" \/>\n<meta property=\"og:site_name\" content=\"VARSY&#039;S Legenden der Schweiz\" \/>\n<meta property=\"article:publisher\" content=\"https:\/\/www.facebook.com\/varsys\/\" \/>\n<meta property=\"article:modified_time\" content=\"2019-11-25T09:10:32+00:00\" \/>\n<meta property=\"og:image\" content=\"https:\/\/varsys.ch\/wp-content\/uploads\/2018\/01\/montereux.jpg\" \/>\n\t<meta property=\"og:image:width\" content=\"600\" \/>\n\t<meta property=\"og:image:height\" content=\"600\" \/>\n\t<meta property=\"og:image:type\" content=\"image\/jpeg\" \/>\n<meta name=\"twitter:card\" content=\"summary_large_image\" \/>\n<meta name=\"twitter:label1\" content=\"Gesch\u00e4tzte Lesezeit\" \/>\n\t<meta name=\"twitter:data1\" content=\"3\u00a0Minuten\" \/>\n<script type=\"application\/ld+json\" class=\"yoast-schema-graph\">{\"@context\":\"https:\\\/\\\/schema.org\",\"@graph\":[{\"@type\":\"WebPage\",\"@id\":\"https:\\\/\\\/varsys.ch\\\/de\\\/all-legends\\\/montreux\\\/\",\"url\":\"https:\\\/\\\/varsys.ch\\\/de\\\/all-legends\\\/montreux\\\/\",\"name\":\"Die Legende von Montreux - Geschichten von der Schweizer Riviera\",\"isPartOf\":{\"@id\":\"https:\\\/\\\/varsys.ch\\\/de\\\/#website\"},\"primaryImageOfPage\":{\"@id\":\"https:\\\/\\\/varsys.ch\\\/de\\\/all-legends\\\/montreux\\\/#primaryimage\"},\"image\":{\"@id\":\"https:\\\/\\\/varsys.ch\\\/de\\\/all-legends\\\/montreux\\\/#primaryimage\"},\"thumbnailUrl\":\"https:\\\/\\\/varsys.ch\\\/wp-content\\\/uploads\\\/2018\\\/01\\\/montereux.jpg\",\"datePublished\":\"2019-03-15T10:48:51+00:00\",\"dateModified\":\"2019-11-25T09:10:32+00:00\",\"description\":\"Entdecken Sie die Legenden von Montreux am Genfersee. Vom Schloss Chillon bis zu alpinen Mythen - illustrierte Schweizer Geschichten von VARSY'S.\",\"breadcrumb\":{\"@id\":\"https:\\\/\\\/varsys.ch\\\/de\\\/all-legends\\\/montreux\\\/#breadcrumb\"},\"inLanguage\":\"de\",\"potentialAction\":[{\"@type\":\"ReadAction\",\"target\":[\"https:\\\/\\\/varsys.ch\\\/de\\\/all-legends\\\/montreux\\\/\"]}]},{\"@type\":\"ImageObject\",\"inLanguage\":\"de\",\"@id\":\"https:\\\/\\\/varsys.ch\\\/de\\\/all-legends\\\/montreux\\\/#primaryimage\",\"url\":\"https:\\\/\\\/varsys.ch\\\/wp-content\\\/uploads\\\/2018\\\/01\\\/montereux.jpg\",\"contentUrl\":\"https:\\\/\\\/varsys.ch\\\/wp-content\\\/uploads\\\/2018\\\/01\\\/montereux.jpg\",\"width\":600,\"height\":600},{\"@type\":\"BreadcrumbList\",\"@id\":\"https:\\\/\\\/varsys.ch\\\/de\\\/all-legends\\\/montreux\\\/#breadcrumb\",\"itemListElement\":[{\"@type\":\"ListItem\",\"position\":1,\"name\":\"Home\",\"item\":\"https:\\\/\\\/varsys.ch\\\/de\\\/\"},{\"@type\":\"ListItem\",\"position\":2,\"name\":\"ALLE LEGENDEN\",\"item\":\"https:\\\/\\\/varsys.ch\\\/de\\\/all-legends\\\/\"},{\"@type\":\"ListItem\",\"position\":3,\"name\":\"Montreux\"}]},{\"@type\":\"WebSite\",\"@id\":\"https:\\\/\\\/varsys.ch\\\/de\\\/#website\",\"url\":\"https:\\\/\\\/varsys.ch\\\/de\\\/\",\"name\":\"VARSY&#039;S Legenden der Schweiz\",\"description\":\"VARSY&#039;S Legenden der Schweiz\",\"publisher\":{\"@id\":\"https:\\\/\\\/varsys.ch\\\/de\\\/#organization\"},\"potentialAction\":[{\"@type\":\"SearchAction\",\"target\":{\"@type\":\"EntryPoint\",\"urlTemplate\":\"https:\\\/\\\/varsys.ch\\\/de\\\/?s={search_term_string}\"},\"query-input\":{\"@type\":\"PropertyValueSpecification\",\"valueRequired\":true,\"valueName\":\"search_term_string\"}}],\"inLanguage\":\"de\"},{\"@type\":\"Organization\",\"@id\":\"https:\\\/\\\/varsys.ch\\\/de\\\/#organization\",\"name\":\"VARSY'S\",\"url\":\"https:\\\/\\\/varsys.ch\\\/de\\\/\",\"logo\":{\"@type\":\"ImageObject\",\"inLanguage\":\"de\",\"@id\":\"https:\\\/\\\/varsys.ch\\\/de\\\/#\\\/schema\\\/logo\\\/image\\\/\",\"url\":\"https:\\\/\\\/varsys.ch\\\/wp-content\\\/uploads\\\/2018\\\/04\\\/logo.svg\",\"contentUrl\":\"https:\\\/\\\/varsys.ch\\\/wp-content\\\/uploads\\\/2018\\\/04\\\/logo.svg\",\"width\":129,\"height\":117,\"caption\":\"VARSY'S\"},\"image\":{\"@id\":\"https:\\\/\\\/varsys.ch\\\/de\\\/#\\\/schema\\\/logo\\\/image\\\/\"},\"sameAs\":[\"https:\\\/\\\/www.facebook.com\\\/varsys\\\/\",\"https:\\\/\\\/www.instagram.com\\\/varsys\\\/\"],\"description\":\"Swiss-themed gift products celebrating Switzerland's traditions, landmarks, and culture.\"}]}<\/script>\n<!-- \/ Yoast SEO Premium plugin. -->","yoast_head_json":{"title":"Die Legende von Montreux - Geschichten von der Schweizer Riviera","description":"Entdecken Sie die Legenden von Montreux am Genfersee. Vom Schloss Chillon bis zu alpinen Mythen - illustrierte Schweizer Geschichten von VARSY'S.","robots":{"index":"index","follow":"follow","max-snippet":"max-snippet:-1","max-image-preview":"max-image-preview:large","max-video-preview":"max-video-preview:-1"},"canonical":"https:\/\/varsys.ch\/de\/all-legends\/montreux\/","og_locale":"de_DE","og_type":"article","og_title":"Montreux","og_description":"Entdecken Sie die Legenden von Montreux am Genfersee. Vom Schloss Chillon bis zu alpinen Mythen - illustrierte Schweizer Geschichten von VARSY'S.","og_url":"https:\/\/varsys.ch\/de\/all-legends\/montreux\/","og_site_name":"VARSY&#039;S Legenden der Schweiz","article_publisher":"https:\/\/www.facebook.com\/varsys\/","article_modified_time":"2019-11-25T09:10:32+00:00","og_image":[{"width":600,"height":600,"url":"https:\/\/varsys.ch\/wp-content\/uploads\/2018\/01\/montereux.jpg","type":"image\/jpeg"}],"twitter_card":"summary_large_image","twitter_misc":{"Gesch\u00e4tzte Lesezeit":"3\u00a0Minuten"},"schema":{"@context":"https:\/\/schema.org","@graph":[{"@type":"WebPage","@id":"https:\/\/varsys.ch\/de\/all-legends\/montreux\/","url":"https:\/\/varsys.ch\/de\/all-legends\/montreux\/","name":"Die Legende von Montreux - Geschichten von der Schweizer Riviera","isPartOf":{"@id":"https:\/\/varsys.ch\/de\/#website"},"primaryImageOfPage":{"@id":"https:\/\/varsys.ch\/de\/all-legends\/montreux\/#primaryimage"},"image":{"@id":"https:\/\/varsys.ch\/de\/all-legends\/montreux\/#primaryimage"},"thumbnailUrl":"https:\/\/varsys.ch\/wp-content\/uploads\/2018\/01\/montereux.jpg","datePublished":"2019-03-15T10:48:51+00:00","dateModified":"2019-11-25T09:10:32+00:00","description":"Entdecken Sie die Legenden von Montreux am Genfersee. Vom Schloss Chillon bis zu alpinen Mythen - illustrierte Schweizer Geschichten von VARSY'S.","breadcrumb":{"@id":"https:\/\/varsys.ch\/de\/all-legends\/montreux\/#breadcrumb"},"inLanguage":"de","potentialAction":[{"@type":"ReadAction","target":["https:\/\/varsys.ch\/de\/all-legends\/montreux\/"]}]},{"@type":"ImageObject","inLanguage":"de","@id":"https:\/\/varsys.ch\/de\/all-legends\/montreux\/#primaryimage","url":"https:\/\/varsys.ch\/wp-content\/uploads\/2018\/01\/montereux.jpg","contentUrl":"https:\/\/varsys.ch\/wp-content\/uploads\/2018\/01\/montereux.jpg","width":600,"height":600},{"@type":"BreadcrumbList","@id":"https:\/\/varsys.ch\/de\/all-legends\/montreux\/#breadcrumb","itemListElement":[{"@type":"ListItem","position":1,"name":"Home","item":"https:\/\/varsys.ch\/de\/"},{"@type":"ListItem","position":2,"name":"ALLE LEGENDEN","item":"https:\/\/varsys.ch\/de\/all-legends\/"},{"@type":"ListItem","position":3,"name":"Montreux"}]},{"@type":"WebSite","@id":"https:\/\/varsys.ch\/de\/#website","url":"https:\/\/varsys.ch\/de\/","name":"VARSY&#039;S Legenden der Schweiz","description":"VARSY&#039;S Legenden der Schweiz","publisher":{"@id":"https:\/\/varsys.ch\/de\/#organization"},"potentialAction":[{"@type":"SearchAction","target":{"@type":"EntryPoint","urlTemplate":"https:\/\/varsys.ch\/de\/?s={search_term_string}"},"query-input":{"@type":"PropertyValueSpecification","valueRequired":true,"valueName":"search_term_string"}}],"inLanguage":"de"},{"@type":"Organization","@id":"https:\/\/varsys.ch\/de\/#organization","name":"VARSY'S","url":"https:\/\/varsys.ch\/de\/","logo":{"@type":"ImageObject","inLanguage":"de","@id":"https:\/\/varsys.ch\/de\/#\/schema\/logo\/image\/","url":"https:\/\/varsys.ch\/wp-content\/uploads\/2018\/04\/logo.svg","contentUrl":"https:\/\/varsys.ch\/wp-content\/uploads\/2018\/04\/logo.svg","width":129,"height":117,"caption":"VARSY'S"},"image":{"@id":"https:\/\/varsys.ch\/de\/#\/schema\/logo\/image\/"},"sameAs":["https:\/\/www.facebook.com\/varsys\/","https:\/\/www.instagram.com\/varsys\/"],"description":"Swiss-themed gift products celebrating Switzerland's traditions, landmarks, and culture."}]}},"_links":{"self":[{"href":"https:\/\/varsys.ch\/de\/wp-json\/wp\/v2\/pages\/5565","targetHints":{"allow":["GET"]}}],"collection":[{"href":"https:\/\/varsys.ch\/de\/wp-json\/wp\/v2\/pages"}],"about":[{"href":"https:\/\/varsys.ch\/de\/wp-json\/wp\/v2\/types\/page"}],"author":[{"embeddable":true,"href":"https:\/\/varsys.ch\/de\/wp-json\/wp\/v2\/users\/730"}],"replies":[{"embeddable":true,"href":"https:\/\/varsys.ch\/de\/wp-json\/wp\/v2\/comments?post=5565"}],"version-history":[{"count":0,"href":"https:\/\/varsys.ch\/de\/wp-json\/wp\/v2\/pages\/5565\/revisions"}],"up":[{"embeddable":true,"href":"https:\/\/varsys.ch\/de\/wp-json\/wp\/v2\/pages\/5536"}],"wp:featuredmedia":[{"embeddable":true,"href":"https:\/\/varsys.ch\/de\/wp-json\/wp\/v2\/media\/5021"}],"wp:attachment":[{"href":"https:\/\/varsys.ch\/de\/wp-json\/wp\/v2\/media?parent=5565"}],"curies":[{"name":"wp","href":"https:\/\/api.w.org\/{rel}","templated":true}]}}