{"id":5567,"date":"2019-03-15T11:52:12","date_gmt":"2019-03-15T10:52:12","guid":{"rendered":"https:\/\/varsys.przm.ch\/st-moritz\/"},"modified":"2019-11-14T08:46:09","modified_gmt":"2019-11-14T07:46:09","slug":"st-moritz","status":"publish","type":"page","link":"https:\/\/varsys.ch\/de\/all-legends\/st-moritz\/","title":{"rendered":"St. Moritz"},"content":{"rendered":"<div class=\"wpb-content-wrapper\"><p>[vc_row css=&#8220;.vc_custom_1517301489325{padding-top: 10% !important;padding-bottom: 10% !important;}&#8220;][vc_column][vc_column_text]<\/p>\n<div class=\"header-title\">\n<h1 style=\"text-align: center;\">DIE VIELSPRACHIGKEIT IN GRAUB\u00dcNDEN<\/h1>\n<p class=\"pad10\" style=\"text-align: center;\">Beim Verteilen der Sprachen auf das Erdvolk ist der wundersch\u00f6ne Bergkanton Graub\u00fcnden beinahe vergessen worden &#8211; um dann aber die meisten Sprachvarianten der ganzen Schweiz zu erhalten\u2026<\/p>\n<div class=\"header-title-bot\"><\/div>\n<\/div>\n<p>[\/vc_column_text][\/vc_column][\/vc_row][vc_row el_class=&#8220;text-box&#8220;][vc_column][vc_column_text]Graub\u00fcnden ist f\u00fcr vieles bekannt: Zwischen Alpenpanorama und Bergseen finden sich die besten Skigebiete der Welt, allen voran nat\u00fcrlich St. Moritz, das im Herzen des Kantons liegt und zu den beliebtesten Orten f\u00fcr Wanderungen und Wintersport geh\u00f6rt. Weniger bekannt ist, dass hier auch drei Kulturkreise der Schweiz besonders aufeinandertreffen, denn nur in Graub\u00fcnden sind Deutsch, Italienisch und R\u00e4toromanisch gleichberechtigte Amtssprachen. Kein Wunder, dass ein waschechter Graub\u00fcndner m\u00fchelos zwischen den Sprachen wechseln kann. Wie es zu der Vielsprachigkeit des Kantons kam, erz\u00e4hlt uns folgende Legende.<\/p>\n<p>Am Anbeginn der Zeit hatte Gott seine Sch\u00f6pfung vollbracht. Die Menschheit war vollkommen, nur die Sprache fehlte ihnen noch. Gott wollte jedem Volk die Sprache geben, die am besten zu den Menschen passte. Hierf\u00fcr w\u00e4hlte Gott Logos aus, einen seiner sch\u00f6nsten Engel. Logos ward beauftragt, die Samen der von Gott geschaffenen Sprachblumen in S\u00e4cken zu sammeln, je gesondert nach ihrer Art. Damit flog der Engel \u00fcber den ihm zugewiesenen Erdteil und verstreute den Vorrat auf die K\u00f6pfe der stummen Menschen. Dies tat der treue Logos so lange, bis er alle Sprachsamen auf der Welt verteilt hatte. So entfalteten sich die sch\u00f6nsten Sprachen rund um den Erdball.[\/vc_column_text][vc_single_image image=&#8220;5023&#8243; img_size=&#8220;full&#8220; alignment=&#8220;center&#8220; el_class=&#8220;bordered&#8220; css=&#8220;.vc_custom_1518886252350{margin-top: 40px !important;margin-bottom: 40px !important;}&#8220;][vc_column_text]Als Logos sein Werk vollendet hatte, merkte er, dass er ein kleines Alpenland, dort, wo das Quellgebiet des Rheins auf die Moesa und Inn trifft, ganz \u00fcbersehen hatte. Oh weh, die Sprachs\u00e4cke waren schon alle leer! Kleinlaut gestand der Engel dem Herrn sein Versehen. Der Sch\u00f6pfer gab Logos einen strengen Verweis und sprach: \u201eNimm die S\u00e4cke und schau, ob in den Zipfeln nicht noch ein Rest an Samen h\u00e4ngengeblieben ist. Damit fliege \u00fcber jenes Gebiet und streue es auf die armen Menschen.\u201c Logos sch\u00fcttelte und klopfte die S\u00e4cke, und tats\u00e4chlich, im indogermanischen und keltischen Blumensack waren noch einige Samen zu finden, und auch beim Germanen- und Romanen-Sack hatte er Gl\u00fcck. Diese Samen streute er \u00fcber die K\u00f6pfe der noch sprachlosen Bewohner der r\u00e4tischen Alpen, und sie gediehen wohl. So ist es zu erkl\u00e4ren, dass in Graub\u00fcnden noch heute viele Sprachen gesprochen werden.<\/p>\n<p>[\/vc_column_text][\/vc_column][\/vc_row][vc_row css=&#8220;.vc_custom_1518886259813{margin-top: 40px !important;margin-bottom: 40px !important;}&#8220;][vc_column][vc_column_text]<\/p>\n<div class=\"msep1 clearfix\" style=\"text-align: center;\"><img loading=\"lazy\" decoding=\"async\" class=\"size-full wp-image-88 aligncenter\" src=\"https:\/\/varsys.ch\/wp-content\/uploads\/2018\/01\/sep1.png\" alt=\"\" width=\"418\" height=\"33\" srcset=\"https:\/\/varsys.ch\/wp-content\/uploads\/2018\/01\/sep1.png 418w, https:\/\/varsys.ch\/wp-content\/uploads\/2018\/01\/sep1-324x26.png 324w\" sizes=\"auto, (max-width: 418px) 100vw, 418px\" \/><\/div>\n<p>[\/vc_column_text][\/vc_column][\/vc_row][vc_row el_class=&#8220;legend-car&#8220;][vc_column][vc_column_text]<\/p>\n<div class=\"header-title\">\n<h2 style=\"text-align: center;\">FINDEN SIE MEHR \u00dcBER ANDERE LEGENDEN HERAUS<\/h2>\n<\/div>\n<p>[\/vc_column_text][vc_column_text]<\/p>\n<div class=\"slider-tools\" style=\"text-align: center;\"><a class=\"btn\" href=\"https:\/\/varsys.ch\/de\/all-legends\/\">Alle unsere Legenden<\/a><\/div>\n<p>[\/vc_column_text][vc_column_text]<div class=\"wphtmlblock \" id=\"wphtmlblock-legenden-set-01\"><div class=\"wphtmlblock-container \"><div class=\"container\">\n<div id=\"myslider00\" class=\"myslider myslider00 center\">\n<div class=\"item\"><a href=\"\/de\/all-legends\/basel\/\"><img loading=\"lazy\" decoding=\"async\" src=\"\/wp-content\/uploads\/2019\/10\/Varsys-switzerland-FPS204-D-legenden-der-basel.jpg\" alt=\"BASEL\"  width=\"204\" height=\"204\" \/><span class=\"st\">BASEL<\/span><\/a><\/div>\n<div class=\"item\"><a href=\"\/de\/all-legends\/bern\/\"><img loading=\"lazy\" decoding=\"async\" src=\"\/wp-content\/uploads\/2019\/10\/Varsys-switzerland-FPS204-D-legenden-der-bern.jpg\" alt=\"BERN\"  width=\"204\" height=\"204\" \/><span class=\"st\">BERN<\/span><\/a><\/div>\n<div class=\"item\"><a href=\"\/de\/all-legends\/genf\/\"><img loading=\"lazy\" decoding=\"async\" src=\"\/wp-content\/uploads\/2019\/10\/Varsys-switzerland-FPS204-D-legenden-der-genf.jpg\" alt=\"GENF\"  width=\"204\" height=\"204\" \/><span class=\"st\">GENF<\/span><\/a><\/div>\n<div class=\"item\"><a href=\"\/de\/all-legends\/luzern\/\"><img loading=\"lazy\" decoding=\"async\" src=\"\/wp-content\/uploads\/2019\/10\/Varsys-switzerland-FPS204-D-legenden-der-luzern.jpg\" alt=\"LUZERN\"  width=\"204\" height=\"204\" \/><span class=\"st\">LUZERN<\/span><\/a><\/div>\n<div class=\"item\"><a href=\"\/de\/all-legends\/schweiz\/\"><img loading=\"lazy\" decoding=\"async\" src=\"\/wp-content\/uploads\/2019\/10\/Varsys-switzerland-FPS204-D-legenden-der-schweiz.jpg\" alt=\"SCHWEIZ\"  width=\"204\" height=\"204\" \/><span class=\"st\">SCHWEIZ<\/span><\/a><\/div>\n<div class=\"item\"><a href=\"\/de\/all-legends\/zurich\/\"><img loading=\"lazy\" decoding=\"async\" src=\"\/wp-content\/uploads\/2019\/10\/Varsys-switzerland-FPS204-D-legenden-der-zuerich.jpg\" alt=\"Z&Uuml;RICH\"  width=\"204\" height=\"204\" \/><span class=\"st\">Z&Uuml;RICH<\/span><\/a><\/div>\n<\/div>\n<\/div>\n<\/div><\/div>[\/vc_column_text][\/vc_column][\/vc_row][vc_row css=&#8220;.vc_custom_1518886259813{margin-top: 40px !important;margin-bottom: 40px !important;}&#8220;][vc_column][vc_column_text]<\/p>\n<div class=\"msep1 clearfix\" style=\"text-align: center;\"><img loading=\"lazy\" decoding=\"async\" class=\"size-full wp-image-88 aligncenter\" src=\"https:\/\/varsys.ch\/wp-content\/uploads\/2018\/01\/sep1.png\" alt=\"\" width=\"418\" height=\"33\" srcset=\"https:\/\/varsys.ch\/wp-content\/uploads\/2018\/01\/sep1.png 418w, https:\/\/varsys.ch\/wp-content\/uploads\/2018\/01\/sep1-324x26.png 324w\" sizes=\"auto, (max-width: 418px) 100vw, 418px\" \/><\/div>\n<p>[\/vc_column_text][\/vc_column][\/vc_row][vc_row el_class=&#8220;legend-car&#8220;][vc_column][vc_column_text css=&#8220;.vc_custom_1525511354428{margin-bottom: 0px !important;padding-bottom: 0px !important;}&#8220;]<\/p>\n<div class=\"header-title\">\n<h2 style=\"text-align: center;\">Sie m\u00f6gen St. Moritz? Finden Sie es auf all diesen legend\u00e4ren Produkten<\/h2>\n<\/div>\n<p>[\/vc_column_text][vc_column_text]        <div class=\"wcp-carousel-main-wrap rpc-crsl-1 \">\r\n        <section class=\"wcp-slick  \"   data-dots = on data-slidesToShow = 4 data-slidesToShowtab = 3 data-slidesToShowmob = 1 data-margin = 10px data-arrows = on data-rows = 1 data-slidesPerRow = 4 id=\"carousel-1359\">\r\n\r\n                            <div class=\"slick-slide carousel-item-5329\" data-post_id=\"5329\">\r\n                    <figure class=\"rpc-style-1 rpc-wrapper\">\r\n  <div class=\"fixed-height-image\"><img loading=\"lazy\" decoding=\"async\" width=\"800\" height=\"800\" src=\"https:\/\/varsys.ch\/wp-content\/uploads\/2018\/02\/Legendbox-limited-800-SET2-WHITE-2018-02-05-1.jpg\" class=\"attachment- size- no-lazyload wp-post-image\" alt=\"\" srcset=\"https:\/\/varsys.ch\/wp-content\/uploads\/2018\/02\/Legendbox-limited-800-SET2-WHITE-2018-02-05-1.jpg 800w, https:\/\/varsys.ch\/wp-content\/uploads\/2018\/02\/Legendbox-limited-800-SET2-WHITE-2018-02-05-1-324x324.jpg 324w, https:\/\/varsys.ch\/wp-content\/uploads\/2018\/02\/Legendbox-limited-800-SET2-WHITE-2018-02-05-1-100x100.jpg 100w\" sizes=\"auto, (max-width: 800px) 100vw, 800px\" \/><\/div>  <div class=\"date rpc_date\">\r\n  \t<span class=\"day\">19<\/span>\r\n  \t<span class=\"month\">Okt.<\/span>\r\n  <\/div>\r\n  <i class=\"fa fa-link\"><\/i>\r\n  <figcaption class=\"rpc_bg\">\r\n    <h3 class=\"rpc_title\">Legendenbox limited edition: set 2<\/h3>\r\n    <p class=\"rpc_desc\">\r\n\t\t19. Oktober 2018    <\/p>\r\n        <\/figcaption>\r\n  <a target=\"_self\" href=\"https:\/\/varsys.ch\/de\/product\/legendenbox-limited-edition-set-2\/\"><\/a>\r\n<\/figure>                <\/div>    \r\n\r\n                            <div class=\"slick-slide carousel-item-5308\" data-post_id=\"5308\">\r\n                    <figure class=\"rpc-style-1 rpc-wrapper\">\r\n  <div class=\"fixed-height-image\"><img loading=\"lazy\" decoding=\"async\" width=\"800\" height=\"800\" src=\"https:\/\/varsys.ch\/wp-content\/uploads\/2018\/02\/Legendbox-Classic-SET2-4k-WHITE-TELL-2018-02-05.jpg\" class=\"attachment- size- no-lazyload wp-post-image\" alt=\"\" srcset=\"https:\/\/varsys.ch\/wp-content\/uploads\/2018\/02\/Legendbox-Classic-SET2-4k-WHITE-TELL-2018-02-05.jpg 800w, https:\/\/varsys.ch\/wp-content\/uploads\/2018\/02\/Legendbox-Classic-SET2-4k-WHITE-TELL-2018-02-05-324x324.jpg 324w, https:\/\/varsys.ch\/wp-content\/uploads\/2018\/02\/Legendbox-Classic-SET2-4k-WHITE-TELL-2018-02-05-100x100.jpg 100w\" sizes=\"auto, (max-width: 800px) 100vw, 800px\" \/><\/div>  <div class=\"date rpc_date\">\r\n  \t<span class=\"day\">19<\/span>\r\n  \t<span class=\"month\">Okt.<\/span>\r\n  <\/div>\r\n  <i class=\"fa fa-link\"><\/i>\r\n  <figcaption class=\"rpc_bg\">\r\n    <h3 class=\"rpc_title\">Legendenbox classic: set 2<\/h3>\r\n    <p class=\"rpc_desc\">\r\n\t\t19. Oktober 2018    <\/p>\r\n        <\/figcaption>\r\n  <a target=\"_self\" href=\"https:\/\/varsys.ch\/de\/product\/legendenbox-classic-set-2\/\"><\/a>\r\n<\/figure>                <\/div>    \r\n\r\n                            <div class=\"slick-slide carousel-item-5260\" data-post_id=\"5260\">\r\n                    <figure class=\"rpc-style-1 rpc-wrapper\">\r\n  <div class=\"fixed-height-image\"><img loading=\"lazy\" decoding=\"async\" width=\"800\" height=\"800\" src=\"https:\/\/varsys.ch\/wp-content\/uploads\/2018\/02\/Notebook-stmoritz-WHITE-2018-02-04.png\" class=\"attachment- size- no-lazyload wp-post-image\" alt=\"\" srcset=\"https:\/\/varsys.ch\/wp-content\/uploads\/2018\/02\/Notebook-stmoritz-WHITE-2018-02-04.png 800w, https:\/\/varsys.ch\/wp-content\/uploads\/2018\/02\/Notebook-stmoritz-WHITE-2018-02-04-324x324.png 324w, https:\/\/varsys.ch\/wp-content\/uploads\/2018\/02\/Notebook-stmoritz-WHITE-2018-02-04-100x100.png 100w\" sizes=\"auto, (max-width: 800px) 100vw, 800px\" \/><\/div>  <div class=\"date rpc_date\">\r\n  \t<span class=\"day\">08<\/span>\r\n  \t<span class=\"month\">Okt.<\/span>\r\n  <\/div>\r\n  <i class=\"fa fa-link\"><\/i>\r\n  <figcaption class=\"rpc_bg\">\r\n    <h3 class=\"rpc_title\">St. Moritz Notizb\u00fccher<\/h3>\r\n    <p class=\"rpc_desc\">\r\n\t\t8. Oktober 2018    <\/p>\r\n        <\/figcaption>\r\n  <a target=\"_self\" href=\"https:\/\/varsys.ch\/de\/product\/st-moritz-notizbucher\/\"><\/a>\r\n<\/figure>                <\/div>    \r\n\r\n                            <div class=\"slick-slide carousel-item-7061\" data-post_id=\"7061\">\r\n                    <figure class=\"rpc-style-1 rpc-wrapper\">\r\n  <div class=\"fixed-height-image\"><img loading=\"lazy\" decoding=\"async\" width=\"800\" height=\"800\" src=\"https:\/\/varsys.ch\/wp-content\/uploads\/2018\/02\/Postcards_stmoritz-WHITE-2018-02-04.png\" class=\"attachment- size- no-lazyload wp-post-image\" alt=\"\" srcset=\"https:\/\/varsys.ch\/wp-content\/uploads\/2018\/02\/Postcards_stmoritz-WHITE-2018-02-04.png 800w, https:\/\/varsys.ch\/wp-content\/uploads\/2018\/02\/Postcards_stmoritz-WHITE-2018-02-04-324x324.png 324w, https:\/\/varsys.ch\/wp-content\/uploads\/2018\/02\/Postcards_stmoritz-WHITE-2018-02-04-100x100.png 100w\" sizes=\"auto, (max-width: 800px) 100vw, 800px\" \/><\/div>  <div class=\"date rpc_date\">\r\n  \t<span class=\"day\">07<\/span>\r\n  \t<span class=\"month\">Okt.<\/span>\r\n  <\/div>\r\n  <i class=\"fa fa-link\"><\/i>\r\n  <figcaption class=\"rpc_bg\">\r\n    <h3 class=\"rpc_title\">St. Moritz postkarten<\/h3>\r\n    <p class=\"rpc_desc\">\r\n\t\t7. Oktober 2018    <\/p>\r\n        <\/figcaption>\r\n  <a target=\"_self\" href=\"https:\/\/varsys.ch\/de\/product\/st-moritz-postkarten\/\"><\/a>\r\n<\/figure>                <\/div>    \r\n\r\n                \r\n        <\/section>\r\n        <\/div>\r\n        <style>#carousel-1359 { background-color: ; } #carousel-1359 .slick-slide { margin: 2px 10px; } #carousel-1359.slick-vertical .slick-slide { margin: 10px 2px; } #carousel-1359 .fixed-height-image { height: ; } #carousel-1359 .slick-slide .rpc_bg { background-color: transparent !important; } #carousel-1359 .slick-slide .rpc_title { color: #333333 !important; } #carousel-1359 .slick-slide .rpc_title { font-size: 18px !important; } #carousel-1359 .slick-slide .rpc_title { font-family: TrajanPro-Bold !important; } #carousel-1359 .slick-slide .rpc_title { line-height: 1em !important; } #carousel-1359 .slick-slide .rpc_desc { color: #000000 !important; } #carousel-1359 .slick-slide .rpc_desc { font-size: 0.8em !important; } #carousel-1359 .slick-slide .rpc_desc { font-family: Arial, sans-serif !important; } #carousel-1359 .slick-slide .rpc_desc { line-height: 1.6em !important; } #carousel-1359 .slick-slide .rpc_date { background-color: #1abc9c !important; } #carousel-1359 .slick-slide .fa { background-color: #1abc9c !important; } #carousel-1359 .slick-slide button { background-color: #1abc9c !important; } #carousel-1359 .slick-slide .rpc-wrapper { border-style: none !important; } #carousel-1359 .slick-slide .rpc-wrapper { border-width: 1px !important; } #carousel-1359 .slick-slide .rpc-wrapper { border-color:  !important; } #carousel-1359 .slick-slide .rpc-wrapper { box-shadow:  !important; } .topright #carousel-1359 .slick-next { right: 10px; }.topright #carousel-1359 .slick-prev { right: 39px; left: inherit; } .topleft #carousel-1359 .slick-prev { left: 10px; }.topleft #carousel-1359 .slick-next { left: 39px; right: inherit; } .aboveposts #carousel-1359 .slick-prev { left: 10px; }.aboveposts #carousel-1359 .slick-next { right: 10px; left: inherit; } #carousel-1359 .slick-prev:before, #carousel-1359 .slick-next:before { color: #000000 !important;}#carousel-1359 .slick-next:before { content: '\\ \\f061 '; } #carousel-1359 .slick-prev:before { content: '\\ \\f060'; }<\/style>[\/vc_column_text][\/vc_column][\/vc_row]<\/p>\n<\/div>\n<\/div>\n<\/div>","protected":false},"excerpt":{"rendered":"<p>[vc_row css=&#8220;.vc_custom_1517301489325{padding-top: 10% !important;padding-bottom: 10% !important;}&#8220;][vc_column][vc_column_text] DIE VIELSPRACHIGKEIT IN GRAUB\u00dcNDEN Beim Verteilen der Sprachen auf das Erdvolk ist der wundersch\u00f6ne Bergkanton Graub\u00fcnden beinahe vergessen worden &#8211; um dann aber die meisten Sprachvarianten der ganzen Schweiz zu erhalten\u2026 [\/vc_column_text][\/vc_column][\/vc_row][vc_row el_class=&#8220;text-box&#8220;][vc_column][vc_column_text]Graub\u00fcnden ist f\u00fcr vieles bekannt: Zwischen Alpenpanorama und Bergseen finden sich die besten Skigebiete der Welt, allen<\/p>\n","protected":false},"author":730,"featured_media":5023,"parent":5536,"menu_order":0,"comment_status":"closed","ping_status":"closed","template":"template-legend.php","meta":{"_acf_changed":false,"inline_featured_image":false,"footnotes":""},"class_list":["post-5567","page","type-page","status-publish","has-post-thumbnail","hentry"],"acf":[],"yoast_head":"<!-- This site is optimized with the Yoast SEO Premium plugin v26.9 (Yoast SEO v27.3) - https:\/\/yoast.com\/product\/yoast-seo-premium-wordpress\/ -->\n<title>Die Legende von St. Moritz - Geschichten aus dem Schweizer Alpenort<\/title>\n<meta name=\"description\" content=\"Entdecken Sie die legendaeren Urspruenge von St. Moritz, dem Juwel der Schweizer Alpen. Von Heilquellen bis zu Alpenlegenden - die illustrierte Geschichte.\" \/>\n<meta name=\"robots\" content=\"index, follow, max-snippet:-1, max-image-preview:large, max-video-preview:-1\" \/>\n<link rel=\"canonical\" href=\"https:\/\/varsys.ch\/de\/all-legends\/st-moritz\/\" \/>\n<meta property=\"og:locale\" content=\"de_DE\" \/>\n<meta property=\"og:type\" content=\"article\" \/>\n<meta property=\"og:title\" content=\"St. Moritz\" \/>\n<meta property=\"og:description\" content=\"Entdecken Sie die legendaeren Urspruenge von St. Moritz, dem Juwel der Schweizer Alpen. Von Heilquellen bis zu Alpenlegenden - die illustrierte Geschichte.\" \/>\n<meta property=\"og:url\" content=\"https:\/\/varsys.ch\/de\/all-legends\/st-moritz\/\" \/>\n<meta property=\"og:site_name\" content=\"VARSY&#039;S Legenden der Schweiz\" \/>\n<meta property=\"article:publisher\" content=\"https:\/\/www.facebook.com\/varsys\/\" \/>\n<meta property=\"article:modified_time\" content=\"2019-11-14T07:46:09+00:00\" \/>\n<meta property=\"og:image\" content=\"https:\/\/varsys.ch\/wp-content\/uploads\/2018\/01\/St.Moritz.jpg\" \/>\n\t<meta property=\"og:image:width\" content=\"600\" \/>\n\t<meta property=\"og:image:height\" content=\"600\" \/>\n\t<meta property=\"og:image:type\" content=\"image\/jpeg\" \/>\n<meta name=\"twitter:card\" content=\"summary_large_image\" \/>\n<meta name=\"twitter:label1\" content=\"Gesch\u00e4tzte Lesezeit\" \/>\n\t<meta name=\"twitter:data1\" content=\"3\u00a0Minuten\" \/>\n<script type=\"application\/ld+json\" class=\"yoast-schema-graph\">{\"@context\":\"https:\\\/\\\/schema.org\",\"@graph\":[{\"@type\":\"WebPage\",\"@id\":\"https:\\\/\\\/varsys.ch\\\/de\\\/all-legends\\\/st-moritz\\\/\",\"url\":\"https:\\\/\\\/varsys.ch\\\/de\\\/all-legends\\\/st-moritz\\\/\",\"name\":\"Die Legende von St. Moritz - Geschichten aus dem Schweizer Alpenort\",\"isPartOf\":{\"@id\":\"https:\\\/\\\/varsys.ch\\\/de\\\/#website\"},\"primaryImageOfPage\":{\"@id\":\"https:\\\/\\\/varsys.ch\\\/de\\\/all-legends\\\/st-moritz\\\/#primaryimage\"},\"image\":{\"@id\":\"https:\\\/\\\/varsys.ch\\\/de\\\/all-legends\\\/st-moritz\\\/#primaryimage\"},\"thumbnailUrl\":\"https:\\\/\\\/varsys.ch\\\/wp-content\\\/uploads\\\/2018\\\/01\\\/St.Moritz.jpg\",\"datePublished\":\"2019-03-15T10:52:12+00:00\",\"dateModified\":\"2019-11-14T07:46:09+00:00\",\"description\":\"Entdecken Sie die legendaeren Urspruenge von St. Moritz, dem Juwel der Schweizer Alpen. Von Heilquellen bis zu Alpenlegenden - die illustrierte Geschichte.\",\"breadcrumb\":{\"@id\":\"https:\\\/\\\/varsys.ch\\\/de\\\/all-legends\\\/st-moritz\\\/#breadcrumb\"},\"inLanguage\":\"de\",\"potentialAction\":[{\"@type\":\"ReadAction\",\"target\":[\"https:\\\/\\\/varsys.ch\\\/de\\\/all-legends\\\/st-moritz\\\/\"]}]},{\"@type\":\"ImageObject\",\"inLanguage\":\"de\",\"@id\":\"https:\\\/\\\/varsys.ch\\\/de\\\/all-legends\\\/st-moritz\\\/#primaryimage\",\"url\":\"https:\\\/\\\/varsys.ch\\\/wp-content\\\/uploads\\\/2018\\\/01\\\/St.Moritz.jpg\",\"contentUrl\":\"https:\\\/\\\/varsys.ch\\\/wp-content\\\/uploads\\\/2018\\\/01\\\/St.Moritz.jpg\",\"width\":600,\"height\":600},{\"@type\":\"BreadcrumbList\",\"@id\":\"https:\\\/\\\/varsys.ch\\\/de\\\/all-legends\\\/st-moritz\\\/#breadcrumb\",\"itemListElement\":[{\"@type\":\"ListItem\",\"position\":1,\"name\":\"Home\",\"item\":\"https:\\\/\\\/varsys.ch\\\/de\\\/\"},{\"@type\":\"ListItem\",\"position\":2,\"name\":\"ALLE LEGENDEN\",\"item\":\"https:\\\/\\\/varsys.ch\\\/de\\\/all-legends\\\/\"},{\"@type\":\"ListItem\",\"position\":3,\"name\":\"St. Moritz\"}]},{\"@type\":\"WebSite\",\"@id\":\"https:\\\/\\\/varsys.ch\\\/de\\\/#website\",\"url\":\"https:\\\/\\\/varsys.ch\\\/de\\\/\",\"name\":\"VARSY&#039;S Legenden der Schweiz\",\"description\":\"VARSY&#039;S Legenden der Schweiz\",\"publisher\":{\"@id\":\"https:\\\/\\\/varsys.ch\\\/de\\\/#organization\"},\"potentialAction\":[{\"@type\":\"SearchAction\",\"target\":{\"@type\":\"EntryPoint\",\"urlTemplate\":\"https:\\\/\\\/varsys.ch\\\/de\\\/?s={search_term_string}\"},\"query-input\":{\"@type\":\"PropertyValueSpecification\",\"valueRequired\":true,\"valueName\":\"search_term_string\"}}],\"inLanguage\":\"de\"},{\"@type\":\"Organization\",\"@id\":\"https:\\\/\\\/varsys.ch\\\/de\\\/#organization\",\"name\":\"VARSY'S\",\"url\":\"https:\\\/\\\/varsys.ch\\\/de\\\/\",\"logo\":{\"@type\":\"ImageObject\",\"inLanguage\":\"de\",\"@id\":\"https:\\\/\\\/varsys.ch\\\/de\\\/#\\\/schema\\\/logo\\\/image\\\/\",\"url\":\"https:\\\/\\\/varsys.ch\\\/wp-content\\\/uploads\\\/2018\\\/04\\\/logo.svg\",\"contentUrl\":\"https:\\\/\\\/varsys.ch\\\/wp-content\\\/uploads\\\/2018\\\/04\\\/logo.svg\",\"width\":129,\"height\":117,\"caption\":\"VARSY'S\"},\"image\":{\"@id\":\"https:\\\/\\\/varsys.ch\\\/de\\\/#\\\/schema\\\/logo\\\/image\\\/\"},\"sameAs\":[\"https:\\\/\\\/www.facebook.com\\\/varsys\\\/\",\"https:\\\/\\\/www.instagram.com\\\/varsys\\\/\"],\"description\":\"Swiss-themed gift products celebrating Switzerland's traditions, landmarks, and culture.\"}]}<\/script>\n<!-- \/ Yoast SEO Premium plugin. -->","yoast_head_json":{"title":"Die Legende von St. Moritz - Geschichten aus dem Schweizer Alpenort","description":"Entdecken Sie die legendaeren Urspruenge von St. Moritz, dem Juwel der Schweizer Alpen. Von Heilquellen bis zu Alpenlegenden - die illustrierte Geschichte.","robots":{"index":"index","follow":"follow","max-snippet":"max-snippet:-1","max-image-preview":"max-image-preview:large","max-video-preview":"max-video-preview:-1"},"canonical":"https:\/\/varsys.ch\/de\/all-legends\/st-moritz\/","og_locale":"de_DE","og_type":"article","og_title":"St. Moritz","og_description":"Entdecken Sie die legendaeren Urspruenge von St. Moritz, dem Juwel der Schweizer Alpen. Von Heilquellen bis zu Alpenlegenden - die illustrierte Geschichte.","og_url":"https:\/\/varsys.ch\/de\/all-legends\/st-moritz\/","og_site_name":"VARSY&#039;S Legenden der Schweiz","article_publisher":"https:\/\/www.facebook.com\/varsys\/","article_modified_time":"2019-11-14T07:46:09+00:00","og_image":[{"width":600,"height":600,"url":"https:\/\/varsys.ch\/wp-content\/uploads\/2018\/01\/St.Moritz.jpg","type":"image\/jpeg"}],"twitter_card":"summary_large_image","twitter_misc":{"Gesch\u00e4tzte Lesezeit":"3\u00a0Minuten"},"schema":{"@context":"https:\/\/schema.org","@graph":[{"@type":"WebPage","@id":"https:\/\/varsys.ch\/de\/all-legends\/st-moritz\/","url":"https:\/\/varsys.ch\/de\/all-legends\/st-moritz\/","name":"Die Legende von St. Moritz - Geschichten aus dem Schweizer Alpenort","isPartOf":{"@id":"https:\/\/varsys.ch\/de\/#website"},"primaryImageOfPage":{"@id":"https:\/\/varsys.ch\/de\/all-legends\/st-moritz\/#primaryimage"},"image":{"@id":"https:\/\/varsys.ch\/de\/all-legends\/st-moritz\/#primaryimage"},"thumbnailUrl":"https:\/\/varsys.ch\/wp-content\/uploads\/2018\/01\/St.Moritz.jpg","datePublished":"2019-03-15T10:52:12+00:00","dateModified":"2019-11-14T07:46:09+00:00","description":"Entdecken Sie die legendaeren Urspruenge von St. Moritz, dem Juwel der Schweizer Alpen. Von Heilquellen bis zu Alpenlegenden - die illustrierte Geschichte.","breadcrumb":{"@id":"https:\/\/varsys.ch\/de\/all-legends\/st-moritz\/#breadcrumb"},"inLanguage":"de","potentialAction":[{"@type":"ReadAction","target":["https:\/\/varsys.ch\/de\/all-legends\/st-moritz\/"]}]},{"@type":"ImageObject","inLanguage":"de","@id":"https:\/\/varsys.ch\/de\/all-legends\/st-moritz\/#primaryimage","url":"https:\/\/varsys.ch\/wp-content\/uploads\/2018\/01\/St.Moritz.jpg","contentUrl":"https:\/\/varsys.ch\/wp-content\/uploads\/2018\/01\/St.Moritz.jpg","width":600,"height":600},{"@type":"BreadcrumbList","@id":"https:\/\/varsys.ch\/de\/all-legends\/st-moritz\/#breadcrumb","itemListElement":[{"@type":"ListItem","position":1,"name":"Home","item":"https:\/\/varsys.ch\/de\/"},{"@type":"ListItem","position":2,"name":"ALLE LEGENDEN","item":"https:\/\/varsys.ch\/de\/all-legends\/"},{"@type":"ListItem","position":3,"name":"St. Moritz"}]},{"@type":"WebSite","@id":"https:\/\/varsys.ch\/de\/#website","url":"https:\/\/varsys.ch\/de\/","name":"VARSY&#039;S Legenden der Schweiz","description":"VARSY&#039;S Legenden der Schweiz","publisher":{"@id":"https:\/\/varsys.ch\/de\/#organization"},"potentialAction":[{"@type":"SearchAction","target":{"@type":"EntryPoint","urlTemplate":"https:\/\/varsys.ch\/de\/?s={search_term_string}"},"query-input":{"@type":"PropertyValueSpecification","valueRequired":true,"valueName":"search_term_string"}}],"inLanguage":"de"},{"@type":"Organization","@id":"https:\/\/varsys.ch\/de\/#organization","name":"VARSY'S","url":"https:\/\/varsys.ch\/de\/","logo":{"@type":"ImageObject","inLanguage":"de","@id":"https:\/\/varsys.ch\/de\/#\/schema\/logo\/image\/","url":"https:\/\/varsys.ch\/wp-content\/uploads\/2018\/04\/logo.svg","contentUrl":"https:\/\/varsys.ch\/wp-content\/uploads\/2018\/04\/logo.svg","width":129,"height":117,"caption":"VARSY'S"},"image":{"@id":"https:\/\/varsys.ch\/de\/#\/schema\/logo\/image\/"},"sameAs":["https:\/\/www.facebook.com\/varsys\/","https:\/\/www.instagram.com\/varsys\/"],"description":"Swiss-themed gift products celebrating Switzerland's traditions, landmarks, and culture."}]}},"_links":{"self":[{"href":"https:\/\/varsys.ch\/de\/wp-json\/wp\/v2\/pages\/5567","targetHints":{"allow":["GET"]}}],"collection":[{"href":"https:\/\/varsys.ch\/de\/wp-json\/wp\/v2\/pages"}],"about":[{"href":"https:\/\/varsys.ch\/de\/wp-json\/wp\/v2\/types\/page"}],"author":[{"embeddable":true,"href":"https:\/\/varsys.ch\/de\/wp-json\/wp\/v2\/users\/730"}],"replies":[{"embeddable":true,"href":"https:\/\/varsys.ch\/de\/wp-json\/wp\/v2\/comments?post=5567"}],"version-history":[{"count":0,"href":"https:\/\/varsys.ch\/de\/wp-json\/wp\/v2\/pages\/5567\/revisions"}],"up":[{"embeddable":true,"href":"https:\/\/varsys.ch\/de\/wp-json\/wp\/v2\/pages\/5536"}],"wp:featuredmedia":[{"embeddable":true,"href":"https:\/\/varsys.ch\/de\/wp-json\/wp\/v2\/media\/5023"}],"wp:attachment":[{"href":"https:\/\/varsys.ch\/de\/wp-json\/wp\/v2\/media?parent=5567"}],"curies":[{"name":"wp","href":"https:\/\/api.w.org\/{rel}","templated":true}]}}