{"id":5571,"date":"2019-04-04T16:55:06","date_gmt":"2019-04-04T15:55:06","guid":{"rendered":"https:\/\/varsys.przm.ch\/hilfe-faq-2\/"},"modified":"2019-11-25T09:52:50","modified_gmt":"2019-11-25T08:52:50","slug":"help-faq","status":"publish","type":"page","link":"https:\/\/varsys.ch\/de\/help-faq\/","title":{"rendered":"HILFE &#038; FAQ"},"content":{"rendered":"<div class=\"wpb-content-wrapper\"><p>[vc_row css=&#8220;.vc_custom_1519900020386{padding-top: 3% !important;padding-bottom: 2% !important;}&#8220;][vc_column][vc_column_text]<\/p>\n<div class=\"header-title\">\n<h1 style=\"text-align: center;\">HABEN SIE FRAGEN ODER ANREGUNGEN, DIE NOCH NICHT BEANTWORTET WURDEN?<\/h1>\n<p style=\"text-align: center;\">Wir helfen Ihnen gerne!<br \/>\nSchreiben Sie uns eine <a href=\"mailto:hello@varsys.ch\"><b>E-mail<\/b><\/a> oder rufen Sie uns an unter<br \/>\n+41 79 304 6239, 09:00-18:00 CET Montag-Freitag<\/p>\n<div class=\"header-title-bot\"><\/div>\n<\/div>\n<p>[\/vc_column_text][\/vc_column][\/vc_row][vc_row el_class=&#8220;faq-list&#8220;][vc_column][vc_column_text]<\/p>\n<h2>LIEFERUNG UND ZAHLUNG<\/h2>\n<p>[\/vc_column_text][vc_tta_accordion color=&#8220;white&#8220; active_section=&#8220;1&#8243; collapsible_all=&#8220;true&#8220;][vc_tta_section title=&#8220;Bieten Sie eine kostenlose Lieferung an?&#8220; tab_id=&#8220;1523056721839-293537ba-5f1b&#8220;][vc_column_text]Ja! Bestellungen \u00fcber CHF 99 innerhalb der Schweiz sind versandkostenfrei. F\u00fcr Lieferungen in alle anderen L\u00e4nder werden die Versandkosten und Lieferzeit individuell beim zur Kasse gehen berechnet.[\/vc_column_text][\/vc_tta_section][vc_tta_section title=&#8220;Wie kann ich den Status meiner Bestellung \u00fcberpr\u00fcfen?&#8220; tab_id=&#8220;1517996603589-9b2b1f28-b786&#8243;][vc_column_text]Loggen Sie sich hierzu bitte in Ihren Account ein, um den Status einer aktuellen oder fr\u00fcheren Bestellung einzusehen. Bei anderen spezifischen Fragen, schreiben Sie uns eine E-Mail an <a href=\"mailto:hello@varsys.ch\">hello@varsys.ch<\/a>.[\/vc_column_text][\/vc_tta_section][vc_tta_section title=&#8220;Welche Zahlungsmethoden akzeptieren Sie?&#8220; tab_id=&#8220;1517996603701-266633f7-5afd&#8220;][vc_column_text]Zur Zeit akzeptieren wir elektronische Zahlungen \u00fcber PostFinance oder PayPal oder auch die bekanntesten Kreditkarten von Visa und Mastercard. F\u00fcr Einzelhandels- oder B2B-Bestellungen, kontaktieren Sie uns bitte f\u00fcr zus\u00e4tzliche Zahlungsmethoden.[\/vc_column_text][\/vc_tta_section][vc_tta_section title=&#8220;Versenden Sie auch international?&#8220; tab_id=&#8220;1517996603807-39a624f5-49a9&#8243;][vc_column_text]Ja! Schweizer Legenden verdienen es auf der ganzen Welt erlebt zu werden! Wir nutzen die Schweizerische Post und DHL f\u00fcr einen schnellen und sicheren Versand. Bitte beachten Sie, dass alle anfallenden Einfuhrsteuern und Zollgeb\u00fchren in der Verantwortung des K\u00e4ufers liegen.[\/vc_column_text][\/vc_tta_section][vc_tta_section title=&#8220;Wann kann ich mit meiner Bestellung rechnen?&#8220; tab_id=&#8220;1517996603992-c3c13fd8-a3ac&#8220;][vc_column_text]Wir bem\u00fchen uns jede Bestellung so schnell wie m\u00f6glich zu versenden. Wir nutzen bevorzugte Lieferoptionen, sodass Sendungen in der Regel innerhalb weniger Tage zugestellt werden, auch wenn es bei manchen internationalen Zielen l\u00e4nger dauern kann. Sie k\u00f6nnen sich jederzeit bez\u00fcglich Fragen zur Lieferzeit oder Sendungsverfolgung an uns wenden.[\/vc_column_text][\/vc_tta_section][vc_tta_section title=&#8220;Wie kann ich einen Gutschein-Code oder Voucher einl\u00f6sen?&#8220; tab_id=&#8220;1517996603899-2f37988d-aa12&#8243;][vc_column_text]Wenn Sie einen Gutschein- oder Voucher-Code haben, k\u00f6nnen Sie diesen in das Drop-Down-Feld auf der<a href=\"https:\/\/varsys.ch\/de\/checkout\/\"> Bestellung pr\u00fcfen<\/a> Seite eingeben, vor dem letzten Bestellschritt. Sie m\u00fcssen mindestens einen Artikel im Warenkorb haben, damit diese Sektion sichtbar wird.[\/vc_column_text][\/vc_tta_section][vc_tta_section title=&#8220;Kann ich die Ware auch abholen anstatt sie geliefert zu bekommen?&#8220; tab_id=&#8220;1523058655827-3656c3cf-c71c&#8220;][vc_column_text]Wir verf\u00fcgen nicht uber ein Ladenlokal, daher ist dies nicht m\u00f6glich. Jedoch k\u00f6nnen Sie einen unserer <a href=\"https:\/\/varsys.ch\/de\/retail\/\">Einzelh\u00e4ndler Partner<\/a> aufsuchen, um unsere Produkte aus der N\u00e4he zu sehen und direkt zu erwerben.<br \/>\n[\/vc_column_text][\/vc_tta_section][vc_tta_section title=&#8220;Wo finde ich weitere Informationen \u00fcber Versand und Zahlung?&#8220; tab_id=&#8220;1523058775886-fe49af39-4077&#8243;][vc_column_text]Bitte schauen Sie in unsere <a href=\"https:\/\/varsys.ch\/de\/legal\/\">Allgemeinen Gesch\u00e4ftsbedingungen<\/a> f\u00fcr weitere Informationen.[\/vc_column_text][\/vc_tta_section][\/vc_tta_accordion][\/vc_column][\/vc_row][vc_row el_class=&#8220;faq-list&#8220;][vc_column][vc_column_text]<\/p>\n<h2>Produkte<\/h2>\n<p>[\/vc_column_text][vc_tta_accordion color=&#8220;white&#8220; active_section=&#8220;1&#8243;][vc_tta_section title=&#8220;Wurden alle VARSY\u2019S Produkte wirklich in der Schweiz hergestellt?&#8220; tab_id=&#8220;1517990404803-1c2ad232-efb5&#8243;][vc_column_text]Ja! Durch die starke Wirkung des \u201cSwiss-made\u201d Siegels, hat die Schweizer Regierung strikte Richtlinien, welche Kriterien erf\u00fcllt sein m\u00fcssen, damit etwas als \u201cSwiss-Made\u201d gilt und ob eine Firma die Schweizer Flagge in ihrem Logo verwenden darf. Wir sind sehr stolz darauf, dass unsere Produkte komplett in der Schweiz hergestellt wurden.[\/vc_column_text][\/vc_tta_section][vc_tta_section title=&#8220;In welchen Sprachen sind VARSY\u2019s Produkte verf\u00fcgbar?&#8220; tab_id=&#8220;1517990404857-bbff7f88-49e0&#8243;][vc_column_text]Wir f\u00fchren zurzeit Produkte auf Deutsch und Englisch. Viele unserer Produkte sind in einer Sprache verfasst, wohingegen die Legendenbox Limited Edition und Legendenbox Classic zweisprachig in Englisch und Deutsch sind. Wir hoffen, bald noch mehr Sprachen anbieten zu k\u00f6nnen! Haben Sie einen Vorschlag? Dann kontaktieren Sie uns bitte![\/vc_column_text][\/vc_tta_section][vc_tta_section title=&#8220;Wie erfahre ich von Neuerscheinungen und anderen VARSY\u2019S Veranstaltungen?&#8220; tab_id=&#8220;1517990513617-cf570c59-5842&#8243;][vc_column_text]Um immer auf dem Laufenden zu bleiben, k\u00f6nnen Sie sich f\u00fcr unseren Newsletter anmelden, indem Sie Ihre E-Mail-Adresse in das Feld am Ende dieser Seite eintragen. Ausserdem k\u00f6nnen Sie uns auf <a href=\"https:\/\/www.instagram.com\/varsys\/\" target=\"_blank\" rel=\"noopener noreferrer\">Instagram<\/a> oder <a href=\"https:\/\/www.facebook.com\/varsys\/\" target=\"_blank\" rel=\"noopener noreferrer\">Facebook<\/a> folgen.<br \/>\n[\/vc_column_text][\/vc_tta_section][vc_tta_section title=&#8220;Welche Materialien werden f\u00fcr VARSY\u2019S Produkte verwendet?&#8220; tab_id=&#8220;1517995862211-346a66d2-b561&#8243;][vc_column_text]Wir glauben an Fairness, Gesundheit und Nachhaltigkeit. Daher bestehen unsere Produkte nur aus den hochwertigsten Materialien und Zutaten. Unsere Legendenbox Limited Edition und Legendenbox Classic bestehen aus massivem Buchenholz und unsere Tinte verf\u00fcgt \u00fcber eine GREENGUARD Gold-Zertifizierung, das heisst sie ist absolut sicher f\u00fcr Kinder. Unsere Produkte aus Papier haben eine FSC\u00ae und PEFC\u2122-Zertifizierung, was bedeutet, dass sie aus nachhaltig bewirtschafteten W\u00e4ldern stammen. Unsere Legend\u00e4re Schokolade verf\u00fcgt \u00fcber ein Bio- und Fairtrade-Siegel, wodurch sie nicht nur gesund ist, sondern die Bauern und Produzenten auch einen fairen Lohn f\u00fcr ihre Arbeit erhalten.[\/vc_column_text][\/vc_tta_section][vc_tta_section title=&#8220;Sind VARSY\u2019s Produkte sicher f\u00fcr Kinder?&#8220; tab_id=&#8220;1517995909361-9a646735-4c0c&#8220;][vc_column_text]Ja! Unsere Legendenbox Limited Edition und Legendenbox Classic bestehen aus massivem Buchenholz und verf\u00fcgen \u00fcber eine GREENGUARD Gold-Zertifizierung. Die GREENGUARD-Zertifizierung stellt sicher, dass ein Produkt einige der strengsten und umfassendsten Standards f\u00fcr einen niedrigen Ausstoss von fl\u00fcchtigen organischen Verbindungen (VOC) einh\u00e4lt. Der GREENGUARD Gold-Standard beinhaltet Gesundheitskriterien f\u00fcr zus\u00e4tzliche Chemikalien und verlangt einen niedrigen VOC Ausstoss, damit Produkte auch in Umgebungen wie Schulen oder Gesundheitseinrichtungen eingesetzt werden d\u00fcrfen.[\/vc_column_text][\/vc_tta_section][vc_tta_section title=&#8220;Stellen Sie auch Werbegeschenke nach individuellem Kundenwunsch her?&#8220; tab_id=&#8220;1517995942611-b0720ff4-a21e&#8220;][vc_column_text]Auf jeden Fall! Teilen Sie uns einfach Ihre W\u00fcnsche mit. Unser Team von Designern, Produktmanagern, Druckern und Herstellern freuen sich darauf, Ihr eigenes Produkt herzustellen und Ihre Geschichte zu verbreiten. [\/vc_column_text][\/vc_tta_section][\/vc_tta_accordion][\/vc_column][\/vc_row][vc_row el_class=&#8220;faq-list&#8220;][vc_column][vc_column_text]<\/p>\n<h2>Legenden<\/h2>\n<p>[\/vc_column_text][vc_tta_accordion color=&#8220;white&#8220; active_section=&#8220;1&#8243; collapsible_all=&#8220;true&#8220;][vc_tta_section title=&#8220;Haben Sie sich diese Geschichten selbst ausgedacht?&#8220; tab_id=&#8220;1517996536511-0568eae8-087f&#8220;][vc_column_text]All unsere Legenden stammen aus historischen Quellen, die mindestens 100 Jahre alt sind, darunter einige, die bis ins 13. Jahrhundert zur\u00fcckgehen. Unsere Mission ist es, die historischen Legenden zu erhalten, nicht uns neue auszudenken. So haben wir nur den Text und die Sprache angepasst, um den urspr\u00fcnglichen Quellen so nah wie m\u00f6glich zu kommen.[\/vc_column_text][\/vc_tta_section][vc_tta_section title=&#8220;Warum gibt es nur zw\u00f6lf Schweizer Legenden?&#8220; tab_id=&#8220;1517996098152-4289fc0f-d0e3&#8243;][vc_column_text]Erst einmal wollten wir einen Anfang machen! Wir sind aber st\u00e4ndig auf der Suche nach der n\u00e4chsten Legende f\u00fcr VARSY\u2019S. Haben Sie einen Vorschlag f\u00fcr eine interessante Geschichte, die wir uns anschauen sollten? Schreiben Sie uns![\/vc_column_text][\/vc_tta_section][vc_tta_section title=&#8220;Ich habe eine tolle Idee f\u00fcr eine neue Legende. Wie kann ich sie mitteilen?&#8220; tab_id=&#8220;1517995996110-f377a3be-2630&#8243;][vc_column_text]Wir lieben Legenden! Falls Sie eine fantastische Geschichte kennen, die wir uns ansehen sollten, schicken Sie uns eine E-Mail mit so vielen Informationen wie m\u00f6glich. Die von uns f\u00fcr unsere Produkte genutzten Legenden stammen aus gesicherten Quellen wie B\u00fcchern oder Aufzeichnungen, die mindestens 100 Jahre alt sind.[\/vc_column_text][\/vc_tta_section][vc_tta_section title=&#8220;Sind VARSY\u2019S Legenden f\u00fcr Kinder geeignet?&#8220; tab_id=&#8220;1517996051437-31c8e41e-c2c0&#8243;][vc_column_text]Ja! Wir w\u00e4hlen unsere Legenden sorgf\u00e4ltig aus, damit sie f\u00fcr die ganze Familie geeignet sind. Die Anforderungen des Sprachverst\u00e4ndnisses liegen etwas \u00fcber denen sehr kleiner Kinder.[\/vc_column_text][\/vc_tta_section][vc_tta_section title=&#8220;Wann ver\u00f6ffentlichen Sie neue Legenden?&#8220; tab_id=&#8220;1517996137103-ad79f5ac-44be&#8220;][vc_column_text]Wir sind st\u00e4ndig auf der Suche und Recherche nach neuen Legenden! Abonnieren Sie unseren Newsletter oder folgen Sie uns auf Instagram oder Facebook, um immer \u00fcber Neuerscheinungen informiert zu bleiben.[\/vc_column_text][\/vc_tta_section][vc_tta_section title=&#8220;Wie kann ich VARSY\u2019S Kunst oder Geschichten f\u00fcr meine Projekte oder Pr\u00e4sentationen nutzen?&#8220; tab_id=&#8220;1517996459273-463fbe7a-5aa6&#8243;][vc_column_text]Wir halten es f\u00fcr sehr wichtig, die Erz\u00e4hlungen der Schweizer Kultur und Geschichte zu teilen und nutzen dazu Legenden, die \u00f6ffentlich zug\u00e4nglich sind. Dennoch unterliegen spezifische Texte und Illustrationen, die wir f\u00fcr jede Geschichte angefertigt haben, dem Urheberrecht. Bitte kontaktieren Sie uns f\u00fcr Originalquellen zu den Geschichten oder f\u00fcr Anfragen zum lizenzieren eines bestimmten Textes oder Bildes.[\/vc_column_text][\/vc_tta_section][vc_tta_section title=&#8220;Wo finde ich weitere Legenden?&#8220; tab_id=&#8220;1517996492480-186de3c1-db04&#8243;][vc_column_text]Folgen Sie uns auf <a href=\"http:\/\/www.instagram.com\/varsys\" target=\"_blank\" rel=\"noopener noreferrer\">Instagram<\/a> oder <a href=\"http:\/\/www.facebook.com\/varsys\" target=\"_blank\" rel=\"noopener noreferrer\">Facebook<\/a> f\u00fcr noch mehr Legenden![\/vc_column_text][\/vc_tta_section][\/vc_tta_accordion][\/vc_column][\/vc_row][vc_row el_class=&#8220;faq-list&#8220;][vc_column][vc_column_text]<\/p>\n<h2>R\u00dcCKGABE UND UMTAUSCH<\/h2>\n<p>[\/vc_column_text][vc_tta_accordion color=&#8220;white&#8220; active_section=&#8220;1&#8243; collapsible_all=&#8220;true&#8220;][vc_tta_section title=&#8220;Wie lauten Ihre R\u00fcckgabebestimmungen?&#8220; tab_id=&#8220;1517996784821-d62bc012-6d56&#8243;][vc_column_text]Wir m\u00f6chten, dass sie zufrieden sind! Falls Sie ein Problem mit den Produkten feststellen oder aus irgendeinem Grund unzufrieden sind, k\u00f6nnen Sie innerhalb von 14 Tagen nach Erhalt der Bestellung die unbenutzte Ware in ihrer Originalverpackung zur\u00fcckgeben. In diesem Fall wenden Sie sich bitte an uns, so dass wir eine R\u00fcckgabe veranlassen k\u00f6nnen.[\/vc_column_text][\/vc_tta_section][vc_tta_section title=&#8220;Kann ich ein online gekauftes Produkt im Laden zuruckgeben?&#8220; tab_id=&#8220;1523061013415-5688f653-7287&#8243;][vc_column_text]Leider m\u00fcssen Online-Bestellungen auch online zur\u00fcckgegeben werden. Gleichermassen k\u00f6nnen Eink\u00e4ufe im Laden nur dort zur\u00fcckgegeben werden.[\/vc_column_text][\/vc_tta_section][vc_tta_section title=&#8220;Was mache ich, wenn ich einen falschen Artikel erhalten habe?&#8220; tab_id=&#8220;1523061015304-d0d98c33-fa57&#8243;][vc_column_text]Bitte wenden Sie sich umgehend an <a href=\"mailto:hello@varsys.ch\">hello@varsys.ch<\/a> mit der Auftragsnummer und dem Inhalt des Pakets. Wir k\u00fcmmern uns sofort um eine korrekte Zustellung Ihrer Bestellung.[\/vc_column_text][\/vc_tta_section][vc_tta_section title=&#8220;Was mache ich, wenn ich einen kaputten oder defekten Artikel erhalten habe?&#8220; tab_id=&#8220;1523061016193-861378a8-e93f&#8220;][vc_column_text]Trotz sorgf\u00e4ltiger Verpackung und Vorsicht k\u00f6nnen Dinge w\u00e4hrend des Transport manchmal kaputt gehen. Bitte senden Sie uns in diesem Fall Fotos der besch\u00e4digten Ware und der Verpackung an <a href=\"mailto:hello@varsys.ch\">hello@varsys.ch<\/a>, damit wir eine Pr\u00fcfung einleiten und eine L\u00f6sung finden k\u00f6nnen. Bitte beachten Sie, dass w\u00e4hrend des Transports besch\u00e4digte Artikel in der Verantwortung des K\u00e4ufers liegen und Anspr\u00fcche gegen\u00fcber dem Logistikdienstleister geltend gemacht werden m\u00fcssen.[\/vc_column_text][\/vc_tta_section][vc_tta_section title=&#8220;Wo finde ich weitere Informationen \u00fcber Gew\u00e4hrleistung, R\u00fcckgaben und Erstattungen?&#8220; tab_id=&#8220;1523061017103-da2c2bce-ff00&#8243;][vc_column_text]Bitte schauen Sie in unsere<a href=\"https:\/\/varsys.ch\/de\/legal\/\"> Allgemeinen Gesch\u00e4ftsbedingungen<\/a> f\u00fcr weitere Informationen.[\/vc_column_text][\/vc_tta_section][\/vc_tta_accordion][\/vc_column][\/vc_row]<\/p>\n<\/div>","protected":false},"excerpt":{"rendered":"<p>[vc_row css=&#8220;.vc_custom_1519900020386{padding-top: 3% !important;padding-bottom: 2% !important;}&#8220;][vc_column][vc_column_text] HABEN SIE FRAGEN ODER ANREGUNGEN, DIE NOCH NICHT BEANTWORTET WURDEN? Wir helfen Ihnen gerne! Schreiben Sie uns eine E-mail oder rufen Sie uns an unter +41 79 304 6239, 09:00-18:00 CET Montag-Freitag [\/vc_column_text][\/vc_column][\/vc_row][vc_row el_class=&#8220;faq-list&#8220;][vc_column][vc_column_text] LIEFERUNG UND ZAHLUNG [\/vc_column_text][vc_tta_accordion color=&#8220;white&#8220; active_section=&#8220;1&#8243; collapsible_all=&#8220;true&#8220;][vc_tta_section title=&#8220;Bieten Sie eine kostenlose Lieferung an?&#8220; tab_id=&#8220;1523056721839-293537ba-5f1b&#8220;][vc_column_text]Ja! Bestellungen<\/p>\n","protected":false},"author":70,"featured_media":0,"parent":0,"menu_order":0,"comment_status":"closed","ping_status":"closed","template":"","meta":{"_acf_changed":false,"inline_featured_image":false,"footnotes":""},"class_list":["post-5571","page","type-page","status-publish","hentry"],"acf":[],"yoast_head":"<!-- This site is optimized with the Yoast SEO Premium plugin v26.9 (Yoast SEO v27.3) - https:\/\/yoast.com\/product\/yoast-seo-premium-wordpress\/ -->\n<title>HILFE &amp; FAQ &#8212; VARSY&#039;S Legenden der Schweiz<\/title>\n<meta name=\"description\" content=\"HABEN SIE FRAGEN ODER ANREGUNGEN, DIE NOCH NICHT BEANTWORTET WURDEN? Wir helfen Ihnen gerne! Schreiben Sie uns eine E-mail oder rufen Sie uns an unter +41\" \/>\n<meta name=\"robots\" content=\"index, follow, max-snippet:-1, max-image-preview:large, max-video-preview:-1\" \/>\n<link rel=\"canonical\" href=\"https:\/\/varsys.ch\/de\/help-faq\/\" \/>\n<meta property=\"og:locale\" content=\"de_DE\" \/>\n<meta property=\"og:type\" content=\"article\" \/>\n<meta property=\"og:title\" content=\"HILFE &amp; FAQ\" \/>\n<meta property=\"og:description\" content=\"HABEN SIE FRAGEN ODER ANREGUNGEN, DIE NOCH NICHT BEANTWORTET WURDEN? Wir helfen Ihnen gerne! Schreiben Sie uns eine E-mail oder rufen Sie uns an unter +41\" \/>\n<meta property=\"og:url\" content=\"https:\/\/varsys.ch\/de\/help-faq\/\" \/>\n<meta property=\"og:site_name\" content=\"VARSY&#039;S Legenden der Schweiz\" \/>\n<meta property=\"article:publisher\" content=\"https:\/\/www.facebook.com\/varsys\/\" \/>\n<meta property=\"article:modified_time\" content=\"2019-11-25T08:52:50+00:00\" \/>\n<meta property=\"og:image\" content=\"https:\/\/varsys.ch\/wp-content\/uploads\/2018\/04\/Varsy4FB.png\" \/>\n\t<meta property=\"og:image:width\" content=\"1000\" \/>\n\t<meta property=\"og:image:height\" content=\"500\" \/>\n\t<meta property=\"og:image:type\" content=\"image\/png\" \/>\n<meta name=\"twitter:card\" content=\"summary_large_image\" \/>\n<meta name=\"twitter:label1\" content=\"Gesch\u00e4tzte Lesezeit\" \/>\n\t<meta name=\"twitter:data1\" content=\"10\u00a0Minuten\" \/>\n<script type=\"application\/ld+json\" class=\"yoast-schema-graph\">{\"@context\":\"https:\\\/\\\/schema.org\",\"@graph\":[{\"@type\":\"WebPage\",\"@id\":\"https:\\\/\\\/varsys.ch\\\/de\\\/help-faq\\\/\",\"url\":\"https:\\\/\\\/varsys.ch\\\/de\\\/help-faq\\\/\",\"name\":\"HILFE & FAQ &#8212; VARSY&#039;S Legenden der Schweiz\",\"isPartOf\":{\"@id\":\"https:\\\/\\\/varsys.ch\\\/de\\\/#website\"},\"datePublished\":\"2019-04-04T15:55:06+00:00\",\"dateModified\":\"2019-11-25T08:52:50+00:00\",\"description\":\"HABEN SIE FRAGEN ODER ANREGUNGEN, DIE NOCH NICHT BEANTWORTET WURDEN? Wir helfen Ihnen gerne! Schreiben Sie uns eine E-mail oder rufen Sie uns an unter +41\",\"breadcrumb\":{\"@id\":\"https:\\\/\\\/varsys.ch\\\/de\\\/help-faq\\\/#breadcrumb\"},\"inLanguage\":\"de\",\"potentialAction\":[{\"@type\":\"ReadAction\",\"target\":[\"https:\\\/\\\/varsys.ch\\\/de\\\/help-faq\\\/\"]}]},{\"@type\":\"BreadcrumbList\",\"@id\":\"https:\\\/\\\/varsys.ch\\\/de\\\/help-faq\\\/#breadcrumb\",\"itemListElement\":[{\"@type\":\"ListItem\",\"position\":1,\"name\":\"Home\",\"item\":\"https:\\\/\\\/varsys.ch\\\/de\\\/\"},{\"@type\":\"ListItem\",\"position\":2,\"name\":\"HILFE &#038; FAQ\"}]},{\"@type\":\"WebSite\",\"@id\":\"https:\\\/\\\/varsys.ch\\\/de\\\/#website\",\"url\":\"https:\\\/\\\/varsys.ch\\\/de\\\/\",\"name\":\"VARSY&#039;S Legenden der Schweiz\",\"description\":\"VARSY&#039;S Legenden der Schweiz\",\"publisher\":{\"@id\":\"https:\\\/\\\/varsys.ch\\\/de\\\/#organization\"},\"potentialAction\":[{\"@type\":\"SearchAction\",\"target\":{\"@type\":\"EntryPoint\",\"urlTemplate\":\"https:\\\/\\\/varsys.ch\\\/de\\\/?s={search_term_string}\"},\"query-input\":{\"@type\":\"PropertyValueSpecification\",\"valueRequired\":true,\"valueName\":\"search_term_string\"}}],\"inLanguage\":\"de\"},{\"@type\":\"Organization\",\"@id\":\"https:\\\/\\\/varsys.ch\\\/de\\\/#organization\",\"name\":\"VARSY'S\",\"url\":\"https:\\\/\\\/varsys.ch\\\/de\\\/\",\"logo\":{\"@type\":\"ImageObject\",\"inLanguage\":\"de\",\"@id\":\"https:\\\/\\\/varsys.ch\\\/de\\\/#\\\/schema\\\/logo\\\/image\\\/\",\"url\":\"https:\\\/\\\/varsys.ch\\\/wp-content\\\/uploads\\\/2018\\\/04\\\/logo.svg\",\"contentUrl\":\"https:\\\/\\\/varsys.ch\\\/wp-content\\\/uploads\\\/2018\\\/04\\\/logo.svg\",\"width\":129,\"height\":117,\"caption\":\"VARSY'S\"},\"image\":{\"@id\":\"https:\\\/\\\/varsys.ch\\\/de\\\/#\\\/schema\\\/logo\\\/image\\\/\"},\"sameAs\":[\"https:\\\/\\\/www.facebook.com\\\/varsys\\\/\",\"https:\\\/\\\/www.instagram.com\\\/varsys\\\/\"],\"description\":\"Swiss-themed gift products celebrating Switzerland's traditions, landmarks, and culture.\"}]}<\/script>\n<!-- \/ Yoast SEO Premium plugin. -->","yoast_head_json":{"title":"HILFE & FAQ &#8212; VARSY&#039;S Legenden der Schweiz","description":"HABEN SIE FRAGEN ODER ANREGUNGEN, DIE NOCH NICHT BEANTWORTET WURDEN? Wir helfen Ihnen gerne! Schreiben Sie uns eine E-mail oder rufen Sie uns an unter +41","robots":{"index":"index","follow":"follow","max-snippet":"max-snippet:-1","max-image-preview":"max-image-preview:large","max-video-preview":"max-video-preview:-1"},"canonical":"https:\/\/varsys.ch\/de\/help-faq\/","og_locale":"de_DE","og_type":"article","og_title":"HILFE & FAQ","og_description":"HABEN SIE FRAGEN ODER ANREGUNGEN, DIE NOCH NICHT BEANTWORTET WURDEN? Wir helfen Ihnen gerne! Schreiben Sie uns eine E-mail oder rufen Sie uns an unter +41","og_url":"https:\/\/varsys.ch\/de\/help-faq\/","og_site_name":"VARSY&#039;S Legenden der Schweiz","article_publisher":"https:\/\/www.facebook.com\/varsys\/","article_modified_time":"2019-11-25T08:52:50+00:00","og_image":[{"width":1000,"height":500,"url":"https:\/\/varsys.ch\/wp-content\/uploads\/2018\/04\/Varsy4FB.png","type":"image\/png"}],"twitter_card":"summary_large_image","twitter_misc":{"Gesch\u00e4tzte Lesezeit":"10\u00a0Minuten"},"schema":{"@context":"https:\/\/schema.org","@graph":[{"@type":"WebPage","@id":"https:\/\/varsys.ch\/de\/help-faq\/","url":"https:\/\/varsys.ch\/de\/help-faq\/","name":"HILFE & FAQ &#8212; VARSY&#039;S Legenden der Schweiz","isPartOf":{"@id":"https:\/\/varsys.ch\/de\/#website"},"datePublished":"2019-04-04T15:55:06+00:00","dateModified":"2019-11-25T08:52:50+00:00","description":"HABEN SIE FRAGEN ODER ANREGUNGEN, DIE NOCH NICHT BEANTWORTET WURDEN? Wir helfen Ihnen gerne! Schreiben Sie uns eine E-mail oder rufen Sie uns an unter +41","breadcrumb":{"@id":"https:\/\/varsys.ch\/de\/help-faq\/#breadcrumb"},"inLanguage":"de","potentialAction":[{"@type":"ReadAction","target":["https:\/\/varsys.ch\/de\/help-faq\/"]}]},{"@type":"BreadcrumbList","@id":"https:\/\/varsys.ch\/de\/help-faq\/#breadcrumb","itemListElement":[{"@type":"ListItem","position":1,"name":"Home","item":"https:\/\/varsys.ch\/de\/"},{"@type":"ListItem","position":2,"name":"HILFE &#038; FAQ"}]},{"@type":"WebSite","@id":"https:\/\/varsys.ch\/de\/#website","url":"https:\/\/varsys.ch\/de\/","name":"VARSY&#039;S Legenden der Schweiz","description":"VARSY&#039;S Legenden der Schweiz","publisher":{"@id":"https:\/\/varsys.ch\/de\/#organization"},"potentialAction":[{"@type":"SearchAction","target":{"@type":"EntryPoint","urlTemplate":"https:\/\/varsys.ch\/de\/?s={search_term_string}"},"query-input":{"@type":"PropertyValueSpecification","valueRequired":true,"valueName":"search_term_string"}}],"inLanguage":"de"},{"@type":"Organization","@id":"https:\/\/varsys.ch\/de\/#organization","name":"VARSY'S","url":"https:\/\/varsys.ch\/de\/","logo":{"@type":"ImageObject","inLanguage":"de","@id":"https:\/\/varsys.ch\/de\/#\/schema\/logo\/image\/","url":"https:\/\/varsys.ch\/wp-content\/uploads\/2018\/04\/logo.svg","contentUrl":"https:\/\/varsys.ch\/wp-content\/uploads\/2018\/04\/logo.svg","width":129,"height":117,"caption":"VARSY'S"},"image":{"@id":"https:\/\/varsys.ch\/de\/#\/schema\/logo\/image\/"},"sameAs":["https:\/\/www.facebook.com\/varsys\/","https:\/\/www.instagram.com\/varsys\/"],"description":"Swiss-themed gift products celebrating Switzerland's traditions, landmarks, and culture."}]}},"_links":{"self":[{"href":"https:\/\/varsys.ch\/de\/wp-json\/wp\/v2\/pages\/5571","targetHints":{"allow":["GET"]}}],"collection":[{"href":"https:\/\/varsys.ch\/de\/wp-json\/wp\/v2\/pages"}],"about":[{"href":"https:\/\/varsys.ch\/de\/wp-json\/wp\/v2\/types\/page"}],"author":[{"embeddable":true,"href":"https:\/\/varsys.ch\/de\/wp-json\/wp\/v2\/users\/70"}],"replies":[{"embeddable":true,"href":"https:\/\/varsys.ch\/de\/wp-json\/wp\/v2\/comments?post=5571"}],"version-history":[{"count":0,"href":"https:\/\/varsys.ch\/de\/wp-json\/wp\/v2\/pages\/5571\/revisions"}],"wp:attachment":[{"href":"https:\/\/varsys.ch\/de\/wp-json\/wp\/v2\/media?parent=5571"}],"curies":[{"name":"wp","href":"https:\/\/api.w.org\/{rel}","templated":true}]}}