{"id":5391,"date":"2018-10-11T10:20:50","date_gmt":"2018-10-11T09:20:50","guid":{"rendered":"https:\/\/varsys.przm.ch\/product\/basel-magnete\/"},"modified":"2023-11-10T02:22:53","modified_gmt":"2023-11-10T01:22:53","slug":"basel-magnete","status":"publish","type":"product","link":"https:\/\/varsys.ch\/de\/product\/basel-magnete\/","title":{"rendered":"Basel Magnete"},"content":{"rendered":"<div class=\"wpb-content-wrapper\"><p>[vc_row css=&#8220;.vc_custom_1517936287595{margin-bottom: 20px !important;}&#8220;][vc_column][vc_column_text]<div class=\"banners-1\">\r\n<div class=\"container\">\r\n<div class=\"banner-box\" style=\"background: url('\/wp-content\/uploads\/2018\/04\/banner-basel-legend.jpg');\">\r\n<div class=\"banner-box-square\" style=\"background: url('\/wp-content\/uploads\/2018\/04\/banner-basel-legend.jpg');\"><\/div>\r\n<div class=\"banner-box-content\">\r\n<div class=\"banner-content\">\r\n<h2>Der Basilisk<\/h2>\r\n \r\n<p><\/p>\r\n<p>An dem verh\u00e4ngnisvollen Tag im Jahre 1474, als ein pechschwarzer Gockel ein grosses, l\u00e4ngliches Ei inmitten der Stadt legte, wussten die Bewohner, dass hieraus ein furchtbares Monster schl\u00fcpfen w\u00fcrde...<\/p>\r\n\r\n<a class=\"btn\" href=\"https:\/\/varsys.ch\/de\/all-legends\/basel\/\" target=\"_blank\" rel=\"noopener noreferrer\">Weiterlesen<\/a>\r\n\r\n<\/div>\r\n<\/div>\r\n<\/div>\r\n<\/div>\r\n<\/div>\n<p>[\/vc_column_text][\/vc_column][\/vc_row][vc_row css=&#8220;.vc_custom_1523903312571{margin-top: 80px !important;margin-bottom: 50px !important;}&#8220;][vc_column][vc_column_text]<\/p>\n<p class=\"p1\"><section class=\"mcart-tabs\">\n  <div class=\"container\">\n    <div class=\"mtabs\">\n      <ul class=\"nav nav-tabs\">\n        <li class=\"active\"><a data-toggle=\"tab\" href=\"#mtab1\"> \u00dcBER DAS PRODUKT <\/a><\/li>\n        <li><a data-toggle=\"tab\" href=\"#mtab2\"> MASSE <\/a><\/li>\n        <li><a data-toggle=\"tab\" href=\"#mtab3\"> MATERIAL <\/a><\/li>\n        <li><a data-toggle=\"tab\" href=\"#mtab4\"> ZERTIFIKAT <\/a><\/li>\n      <\/ul>\n\n      <ul class=\"nav nav-tabs m-mobile\">\n        <li class=\"dropdown\">\n          <a href=\"#\" id=\"myTabDrop1\" class=\"dropdown-toggle\" data-toggle=\"dropdown\">About<b class=\"caret\"><\/b><\/a>\n          <ul class=\"dropdown-menu\" role=\"menu\" aria-labelledby=\"myTabDrop1\">\n            <li><a href=\"#mtab1\" data-toggle=\"tab\"> \u00dcBER DAS PRODUKT <\/a><\/li>\n            <li><a href=\"#mtab2\" data-toggle=\"tab\"> MASSE <\/a><\/li>\n            <li><a href=\"#mtab3\" data-toggle=\"tab\"> MATERIAL <\/a><\/li>\n            <li><a href=\"#mtab4\" data-toggle=\"tab\"> ZERTIFIKAT <\/a><\/li>\n          <\/ul>\n        <\/li>\n      <\/ul>\n\n    <\/div>\n    <div class=\"tab-content\">\n            <div class=\"mtab-accordion-header active\" data-target=\"#mtab1\">About<\/div>\n            <div id=\"mtab1\" class=\"tab-pane fade in active accordion-open\"  style=\"min-height:200px\"><p><p>Alle unsere Produkte werden in der Schweiz unter Verwendung von hochwertigen Premium-Materialien hergestellt. Wir legen grossen Wert darauf, dass Nachhaltigkeit in jedem Schritt des Produktionsprozesses ber\u00fccksichtigt wird. Die haltbare Bedruckung der aus Buchenholz gefertigten Magnete ist wasser- und kratzfest, umweltfreundlich und sicher f\u00fcr Kinder. Wir sind stolz darauf, Produkte mit echtem Schweizer Kulturwert zu erschaffen und wurden daf\u00fcr 2018 mit dem GOOD DESIGN\u00ae Award ausgezeichnet.\r\n<\/p><\/p><\/div>\n      <div class=\"mtab-accordion-header\" data-target=\"#mtab2\">Dimensions<\/div>\n      <div id=\"mtab2\" class=\"tab-pane fade\">\n        <p>70mm x 70mm x 6mm massives Buchenholz<\/p>\n      <\/div>\n      <div class=\"mtab-accordion-header\" data-target=\"#mtab3\">Materials<\/div>\n      <div id=\"mtab3\" class=\"tab-pane fade\">\n        <p>Jeder Magnet Schweiz aus massivem Buchenholz h\u00e4lt dank eines Neodym-Magneten bombenfest und wurde mit umweltfreundlicher und kindersicherer Tinte bedruckt.<\/p>\n      <\/div>\n      <div class=\"mtab-accordion-header\" data-target=\"#mtab4\">Certificates<\/div>\n      <div id=\"mtab4\" class=\"tab-pane fade\">\n        <p>Unsere Tinten sind GREENGUARD Gold zertifiziert, welches sicherstellt, dass unsere Produkte die strengsten Umweltstandards f\u00fcr den Ausstoss von fl\u00fcchtigen organischen Verbindungen (VOC) erf\u00fcllen und somit f\u00fcr die Benutzung von Kindern, in Schulen oder Gesundheitseinrichtungen geeignet sind.<br \/>\r\nProgramm for the Endorsement of Forest Certification (PEFC) zertifiziertes Papier<\/p>\n      <\/div>\n    <\/div>\n  <\/div>\n<\/section><script>\ndocument.addEventListener(\"click\",function(e){\n  if(!e.target.classList.contains(\"mtab-accordion-header\"))return;\n  if(window.innerWidth>767)return;\n  var t=document.querySelector(e.target.getAttribute(\"data-target\"));\n  var o=e.target.classList.contains(\"active\");\n  document.querySelectorAll(\".mtab-accordion-header\").forEach(function(h){h.classList.remove(\"active\")});\n  document.querySelectorAll(\".tab-pane\").forEach(function(p){p.classList.remove(\"accordion-open\")});\n  if(!o){e.target.classList.add(\"active\");t.classList.add(\"accordion-open\")}\n});\n<\/script><\/p>\n<p>[\/vc_column_text][\/vc_column][\/vc_row][vc_row css=&#8220;.vc_custom_1520513241963{margin-bottom: 50px !important;}&#8220;][vc_column][\/vc_column][\/vc_row][vc_section el_class=&#8220;product-insert&#8220;][vc_row el_class=&#8220;category-select-courusel&#8220;][vc_column][vc_column_text]<\/p>\n<div class=\"header-title simple-header-title\">\n<h2 style=\"text-align: center;\">Schweizer Magnete<\/h2>\n<h2 style=\"text-align: center;\">MIT ANDEREN LEGENDEN<\/h2>\n<\/div>\n<p>[\/vc_column_text][\/vc_column][\/vc_row][vc_row el_class=&#8220;category-select-courusel&#8220;][vc_column]<span class=\"old-shortcode\"><div class=\"category-product-carousel\"><div class=\"category-slider\"><div class=\"item\"><a href=\"https:\/\/varsys.ch\/de\/product\/bern-magnete\/\"><img decoding=\"async\" src=\"https:\/\/varsys.ch\/wp-content\/uploads\/2018\/10\/Varsys_Christmas_Ornaments_Bern-324x324.jpg\" alt=\"Bern Magnete\" \/><h4>Bern Magnete<\/h4><\/a><\/div><div class=\"item\"><a href=\"https:\/\/varsys.ch\/de\/product\/genf-magnete\/\"><img decoding=\"async\" src=\"https:\/\/varsys.ch\/wp-content\/uploads\/2018\/10\/Varsys_Christmas_Ornaments_Geneve-324x324.jpg\" alt=\"Genf Magnete\" \/><h4>Genf Magnete<\/h4><\/a><\/div><div class=\"item\"><a href=\"https:\/\/varsys.ch\/de\/product\/interlaken-magnete\/\"><img decoding=\"async\" src=\"https:\/\/varsys.ch\/wp-content\/uploads\/2018\/10\/Varsys_Christmas_Ornaments_Interlaken-324x324.jpg\" alt=\"Interlaken Magnete\" \/><h4>Interlaken Magnete<\/h4><\/a><\/div><div class=\"item\"><a href=\"https:\/\/varsys.ch\/de\/product\/lugano-magnete\/\"><img decoding=\"async\" src=\"https:\/\/varsys.ch\/wp-content\/uploads\/2018\/10\/Varsys_Christmas_Ornaments_Lugano-324x324.jpg\" alt=\"Lugano Magnete\" \/><h4>Lugano Magnete<\/h4><\/a><\/div><div class=\"item\"><a href=\"https:\/\/varsys.ch\/de\/product\/luzern-magnete\/\"><img decoding=\"async\" src=\"https:\/\/varsys.ch\/wp-content\/uploads\/2018\/10\/Varsys_Christmas_Ornaments_Luzern-324x324.jpg\" alt=\"Luzern Magnete\" \/><h4>Luzern Magnete<\/h4><\/a><\/div><div class=\"item\"><a href=\"https:\/\/varsys.ch\/de\/product\/montreux-magnete\/\"><img decoding=\"async\" src=\"https:\/\/varsys.ch\/wp-content\/uploads\/2018\/10\/Varsys_Christmas_Ornaments_Montreux-324x324.jpg\" alt=\"Montreux Magnete\" \/><h4>Montreux Magnete<\/h4><\/a><\/div><div class=\"item\"><a href=\"https:\/\/varsys.ch\/de\/product\/schweiz-magnete\/\"><img decoding=\"async\" src=\"https:\/\/varsys.ch\/wp-content\/uploads\/2018\/10\/Varsys_Christmas_Ornaments_Schweiz-324x324.jpg\" alt=\"Schweiz Magnete\" \/><h4>Schweiz Magnete<\/h4><\/a><\/div><div class=\"item\"><a href=\"https:\/\/varsys.ch\/de\/product\/schweizerkreuz-magnete\/\"><img decoding=\"async\" src=\"https:\/\/varsys.ch\/wp-content\/uploads\/2018\/10\/Varsys_Christmas_Ornaments_Swiss_cross-324x324.jpg\" alt=\"Schweizerkreuz Magnete\" \/><h4>Schweizerkreuz Magnete<\/h4><\/a><\/div><div class=\"item\"><a href=\"https:\/\/varsys.ch\/de\/product\/st-moritz-magnete\/\"><img decoding=\"async\" src=\"https:\/\/varsys.ch\/wp-content\/uploads\/2018\/10\/Varsys_Christmas_Ornaments_StMoritz-324x324.jpg\" alt=\"St. Moritz Magnete\" \/><h4>St. Moritz Magnete<\/h4><\/a><\/div><div class=\"item\"><a href=\"https:\/\/varsys.ch\/de\/product\/wilhelm-tell-magnete\/\"><img decoding=\"async\" src=\"https:\/\/varsys.ch\/wp-content\/uploads\/2018\/10\/Varsys_Wood_Magnets_Wilhelm_Tell-324x324.jpg\" alt=\"Wilhelm Tell Magnete\" \/><h4>Wilhelm Tell Magnete<\/h4><\/a><\/div><div class=\"item\"><a href=\"https:\/\/varsys.ch\/de\/product\/zermatt-magnete\/\"><img decoding=\"async\" src=\"https:\/\/varsys.ch\/wp-content\/uploads\/2018\/10\/Varsys_Christmas_Ornaments_Zermat-324x324.jpg\" alt=\"Zermatt Magnete\" \/><h4>Zermatt Magnete<\/h4><\/a><\/div><div class=\"item\"><a href=\"https:\/\/varsys.ch\/de\/product\/zurich-magnete\/\"><img decoding=\"async\" src=\"https:\/\/varsys.ch\/wp-content\/uploads\/2018\/10\/Varsys_Christmas_Ornaments_Zurich-324x324.jpg\" alt=\"Z\u00fcrich Magnete\" \/><h4>Z\u00fcrich Magnete<\/h4><\/a><\/div><\/div><\/div><div class=\"msep1 carousel-bottom-sep clearfix\" style=\"text-align:center\"><\/div><\/span>[\/vc_column][\/vc_row][vc_row css=&#8220;.vc_custom_1517936287595{margin-bottom: 20px !important;}&#8220;][vc_column][vc_column_text]<div class=\"banners-2 dark\">\r\n<div class=\"container\">\r\n<div class=\"banner-box\" style=\"background: url('\/wp-content\/uploads\/2018\/02\/helping-others-1.jpg');\">\r\n<div class=\"banner-box-square\" style=\"background: url('\/wp-content\/uploads\/2018\/02\/helping-others-1.jpg');\"><\/div>\r\n<div class=\"banner-box-content\">\r\n<div class=\"banner-content\">\r\n<h1>NACHHALTIGKEIT<\/h1>\r\nDie Erhaltung unserer Umwelt ist essenziell f\u00fcr unsere Kinder und nachfolgende Generationen. Deshalb benutzen wir umweltfreundliche und recyclebare Produkte, wann immer es m\u00f6glich ist. Unsere Papierwaren sind FSC\u00ae-zertifiziert, um sicherzustellen, dass sie aus verantwortungsbewusst betriebenen Forstwirtschaften kommen, die sich einem umweltfreundlichen, sozial und \u00f6konomisch bewussten Umgang verschrieben haben.\r\n\r\n<\/div>\r\n<\/div>\r\n<\/div>\r\n<\/div>\r\n<\/div>\r\n\u00a0[\/vc_column_text][\/vc_column][\/vc_row][vc_row css=&#8220;.vc_custom_1517936287595{margin-bottom: 20px !important;}&#8220;][vc_column][vc_column_text]<div class=\"banners-1 dark\">\r\n<div class=\"container\">\r\n<div class=\"banner-box\" style=\"background: url('\/wp-content\/uploads\/2018\/02\/craftmanship_dark.png');\">\r\n<div class=\"banner-box-square\" style=\"background: url('\/wp-content\/uploads\/2018\/02\/craftmanship_dark.png');\"><\/div>\r\n<div class=\"banner-box-content\">\r\n<div class=\"banner-content\">\r\n<h1>HANDWERKSKUNST<\/h1>\r\nWir entwerfen Produkte, die nicht nur sch\u00f6n anzuschauen, sondern auch nachhaltig hergestellt sind - und eine tiefe Bedeutung haben.\r\n<a class=\"btn\" href=\"https:\/\/varsys.ch\/de\/our-story\/craftsmanship\/\">WEITERLESEN<\/a>\r\n\r\n<\/div>\r\n<\/div>\r\n<\/div>\r\n<\/div>\r\n<\/div>[\/vc_column_text][\/vc_column][\/vc_row][\/vc_section][vc_row el_class=&#8220;legend-car&#8220;][vc_column][vc_column_text css=&#8220;.vc_custom_1540144134018{margin-bottom: 0px !important;padding-bottom: 0px !important;}&#8220;]<\/p>\n<div class=\"header-title\">\n<h2 style=\"text-align: center;\">VERLIEBT IN LEGENDEN? DANN M\u00d6GEN SIE VIELLEICHT AUCH DIESE PRODUKTE<\/h2>\n<\/div>\n<p>[\/vc_column_text][vc_column_text]<div class=\"wphtmlblock \" id=\"wphtmlblock-all-category\"><div class=\"wphtmlblock-container \"><section class=\"product-gallery\">\n<div class=\"container\">\n<div class=\"myslider myslider02\">\n<div class=\"item\">\n<p><a href=\"\/?page_id=5094\"><img loading=\"lazy\" decoding=\"async\" class=\"alignnone\" src=\"\/wp-content\/themes\/varsys-child\/assets\/images\/products\/Bundles.jpg\" alt=\"#\" width=\"800\" height=\"800\" \/><\/a><\/p>\n<div class=\"ptitle\">\n<h4>KOMBI-PAKETE<\/h4>\n<p>Wenn eines einfach nicht genug ist<\/p>\n<\/div>\n<\/div>\n<div class=\"item\">\n<p><a href=\"\/?page_id=5113\"><img loading=\"lazy\" decoding=\"async\" src=\"\/wp-content\/uploads\/2018\/02\/Legendbox-limited-800-SET2-WHITE-2018-02-05-1.jpg\" alt=\"#\"  width=\"800\" height=\"800\" \/><\/a><\/p>\n<div class=\"ptitle\">\n<h4>Legendenbox limited<\/h4>\n<p>Sechs Legenden aus handbearbeitetem massiven Buchenholz<\/p>\n<\/div>\n<\/div>\n<div class=\"item\">\n<p><a href=\"\/?page_id=5162\"><img loading=\"lazy\" decoding=\"async\" src=\"\/wp-content\/themes\/varsys-child\/assets\/images\/products\/Legendbox_classic_t.jpg\" alt=\"#\"  width=\"800\" height=\"800\" \/><\/a><\/p>\n<div class=\"ptitle\">\n<h4>Legendenbox classic<\/h4>\n<p>Entdecken Sie sechs Legenden<\/p>\n<\/div>\n<\/div>\n<div class=\"item\">\n<p><a href=\"\/?page_id=5107\"><img loading=\"lazy\" decoding=\"async\" src=\"\/wp-content\/themes\/varsys-child\/assets\/images\/products\/Postcards.jpg\" alt=\"#\"  width=\"800\" height=\"800\" \/><\/a><\/p>\n<div class=\"ptitle\">\n<h4>Postkarten<\/h4>\n<p>Legenden sind zum Teilen da<\/p>\n<\/div>\n<\/div>\n<div class=\"item\">\n<p><a href=\"\/?page_id=5157\"><img loading=\"lazy\" decoding=\"async\" src=\"\/wp-content\/themes\/varsys-child\/assets\/images\/products\/Square_Notebooks.jpg\" alt=\"#\"  width=\"800\" height=\"800\" \/><\/a><\/p>\n<div class=\"ptitle\">\n<h4>Notizb\u00fccher<\/h4>\n<p>Raum f\u00fcr eigene Ideen<\/p>\n<\/div>\n<\/div>\n<div class=\"item\">\n<p><a href=\"\/?page_id=5478\"><img loading=\"lazy\" decoding=\"async\" src=\"\/wp-content\/themes\/varsys-child\/assets\/images\/products\/Square_Select.png\" alt=\"#\"  width=\"800\" height=\"800\" \/><\/a><\/p>\n<div class=\"ptitle\">\n<h4>LEGENDENBOX SELECT<\/h4>\n<p>Entdecken Sie 6 Schweizer Legenden<\/p>\n<\/div>\n<\/div>\n<div class=\"item\">\n<p><a href=\"\/?page_id=5437\"><img loading=\"lazy\" decoding=\"async\" src=\"\/wp-content\/themes\/varsys-child\/assets\/images\/products\/Square_Ornaments.png\" alt=\"#\"  width=\"800\" height=\"800\" \/><\/a><\/p>\n<div class=\"ptitle\">\n<h4>WEIHNACHTSORNAMENTE<\/h4>\n<p>15 festliche Designs zur Auswahl<\/p>\n<\/div>\n<\/div>\n<div class=\"item\">\n<p><a href=\"\/?page_id=5491\"><img loading=\"lazy\" decoding=\"async\" src=\"\/wp-content\/themes\/varsys-child\/assets\/images\/products\/Square_Calendars.png\" alt=\"#\"  width=\"700\" height=\"700\" \/><\/a><\/p>\n<div class=\"ptitle\">\n<h4>KALENDER<\/h4>\n<p>Geniessen Sie das ganze Jahr \u00fcber Schweizer Legenden<\/p>\n<\/div>\n<\/div>\n<div class=\"item\">\n<p><a href=\"\/?page_id=5487\"><img loading=\"lazy\" decoding=\"async\" src=\"\/wp-content\/themes\/varsys-child\/assets\/images\/products\/Square_Christmas.png\" alt=\"#\"  width=\"700\" height=\"700\" \/><\/a><\/p>\n<div class=\"ptitle\">\n<h4>WEIHNACHTSKARTEN<\/h4>\n<p>Teilen Sie Weihnachtsgr\u00fcsse mit Schweizer Kultur<\/p>\n<\/div>\n<\/div>\n<div class=\"item\">\n<p><a href=\"\/?page_id=5494\"><img loading=\"lazy\" decoding=\"async\" src=\"\/wp-content\/themes\/varsys-child\/assets\/images\/products\/Square_Magnets.jpg\" alt=\"#\"  width=\"800\" height=\"800\" \/><\/a><\/p>\n<div class=\"ptitle\">\n<h4>HOLZMAGNETE<\/h4>\n<p>Sofortige Anziehungskraft<\/p>\n<\/div>\n<\/div>\n<div class=\"item\">\n<p><a href=\"\/?page_id=5482\"><img loading=\"lazy\" decoding=\"async\" src=\"\/wp-content\/themes\/varsys-child\/assets\/images\/products\/Square_Colouring.png\" alt=\"#\"  width=\"800\" height=\"800\" \/><\/a><\/p>\n<div class=\"ptitle\">\n<h4>MAL- &amp; GESCHICHTENBUCH<\/h4>\n<p>Erschaffen Sie Ihr eigenes Legend\u00e4res Meisterst\u00fcck<\/p>\n<\/div>\n<\/div>\n<\/div>\n<\/div>\n<\/section>\n<\/div><\/div>[\/vc_column_text][\/vc_column][\/vc_row]<\/p>\n<\/div>","protected":false},"excerpt":{"rendered":"<p>Der Basilisk<\/p>\n","protected":false},"featured_media":5392,"template":"","meta":{"_acf_changed":false,"inline_featured_image":false},"product_brand":[],"product_cat":[1009],"product_tag":[1034],"class_list":{"0":"post-5391","1":"product","2":"type-product","3":"status-publish","4":"has-post-thumbnail","6":"product_cat-wooden-magnets-de","7":"product_tag-wooden-magnets-de","8":"product_shipping_class-shipping-de","10":"first","11":"instock","12":"taxable","13":"shipping-taxable","14":"purchasable","15":"product-type-variable","16":"has-default-attributes"},"acf":[],"yoast_head":"<!-- This site is optimized with the Yoast SEO Premium plugin v26.9 (Yoast SEO v27.3) - https:\/\/yoast.com\/product\/yoast-seo-premium-wordpress\/ -->\n<title>Magnete Schweiz | VARSY\u2019S Schweizer Souvenirs | Basel Basilisk<\/title>\n<meta name=\"description\" content=\"Schweizer Legenden f\u00fcr Ihr zu Hause. VARSY\u2019S legend\u00e4re Basel Magnete sind das perfekte Schweizer Geschenk \u2013 liebevoll in der Schweiz hergestellt, originell und praktisch\" \/>\n<meta name=\"robots\" content=\"index, follow, max-snippet:-1, max-image-preview:large, max-video-preview:-1\" \/>\n<link rel=\"canonical\" href=\"https:\/\/varsys.ch\/de\/product\/basel-magnete\/\" \/>\n<meta property=\"og:locale\" content=\"de_DE\" \/>\n<meta property=\"og:type\" content=\"article\" \/>\n<meta property=\"og:title\" content=\"Basel Magnete\" \/>\n<meta property=\"og:description\" content=\"Schweizer Legenden f\u00fcr Ihr zu Hause. VARSY\u2019S legend\u00e4re Basel Magnete sind das perfekte Schweizer Geschenk \u2013 liebevoll in der Schweiz hergestellt, originell und praktisch\" \/>\n<meta property=\"og:url\" content=\"https:\/\/varsys.ch\/de\/product\/basel-magnete\/\" \/>\n<meta property=\"og:site_name\" content=\"VARSY&#039;S Legenden der Schweiz\" \/>\n<meta property=\"article:publisher\" content=\"https:\/\/www.facebook.com\/varsys\/\" \/>\n<meta property=\"article:modified_time\" content=\"2023-11-10T01:22:53+00:00\" \/>\n<meta property=\"og:image\" content=\"https:\/\/varsys.ch\/wp-content\/uploads\/2018\/10\/Varsys_Christmas_Ornaments_Basel.jpg\" \/>\n\t<meta property=\"og:image:width\" content=\"800\" \/>\n\t<meta property=\"og:image:height\" content=\"800\" \/>\n\t<meta property=\"og:image:type\" content=\"image\/jpeg\" \/>\n<meta name=\"twitter:card\" content=\"summary_large_image\" \/>\n<meta name=\"twitter:label1\" content=\"Gesch\u00e4tzte Lesezeit\" \/>\n\t<meta name=\"twitter:data1\" content=\"1\u00a0Minute\" \/>\n<script type=\"application\/ld+json\" class=\"yoast-schema-graph\">{\"@context\":\"https:\\\/\\\/schema.org\",\"@graph\":[{\"@type\":\"WebPage\",\"@id\":\"https:\\\/\\\/varsys.ch\\\/de\\\/product\\\/basel-magnete\\\/\",\"url\":\"https:\\\/\\\/varsys.ch\\\/de\\\/product\\\/basel-magnete\\\/\",\"name\":\"Magnete Schweiz | VARSY\u2019S Schweizer Souvenirs | Basel Basilisk\",\"isPartOf\":{\"@id\":\"https:\\\/\\\/varsys.ch\\\/de\\\/#website\"},\"primaryImageOfPage\":{\"@id\":\"https:\\\/\\\/varsys.ch\\\/de\\\/product\\\/basel-magnete\\\/#primaryimage\"},\"image\":{\"@id\":\"https:\\\/\\\/varsys.ch\\\/de\\\/product\\\/basel-magnete\\\/#primaryimage\"},\"thumbnailUrl\":\"https:\\\/\\\/varsys.ch\\\/wp-content\\\/uploads\\\/2018\\\/10\\\/Varsys_Christmas_Ornaments_Basel.jpg\",\"datePublished\":\"2018-10-11T09:20:50+00:00\",\"dateModified\":\"2023-11-10T01:22:53+00:00\",\"description\":\"Schweizer Legenden f\u00fcr Ihr zu Hause. VARSY\u2019S legend\u00e4re Basel Magnete sind das perfekte Schweizer Geschenk \u2013 liebevoll in der Schweiz hergestellt, originell und praktisch\",\"breadcrumb\":{\"@id\":\"https:\\\/\\\/varsys.ch\\\/de\\\/product\\\/basel-magnete\\\/#breadcrumb\"},\"inLanguage\":\"de\",\"potentialAction\":[{\"@type\":\"ReadAction\",\"target\":[\"https:\\\/\\\/varsys.ch\\\/de\\\/product\\\/basel-magnete\\\/\"]}]},{\"@type\":\"ImageObject\",\"inLanguage\":\"de\",\"@id\":\"https:\\\/\\\/varsys.ch\\\/de\\\/product\\\/basel-magnete\\\/#primaryimage\",\"url\":\"https:\\\/\\\/varsys.ch\\\/wp-content\\\/uploads\\\/2018\\\/10\\\/Varsys_Christmas_Ornaments_Basel.jpg\",\"contentUrl\":\"https:\\\/\\\/varsys.ch\\\/wp-content\\\/uploads\\\/2018\\\/10\\\/Varsys_Christmas_Ornaments_Basel.jpg\",\"width\":800,\"height\":800},{\"@type\":\"BreadcrumbList\",\"@id\":\"https:\\\/\\\/varsys.ch\\\/de\\\/product\\\/basel-magnete\\\/#breadcrumb\",\"itemListElement\":[{\"@type\":\"ListItem\",\"position\":1,\"name\":\"Home\",\"item\":\"https:\\\/\\\/varsys.ch\\\/de\\\/\"},{\"@type\":\"ListItem\",\"position\":2,\"name\":\"Shop\",\"item\":\"https:\\\/\\\/varsys.ch\\\/de\\\/shop\\\/\"},{\"@type\":\"ListItem\",\"position\":3,\"name\":\"Basel Magnete\"}]},{\"@type\":\"WebSite\",\"@id\":\"https:\\\/\\\/varsys.ch\\\/de\\\/#website\",\"url\":\"https:\\\/\\\/varsys.ch\\\/de\\\/\",\"name\":\"VARSY&#039;S Legenden der Schweiz\",\"description\":\"VARSY&#039;S Legenden der Schweiz\",\"publisher\":{\"@id\":\"https:\\\/\\\/varsys.ch\\\/de\\\/#organization\"},\"potentialAction\":[{\"@type\":\"SearchAction\",\"target\":{\"@type\":\"EntryPoint\",\"urlTemplate\":\"https:\\\/\\\/varsys.ch\\\/de\\\/?s={search_term_string}\"},\"query-input\":{\"@type\":\"PropertyValueSpecification\",\"valueRequired\":true,\"valueName\":\"search_term_string\"}}],\"inLanguage\":\"de\"},{\"@type\":\"Organization\",\"@id\":\"https:\\\/\\\/varsys.ch\\\/de\\\/#organization\",\"name\":\"VARSY'S\",\"url\":\"https:\\\/\\\/varsys.ch\\\/de\\\/\",\"logo\":{\"@type\":\"ImageObject\",\"inLanguage\":\"de\",\"@id\":\"https:\\\/\\\/varsys.ch\\\/de\\\/#\\\/schema\\\/logo\\\/image\\\/\",\"url\":\"https:\\\/\\\/varsys.ch\\\/wp-content\\\/uploads\\\/2018\\\/04\\\/logo.svg\",\"contentUrl\":\"https:\\\/\\\/varsys.ch\\\/wp-content\\\/uploads\\\/2018\\\/04\\\/logo.svg\",\"width\":129,\"height\":117,\"caption\":\"VARSY'S\"},\"image\":{\"@id\":\"https:\\\/\\\/varsys.ch\\\/de\\\/#\\\/schema\\\/logo\\\/image\\\/\"},\"sameAs\":[\"https:\\\/\\\/www.facebook.com\\\/varsys\\\/\",\"https:\\\/\\\/www.instagram.com\\\/varsys\\\/\"],\"description\":\"Swiss-themed gift products celebrating Switzerland's traditions, landmarks, and culture.\"}]}<\/script>\n<!-- \/ Yoast SEO Premium plugin. -->","yoast_head_json":{"title":"Magnete Schweiz | VARSY\u2019S Schweizer Souvenirs | Basel Basilisk","description":"Schweizer Legenden f\u00fcr Ihr zu Hause. VARSY\u2019S legend\u00e4re Basel Magnete sind das perfekte Schweizer Geschenk \u2013 liebevoll in der Schweiz hergestellt, originell und praktisch","robots":{"index":"index","follow":"follow","max-snippet":"max-snippet:-1","max-image-preview":"max-image-preview:large","max-video-preview":"max-video-preview:-1"},"canonical":"https:\/\/varsys.ch\/de\/product\/basel-magnete\/","og_locale":"de_DE","og_type":"article","og_title":"Basel Magnete","og_description":"Schweizer Legenden f\u00fcr Ihr zu Hause. VARSY\u2019S legend\u00e4re Basel Magnete sind das perfekte Schweizer Geschenk \u2013 liebevoll in der Schweiz hergestellt, originell und praktisch","og_url":"https:\/\/varsys.ch\/de\/product\/basel-magnete\/","og_site_name":"VARSY&#039;S Legenden der Schweiz","article_publisher":"https:\/\/www.facebook.com\/varsys\/","article_modified_time":"2023-11-10T01:22:53+00:00","og_image":[{"width":800,"height":800,"url":"https:\/\/varsys.ch\/wp-content\/uploads\/2018\/10\/Varsys_Christmas_Ornaments_Basel.jpg","type":"image\/jpeg"}],"twitter_card":"summary_large_image","twitter_misc":{"Gesch\u00e4tzte Lesezeit":"1\u00a0Minute"},"schema":{"@context":"https:\/\/schema.org","@graph":[{"@type":"WebPage","@id":"https:\/\/varsys.ch\/de\/product\/basel-magnete\/","url":"https:\/\/varsys.ch\/de\/product\/basel-magnete\/","name":"Magnete Schweiz | VARSY\u2019S Schweizer Souvenirs | Basel Basilisk","isPartOf":{"@id":"https:\/\/varsys.ch\/de\/#website"},"primaryImageOfPage":{"@id":"https:\/\/varsys.ch\/de\/product\/basel-magnete\/#primaryimage"},"image":{"@id":"https:\/\/varsys.ch\/de\/product\/basel-magnete\/#primaryimage"},"thumbnailUrl":"https:\/\/varsys.ch\/wp-content\/uploads\/2018\/10\/Varsys_Christmas_Ornaments_Basel.jpg","datePublished":"2018-10-11T09:20:50+00:00","dateModified":"2023-11-10T01:22:53+00:00","description":"Schweizer Legenden f\u00fcr Ihr zu Hause. VARSY\u2019S legend\u00e4re Basel Magnete sind das perfekte Schweizer Geschenk \u2013 liebevoll in der Schweiz hergestellt, originell und praktisch","breadcrumb":{"@id":"https:\/\/varsys.ch\/de\/product\/basel-magnete\/#breadcrumb"},"inLanguage":"de","potentialAction":[{"@type":"ReadAction","target":["https:\/\/varsys.ch\/de\/product\/basel-magnete\/"]}]},{"@type":"ImageObject","inLanguage":"de","@id":"https:\/\/varsys.ch\/de\/product\/basel-magnete\/#primaryimage","url":"https:\/\/varsys.ch\/wp-content\/uploads\/2018\/10\/Varsys_Christmas_Ornaments_Basel.jpg","contentUrl":"https:\/\/varsys.ch\/wp-content\/uploads\/2018\/10\/Varsys_Christmas_Ornaments_Basel.jpg","width":800,"height":800},{"@type":"BreadcrumbList","@id":"https:\/\/varsys.ch\/de\/product\/basel-magnete\/#breadcrumb","itemListElement":[{"@type":"ListItem","position":1,"name":"Home","item":"https:\/\/varsys.ch\/de\/"},{"@type":"ListItem","position":2,"name":"Shop","item":"https:\/\/varsys.ch\/de\/shop\/"},{"@type":"ListItem","position":3,"name":"Basel Magnete"}]},{"@type":"WebSite","@id":"https:\/\/varsys.ch\/de\/#website","url":"https:\/\/varsys.ch\/de\/","name":"VARSY&#039;S Legenden der Schweiz","description":"VARSY&#039;S Legenden der Schweiz","publisher":{"@id":"https:\/\/varsys.ch\/de\/#organization"},"potentialAction":[{"@type":"SearchAction","target":{"@type":"EntryPoint","urlTemplate":"https:\/\/varsys.ch\/de\/?s={search_term_string}"},"query-input":{"@type":"PropertyValueSpecification","valueRequired":true,"valueName":"search_term_string"}}],"inLanguage":"de"},{"@type":"Organization","@id":"https:\/\/varsys.ch\/de\/#organization","name":"VARSY'S","url":"https:\/\/varsys.ch\/de\/","logo":{"@type":"ImageObject","inLanguage":"de","@id":"https:\/\/varsys.ch\/de\/#\/schema\/logo\/image\/","url":"https:\/\/varsys.ch\/wp-content\/uploads\/2018\/04\/logo.svg","contentUrl":"https:\/\/varsys.ch\/wp-content\/uploads\/2018\/04\/logo.svg","width":129,"height":117,"caption":"VARSY'S"},"image":{"@id":"https:\/\/varsys.ch\/de\/#\/schema\/logo\/image\/"},"sameAs":["https:\/\/www.facebook.com\/varsys\/","https:\/\/www.instagram.com\/varsys\/"],"description":"Swiss-themed gift products celebrating Switzerland's traditions, landmarks, and culture."}]}},"_links":{"self":[{"href":"https:\/\/varsys.ch\/de\/wp-json\/wp\/v2\/product\/5391","targetHints":{"allow":["GET"]}}],"collection":[{"href":"https:\/\/varsys.ch\/de\/wp-json\/wp\/v2\/product"}],"about":[{"href":"https:\/\/varsys.ch\/de\/wp-json\/wp\/v2\/types\/product"}],"wp:featuredmedia":[{"embeddable":true,"href":"https:\/\/varsys.ch\/de\/wp-json\/wp\/v2\/media\/5392"}],"wp:attachment":[{"href":"https:\/\/varsys.ch\/de\/wp-json\/wp\/v2\/media?parent=5391"}],"wp:term":[{"taxonomy":"product_brand","embeddable":true,"href":"https:\/\/varsys.ch\/de\/wp-json\/wp\/v2\/product_brand?post=5391"},{"taxonomy":"product_cat","embeddable":true,"href":"https:\/\/varsys.ch\/de\/wp-json\/wp\/v2\/product_cat?post=5391"},{"taxonomy":"product_tag","embeddable":true,"href":"https:\/\/varsys.ch\/de\/wp-json\/wp\/v2\/product_tag?post=5391"}],"curies":[{"name":"wp","href":"https:\/\/api.w.org\/{rel}","templated":true}]}}